{"id":4682,"date":"2019-08-13T08:40:38","date_gmt":"2019-08-13T08:40:38","guid":{"rendered":"http:\/\/gr1993records.magex.hu\/?page_id=4682"},"modified":"2026-04-01T12:12:18","modified_gmt":"2026-04-01T10:12:18","slug":"horgas-eszter","status":"publish","type":"page","link":"https:\/\/gr1993records.com\/index.php\/eloadok\/horgas-eszter\/","title":{"rendered":"Horgas Eszter"},"content":{"rendered":"<p>[vc_row][vc_column][vc_custom_heading title_font_size=&#8221;fs36&#8243; source=&#8221;post_title&#8221; use_theme_fonts=&#8221;yes&#8221; el_class=&#8221;mb60 mb30-md&#8221;][\/vc_column][\/vc_row][vc_row][vc_column width=&#8221;1\/2&#8243;][vc_column_text]A m\u0171v\u00e9szetek m\u00e1r gyerekkor\u00e1ban nagy hat\u00e1st gyakoroltak r\u00e1. \u00cdr\u00f3 \u00e9desanyja \u00e9s k\u00f6lt\u0151 \u00e9desapja nevel\u00e9se sor\u00e1n a kezdetekt\u0151l fogva \u00e9let\u00e9nek r\u00e9sze lett az irodalom \u00e9s a zene.<\/p>\n<p>A Liszt Ferenc Zenem\u0171v\u00e9szeti F\u0151iskol\u00e1n szerzett diplom\u00e1t, tan\u00e1rai Kov\u00e1cs L\u00f3r\u00e1nt \u00e9s Seb\u0151k Erika fuvolam\u0171v\u00e9szek, valamint Kurt\u00e1g Gy\u00f6rgy \u00e9s Rados Ferenc kamarazene-professzorok voltak. 1987-ben Adorj\u00e1n Andr\u00e1s sv\u00e1jci fuvolakurzus\u00e1nak \u00f6szt\u00f6nd\u00edjasa, 1987-t\u0151l t\u00f6bbsz\u00f6r szerepel a Liszt Ferenc Kamarazenekar \u00e9s a Budapesti Fesztiv\u00e1lzenekar koncertjein. 1989-ben Jean-Pierre Rampal kurzus\u00e1nak \u00f6szt\u00f6nd\u00edjasa. 1992-t\u0151l a Weiner Le\u00f3 Zenem\u0171v\u00e9szeti Szakk\u00f6z\u00e9piskola faf\u00fav\u00f3s tansz\u00e9kvezet\u0151je. Alap\u00edt\u00f3ja az 1992-ben alakult FORR\u00c1S Kamarazenei M\u0171helynek.[\/vc_column_text][\/vc_column][vc_column width=&#8221;1\/2&#8243;][vc_single_image image=&#8221;4700&#8243; img_size=&#8221;large&#8221;][\/vc_column][\/vc_row][vc_row][vc_column][vc_column_text]T\u00f6bb nagysiker\u0171 sz\u00f3l\u00f3estet tartott a Zeneakad\u00e9mia nagyterm\u00e9ben. Olyan zenekarok k\u00f6zrem\u0171k\u00f6d\u00e9s\u00e9vel sz\u00f3laltatott versenym\u0171veket, mint a Liszt Ferenc Kamarazenekar, a Budapesti Von\u00f3sok, az Amadinda \u00dct\u0151egy\u00fcttes, a M\u00c1V Szimf\u00f3nikus Zenekar, olyan kival\u00f3 m\u0171v\u00e9szek voltak partnerei az elm\u00falt \u00e9vek hangversenyein &#8211; a teljess\u00e9g ig\u00e9nye n\u00e9lk\u00fcl -, mint Kocsis Zolt\u00e1n, Per\u00e9nyi Mikl\u00f3s, Rolla J\u00e1nos, Luk\u00e1cs Ervin, Konr\u00e1d Gy\u00f6rgy, a Bart\u00f3k Von\u00f3sn\u00e9gyes. Az elm\u00falt \u00e9vekben h\u00e1rom sz\u00f3l\u00f3lemezt k\u00e9sz\u00edtett V\u00edgh Andrea h\u00e1rfam\u0171v\u00e9sszel a Capriccio kiad\u00f3n\u00e1l. 1992 \u00f3ta sz\u00f3listak\u00e9nt koncertezik Magyarorsz\u00e1gon \u00e9s k\u00fclf\u00f6ld\u00f6n egyar\u00e1nt.<\/p>\n<p>A klasszikus zenei hangversenyek mellett hoszz\u00fa id\u0151 \u00f3ta t\u00f6rekszik k\u00fcl\u00f6nleges produkci\u00f3k megval\u00f3s\u00edt\u00e1s\u00e1ra. \u00cdgy l\u00e1thattuk \u00d5t a sz\u00ednh\u00e1z vil\u00e1g\u00e1ban G\u00e1ti Oszk\u00e1rral, valamint a Th\u00e1lia St\u00fadi\u00f3 \u00e1ltal bemutatott sz\u00f3l\u00f3esten V\u00edgh Andre\u00e1val \u00e9s Sztevanovity Dus\u00e1nnal. Els\u0151 jazz-lemez\u00e9n az orsz\u00e1g kiemelked\u0151 muzsikusaival egy\u00fctt bizony\u00edthatta ez ir\u00e1ny\u00fa k\u00e9pess\u00e9geit.<\/p>\n<p>2000. janu\u00e1rj\u00e1ban megalap\u00edtotta a Class Jazz Band-et, tagjai Vuk\u00e1n Gy\u00f6rgy \u00e9s a nev\u00e9vel f\u00e9mjelzett jazz tri\u00f3. Sz\u00e1mos orsz\u00e1gos turn\u00e9 alkalm\u00e1val, vil\u00e1gszt\u00e1rok k\u00f6zrem\u0171k\u00f6d\u00e9s\u00e9vel, telth\u00e1zas koncerteken hallhatta \u00d5ket a k\u00f6z\u00f6ns\u00e9g.<\/p>\n<p>Kiemelked\u0151 pillanat volt azonban az egy\u00fcttes t\u00f6rt\u00e9net\u00e9ben a 2001. janu\u00e1r 5-\u00e9n \u00e9s 6-\u00e1n megrendez\u00e9sre ker\u00fcl\u0151 monstre Zeneakad\u00e9miai hangverseny, melynek szt\u00e1rvend\u00e9gei Winand G\u00e1bor \u00e9s Tony Lakatos voltak. A produkci\u00f3 n\u00e9pszer\u0171s\u00e9g\u00e9t jelzi, hogy a bel\u00e9p\u0151jegyek, m\u00e1r h\u00f3napokkal a koncert el\u0151tt elkeltek, a helysz\u00ednen pedig fergeteges siker fogadta a m\u0171v\u00e9szeket.<\/p>\n<p>A cross-over m\u0171fajban el\u00e9rt hatalmas sikerekre alapozva, az elk\u00f6vetkezend\u0151 k\u00e9t \u00e9vben Horgas Eszter n\u00e9gy sz\u00f3l\u00f3lemezb\u0151l \u00e1ll\u00f3 gy\u00fcjtem\u00e9nyt tervez megjelentetni, melynek mindegyike m\u00e1s-m\u00e1s m\u0171fajban sz\u00f3lal meg. A jazzt, a klasszik\u00e1t, Piazzolla zen\u00e9j\u00e9t, valamit egy fiatalon felfedezett zeneszerz\u0151 popul\u00e1risabb jazz ir\u00e1nyzat\u00e1t foglalja mag\u00e1ba.<\/p>\n<p>A fiatal fuvolam\u0171v\u00e9szn\u0151 sz\u00e1m\u00e1ra az elm\u00falt id\u0151szak mind szakmai, mind k\u00f6z\u00f6ns\u00e9gsikerekben b\u0151velkedett. E sikerek bebizony\u00edtott\u00e1k produkci\u00f3inak nemzetk\u00f6zi sz\u00ednpadokon is helyt\u00e1ll\u00f3, magas sz\u00ednvonal\u00e1t, \u00e9retts\u00e9g\u00e9t.[\/vc_column_text][vc_separator][vc_column_text]<a href=\"http:\/\/horgaseszter.hu\/\" target=\"_blank\" rel=\"noopener noreferrer\"><strong>El\u0151ad\u00f3 hivatalos oldala<\/strong><\/a>[\/vc_column_text][vc_separator][\/vc_column][\/vc_row][vc_row][vc_column][vc_empty_space][vc_column_text]<\/p>\n<h2 class=\"vc_custom_heading mb60 mb30-md fs36\"><span class=\"text-wrap\">El\u0151ad\u00f3hoz kapcsol\u00f3d\u00f3 kiadv\u00e1nyok<\/span><\/h2>\n<p>[\/vc_column_text][vc_basic_grid post_type=&#8221;product&#8221; max_items=&#8221;-1&#8243; element_width=&#8221;3&#8243; item=&#8221;5015&#8243; grid_id=&#8221;vc_gid:1775038319536-250fe077-7b55-5&#8243; taxonomies=&#8221;139&#8243;][\/vc_column][\/vc_row]<\/p>","protected":false},"excerpt":{"rendered":"<p>[vc_row][vc_column][vc_custom_heading title_font_size=&#8221;fs36&#8243; source=&#8221;post_title&#8221; use_theme_fonts=&#8221;yes&#8221; el_class=&#8221;mb60 mb30-md&#8221;][\/vc_column][\/vc_row][vc_row][vc_column width=&#8221;1\/2&#8243;][vc_column_text]A m\u0171v\u00e9szetek m\u00e1r gyerekkor\u00e1ban nagy hat\u00e1st gyakoroltak r\u00e1. \u00cdr\u00f3 \u00e9desanyja \u00e9s k\u00f6lt\u0151 \u00e9desapja nevel\u00e9se sor\u00e1n a kezdetekt\u0151l fogva \u00e9let\u00e9nek r\u00e9sze lett az irodalom \u00e9s a zene. A Liszt Ferenc Zenem\u0171v\u00e9szeti F\u0151iskol\u00e1n szerzett diplom\u00e1t, tan\u00e1rai Kov\u00e1cs L\u00f3r\u00e1nt \u00e9s Seb\u0151k Erika fuvolam\u0171v\u00e9szek, valamint Kurt\u00e1g Gy\u00f6rgy \u00e9s Rados Ferenc kamarazene-professzorok voltak. 1987-ben [&hellip;]<\/p>\n","protected":false},"author":2,"featured_media":4700,"parent":4565,"menu_order":8,"comment_status":"closed","ping_status":"closed","template":"","meta":{"footnotes":""},"categories":[128],"tags":[],"class_list":["post-4682","page","type-page","status-publish","has-post-thumbnail","hentry","category-artists"],"yoast_head":"<!-- This site is optimized with the Yoast SEO plugin v27.2 - https:\/\/yoast.com\/product\/yoast-seo-wordpress\/ -->\n<title>Horgas Eszter &#8211; GR1993 Records<\/title>\n<meta name=\"robots\" content=\"index, follow, max-snippet:-1, max-image-preview:large, max-video-preview:-1\" \/>\n<link rel=\"canonical\" href=\"https:\/\/gr1993records.com\/index.php\/eloadok\/horgas-eszter\/\" \/>\n<meta property=\"og:locale\" content=\"hu_HU\" \/>\n<meta property=\"og:type\" content=\"article\" \/>\n<meta property=\"og:title\" content=\"Horgas Eszter &#8211; GR1993 Records\" \/>\n<meta property=\"og:description\" content=\"[vc_row][vc_column][vc_custom_heading title_font_size=&#8221;fs36&#8243; source=&#8221;post_title&#8221; use_theme_fonts=&#8221;yes&#8221; el_class=&#8221;mb60 mb30-md&#8221;][\/vc_column][\/vc_row][vc_row][vc_column width=&#8221;1\/2&#8243;][vc_column_text]A m\u0171v\u00e9szetek m\u00e1r gyerekkor\u00e1ban nagy hat\u00e1st gyakoroltak r\u00e1. \u00cdr\u00f3 \u00e9desanyja \u00e9s k\u00f6lt\u0151 \u00e9desapja nevel\u00e9se sor\u00e1n a kezdetekt\u0151l fogva \u00e9let\u00e9nek r\u00e9sze lett az irodalom \u00e9s a zene. A Liszt Ferenc Zenem\u0171v\u00e9szeti F\u0151iskol\u00e1n szerzett diplom\u00e1t, tan\u00e1rai Kov\u00e1cs L\u00f3r\u00e1nt \u00e9s Seb\u0151k Erika fuvolam\u0171v\u00e9szek, valamint Kurt\u00e1g Gy\u00f6rgy \u00e9s Rados Ferenc kamarazene-professzorok voltak. 1987-ben [&hellip;]\" \/>\n<meta property=\"og:url\" content=\"https:\/\/gr1993records.com\/index.php\/eloadok\/horgas-eszter\/\" \/>\n<meta property=\"og:site_name\" content=\"GR1993 Records\" \/>\n<meta property=\"article:publisher\" content=\"https:\/\/www.facebook.com\/GR1993Records-113564886691383\/\" \/>\n<meta property=\"article:modified_time\" content=\"2026-04-01T10:12:18+00:00\" \/>\n<meta property=\"og:image\" content=\"https:\/\/gr1993records.com\/wp-content\/uploads\/2019\/08\/horgas_eszter.jpg\" \/>\n\t<meta property=\"og:image:width\" content=\"1107\" \/>\n\t<meta property=\"og:image:height\" content=\"770\" \/>\n\t<meta property=\"og:image:type\" content=\"image\/jpeg\" \/>\n<meta name=\"twitter:card\" content=\"summary_large_image\" \/>\n<meta name=\"twitter:label1\" content=\"Becs\u00fclt olvas\u00e1si id\u0151\" \/>\n\t<meta name=\"twitter:data1\" content=\"3 perc\" \/>\n<script type=\"application\/ld+json\" class=\"yoast-schema-graph\">{\"@context\":\"https:\/\/schema.org\",\"@graph\":[{\"@type\":\"WebPage\",\"@id\":\"https:\/\/gr1993records.com\/index.php\/eloadok\/horgas-eszter\/\",\"url\":\"https:\/\/gr1993records.com\/index.php\/eloadok\/horgas-eszter\/\",\"name\":\"Horgas Eszter &#8211; GR1993 Records\",\"isPartOf\":{\"@id\":\"https:\/\/gr1993records.com\/#website\"},\"primaryImageOfPage\":{\"@id\":\"https:\/\/gr1993records.com\/index.php\/eloadok\/horgas-eszter\/#primaryimage\"},\"image\":{\"@id\":\"https:\/\/gr1993records.com\/index.php\/eloadok\/horgas-eszter\/#primaryimage\"},\"thumbnailUrl\":\"https:\/\/gr1993records.com\/wp-content\/uploads\/2019\/08\/horgas_eszter.jpg\",\"datePublished\":\"2019-08-13T08:40:38+00:00\",\"dateModified\":\"2026-04-01T10:12:18+00:00\",\"breadcrumb\":{\"@id\":\"https:\/\/gr1993records.com\/index.php\/eloadok\/horgas-eszter\/#breadcrumb\"},\"inLanguage\":\"hu\",\"potentialAction\":[{\"@type\":\"ReadAction\",\"target\":[\"https:\/\/gr1993records.com\/index.php\/eloadok\/horgas-eszter\/\"]}]},{\"@type\":\"ImageObject\",\"inLanguage\":\"hu\",\"@id\":\"https:\/\/gr1993records.com\/index.php\/eloadok\/horgas-eszter\/#primaryimage\",\"url\":\"https:\/\/gr1993records.com\/wp-content\/uploads\/2019\/08\/horgas_eszter.jpg\",\"contentUrl\":\"https:\/\/gr1993records.com\/wp-content\/uploads\/2019\/08\/horgas_eszter.jpg\",\"width\":1107,\"height\":770,\"caption\":\"Fuvolam\u0171v\u00e9sz\"},{\"@type\":\"BreadcrumbList\",\"@id\":\"https:\/\/gr1993records.com\/index.php\/eloadok\/horgas-eszter\/#breadcrumb\",\"itemListElement\":[{\"@type\":\"ListItem\",\"position\":1,\"name\":\"Home\",\"item\":\"https:\/\/gr1993records.com\/\"},{\"@type\":\"ListItem\",\"position\":2,\"name\":\"El\u0151ad\u00f3k\",\"item\":\"https:\/\/gr1993records.com\/index.php\/eloadok\/?lang=en\"},{\"@type\":\"ListItem\",\"position\":3,\"name\":\"Horgas Eszter\"}]},{\"@type\":\"WebSite\",\"@id\":\"https:\/\/gr1993records.com\/#website\",\"url\":\"https:\/\/gr1993records.com\/\",\"name\":\"GR1993 Records\",\"description\":\"\",\"publisher\":{\"@id\":\"https:\/\/gr1993records.com\/#organization\"},\"potentialAction\":[{\"@type\":\"SearchAction\",\"target\":{\"@type\":\"EntryPoint\",\"urlTemplate\":\"https:\/\/gr1993records.com\/?s={search_term_string}\"},\"query-input\":{\"@type\":\"PropertyValueSpecification\",\"valueRequired\":true,\"valueName\":\"search_term_string\"}}],\"inLanguage\":\"hu\"},{\"@type\":\"Organization\",\"@id\":\"https:\/\/gr1993records.com\/#organization\",\"name\":\"Gramy-H Ltd.\",\"url\":\"https:\/\/gr1993records.com\/\",\"logo\":{\"@type\":\"ImageObject\",\"inLanguage\":\"hu\",\"@id\":\"https:\/\/gr1993records.com\/#\/schema\/logo\/image\/\",\"url\":\"https:\/\/gr1993records.com\/wp-content\/uploads\/2019\/08\/GR1993_Records_logo_CC.png\",\"contentUrl\":\"https:\/\/gr1993records.com\/wp-content\/uploads\/2019\/08\/GR1993_Records_logo_CC.png\",\"width\":2900,\"height\":2001,\"caption\":\"Gramy-H Ltd.\"},\"image\":{\"@id\":\"https:\/\/gr1993records.com\/#\/schema\/logo\/image\/\"},\"sameAs\":[\"https:\/\/www.facebook.com\/GR1993Records-113564886691383\/\"]}]}<\/script>\n<!-- \/ Yoast SEO plugin. -->","yoast_head_json":{"title":"Horgas Eszter &#8211; GR1993 Records","robots":{"index":"index","follow":"follow","max-snippet":"max-snippet:-1","max-image-preview":"max-image-preview:large","max-video-preview":"max-video-preview:-1"},"canonical":"https:\/\/gr1993records.com\/index.php\/eloadok\/horgas-eszter\/","og_locale":"hu_HU","og_type":"article","og_title":"Horgas Eszter &#8211; GR1993 Records","og_description":"[vc_row][vc_column][vc_custom_heading title_font_size=&#8221;fs36&#8243; source=&#8221;post_title&#8221; use_theme_fonts=&#8221;yes&#8221; el_class=&#8221;mb60 mb30-md&#8221;][\/vc_column][\/vc_row][vc_row][vc_column width=&#8221;1\/2&#8243;][vc_column_text]A m\u0171v\u00e9szetek m\u00e1r gyerekkor\u00e1ban nagy hat\u00e1st gyakoroltak r\u00e1. \u00cdr\u00f3 \u00e9desanyja \u00e9s k\u00f6lt\u0151 \u00e9desapja nevel\u00e9se sor\u00e1n a kezdetekt\u0151l fogva \u00e9let\u00e9nek r\u00e9sze lett az irodalom \u00e9s a zene. A Liszt Ferenc Zenem\u0171v\u00e9szeti F\u0151iskol\u00e1n szerzett diplom\u00e1t, tan\u00e1rai Kov\u00e1cs L\u00f3r\u00e1nt \u00e9s Seb\u0151k Erika fuvolam\u0171v\u00e9szek, valamint Kurt\u00e1g Gy\u00f6rgy \u00e9s Rados Ferenc kamarazene-professzorok voltak. 1987-ben [&hellip;]","og_url":"https:\/\/gr1993records.com\/index.php\/eloadok\/horgas-eszter\/","og_site_name":"GR1993 Records","article_publisher":"https:\/\/www.facebook.com\/GR1993Records-113564886691383\/","article_modified_time":"2026-04-01T10:12:18+00:00","og_image":[{"width":1107,"height":770,"url":"https:\/\/gr1993records.com\/wp-content\/uploads\/2019\/08\/horgas_eszter.jpg","type":"image\/jpeg"}],"twitter_card":"summary_large_image","twitter_misc":{"Becs\u00fclt olvas\u00e1si id\u0151":"3 perc"},"schema":{"@context":"https:\/\/schema.org","@graph":[{"@type":"WebPage","@id":"https:\/\/gr1993records.com\/index.php\/eloadok\/horgas-eszter\/","url":"https:\/\/gr1993records.com\/index.php\/eloadok\/horgas-eszter\/","name":"Horgas Eszter &#8211; GR1993 Records","isPartOf":{"@id":"https:\/\/gr1993records.com\/#website"},"primaryImageOfPage":{"@id":"https:\/\/gr1993records.com\/index.php\/eloadok\/horgas-eszter\/#primaryimage"},"image":{"@id":"https:\/\/gr1993records.com\/index.php\/eloadok\/horgas-eszter\/#primaryimage"},"thumbnailUrl":"https:\/\/gr1993records.com\/wp-content\/uploads\/2019\/08\/horgas_eszter.jpg","datePublished":"2019-08-13T08:40:38+00:00","dateModified":"2026-04-01T10:12:18+00:00","breadcrumb":{"@id":"https:\/\/gr1993records.com\/index.php\/eloadok\/horgas-eszter\/#breadcrumb"},"inLanguage":"hu","potentialAction":[{"@type":"ReadAction","target":["https:\/\/gr1993records.com\/index.php\/eloadok\/horgas-eszter\/"]}]},{"@type":"ImageObject","inLanguage":"hu","@id":"https:\/\/gr1993records.com\/index.php\/eloadok\/horgas-eszter\/#primaryimage","url":"https:\/\/gr1993records.com\/wp-content\/uploads\/2019\/08\/horgas_eszter.jpg","contentUrl":"https:\/\/gr1993records.com\/wp-content\/uploads\/2019\/08\/horgas_eszter.jpg","width":1107,"height":770,"caption":"Fuvolam\u0171v\u00e9sz"},{"@type":"BreadcrumbList","@id":"https:\/\/gr1993records.com\/index.php\/eloadok\/horgas-eszter\/#breadcrumb","itemListElement":[{"@type":"ListItem","position":1,"name":"Home","item":"https:\/\/gr1993records.com\/"},{"@type":"ListItem","position":2,"name":"El\u0151ad\u00f3k","item":"https:\/\/gr1993records.com\/index.php\/eloadok\/?lang=en"},{"@type":"ListItem","position":3,"name":"Horgas Eszter"}]},{"@type":"WebSite","@id":"https:\/\/gr1993records.com\/#website","url":"https:\/\/gr1993records.com\/","name":"GR1993 Records","description":"","publisher":{"@id":"https:\/\/gr1993records.com\/#organization"},"potentialAction":[{"@type":"SearchAction","target":{"@type":"EntryPoint","urlTemplate":"https:\/\/gr1993records.com\/?s={search_term_string}"},"query-input":{"@type":"PropertyValueSpecification","valueRequired":true,"valueName":"search_term_string"}}],"inLanguage":"hu"},{"@type":"Organization","@id":"https:\/\/gr1993records.com\/#organization","name":"Gramy-H Ltd.","url":"https:\/\/gr1993records.com\/","logo":{"@type":"ImageObject","inLanguage":"hu","@id":"https:\/\/gr1993records.com\/#\/schema\/logo\/image\/","url":"https:\/\/gr1993records.com\/wp-content\/uploads\/2019\/08\/GR1993_Records_logo_CC.png","contentUrl":"https:\/\/gr1993records.com\/wp-content\/uploads\/2019\/08\/GR1993_Records_logo_CC.png","width":2900,"height":2001,"caption":"Gramy-H Ltd."},"image":{"@id":"https:\/\/gr1993records.com\/#\/schema\/logo\/image\/"},"sameAs":["https:\/\/www.facebook.com\/GR1993Records-113564886691383\/"]}]}},"jetpack_sharing_enabled":true,"_links":{"self":[{"href":"https:\/\/gr1993records.com\/index.php\/wp-json\/wp\/v2\/pages\/4682","targetHints":{"allow":["GET"]}}],"collection":[{"href":"https:\/\/gr1993records.com\/index.php\/wp-json\/wp\/v2\/pages"}],"about":[{"href":"https:\/\/gr1993records.com\/index.php\/wp-json\/wp\/v2\/types\/page"}],"author":[{"embeddable":true,"href":"https:\/\/gr1993records.com\/index.php\/wp-json\/wp\/v2\/users\/2"}],"replies":[{"embeddable":true,"href":"https:\/\/gr1993records.com\/index.php\/wp-json\/wp\/v2\/comments?post=4682"}],"version-history":[{"count":16,"href":"https:\/\/gr1993records.com\/index.php\/wp-json\/wp\/v2\/pages\/4682\/revisions"}],"predecessor-version":[{"id":7874,"href":"https:\/\/gr1993records.com\/index.php\/wp-json\/wp\/v2\/pages\/4682\/revisions\/7874"}],"up":[{"embeddable":true,"href":"https:\/\/gr1993records.com\/index.php\/wp-json\/wp\/v2\/pages\/4565"}],"wp:featuredmedia":[{"embeddable":true,"href":"https:\/\/gr1993records.com\/index.php\/wp-json\/wp\/v2\/media\/4700"}],"wp:attachment":[{"href":"https:\/\/gr1993records.com\/index.php\/wp-json\/wp\/v2\/media?parent=4682"}],"wp:term":[{"taxonomy":"category","embeddable":true,"href":"https:\/\/gr1993records.com\/index.php\/wp-json\/wp\/v2\/categories?post=4682"},{"taxonomy":"post_tag","embeddable":true,"href":"https:\/\/gr1993records.com\/index.php\/wp-json\/wp\/v2\/tags?post=4682"}],"curies":[{"name":"wp","href":"https:\/\/api.w.org\/{rel}","templated":true}]}}