{"id":4680,"date":"2019-08-13T08:39:41","date_gmt":"2019-08-13T08:39:41","guid":{"rendered":"http:\/\/gr1993records.magex.hu\/?page_id=4680"},"modified":"2026-04-01T12:29:39","modified_gmt":"2026-04-01T10:29:39","slug":"johanna-beisteiner","status":"publish","type":"page","link":"https:\/\/gr1993records.com\/index.php\/eloadok\/johanna-beisteiner\/","title":{"rendered":"Johanna Beisteiner"},"content":{"rendered":"<p>[vc_row][vc_column width=&#8221;1\/2&#8243;][vc_single_image image=&#8221;5559&#8243; img_size=&#8221;large&#8221;][\/vc_column][vc_column width=&#8221;1\/2&#8243;][vc_column_text]Johanna Beisteiner egyike napjaink legink\u00e1bb elismert, nemzetk\u00f6zi h\u00edrn\u00e9vvel rendelkez\u0151 innovat\u00edv klasszikus git\u00e1rosainak. Az osztr\u00e1k m\u0171v\u00e9sz rendszeresen l\u00e9p fel sz\u00f3l\u00f3ban, tesz eleget fesztiv\u00e1lmegh\u00edv\u00e1soknak \u00e9s ad koncerttermi el\u0151ad\u00e1sokat. Emellett t\u00f6bb nagyzenekar git\u00e1rosak\u00e9nt is fell\u00e9pett, t\u00f6bbek k\u00f6z\u00f6tt a Budapest \u00e9s a Szocsi Szimfonikus Zenekarokkal, a M\u00e1ltai Filharmonikus Zenekarral, a Graz-i Kamara Filharmonikusok \u00e9s a Budapesti Von\u00f3s Kamara Zenekar sz\u00f3list\u00e1jak\u00e9nt, olyan karmesterek vez\u00e9nylet\u00e9vel, mint Michelle Castelletti, Drahos B\u00e9la, Achim Holub \u00e9s Oleg Soldatov.<\/p>\n<p>Johanna Beisteiner munk\u00e1ss\u00e1ga nem korl\u00e1toz\u00f3dik a klasszikus darabok el\u0151ad\u00e1s\u00e1ra, hanem kort\u00e1rs zeneszerz\u0151k m\u0171veivel \u00e9s saj\u00e1t szerzem\u00e9nyekkel is b\u0151v\u00edti reperto\u00e1rj\u00e1t.[\/vc_column_text][\/vc_column][\/vc_row][vc_row][vc_column][vc_column_text]M\u00e9g csak 16 \u00e9ves volt, amikor a b\u00e9csi Zenei \u00e9s El\u0151ad\u00f3m\u0171v\u00e9szeti Egyetem tanul\u00f3ja lett. 1999-ben v\u00e9gzett, majd egyb\u0151l elindult els\u0151 k\u00fclf\u00f6ldi turn\u00e9j\u00e1ra. T\u00f6bbek k\u00f6z\u00f6tt az olasz Teatro della Concordia, az orosz Dom Actyora \u00e9s az \u00fajra\u00e9lesztett berlini Hohensch\u00f6nhausen Castle falai k\u00f6z\u00f6tt is megfordult. Olyan neves zeneszerz\u0151k alkot\u00e1sainak premierje f\u0171z\u0151dik a nev\u00e9hez, mint Gulya Robert \u00e9s Eduard Shafransky. Johanna j\u00e1t\u00e9ka \u00e9s egy\u00e9nis\u00e9ge\u00a0 inspir\u00e1lta Gulya egyik git\u00e1rkoncsert\u00f3j\u00e1t \u00e9s n\u00e9h\u00e1ny tov\u00e1bbi m\u0171v\u00e9t is neki \u00edrta a mester. A Gramy Records kiad\u00f3n\u00e1l k\u00e9sz\u00edtette el \u00e9s jelentette meg albumait \u00e9s DVD kiadv\u00e1ny\u00e1t, klasszikus \u00e9s kort\u00e1rs m\u0171vekb\u0151l, t\u00f6bb alkalommal tematikusan v\u00e1logatva. Els\u0151 m\u0171v\u00e9szi projektjeivel p\u00e1rhuzamosan 2005-ben doktorij\u00e1t is megszerezte.<\/p>\n<p>Reuben Pace m\u00e1ltai zeneszerz\u0151 Johanna Beisteinert v\u00e1lasztotta sz\u00f3listak\u00e9nt git\u00e1r, csembal\u00f3 \u00e9s nagyzenekari Concertino-j\u00e1nak vil\u00e1gpremierj\u00e9hez, a Manoel Theatre-ben rendezett Nemzetk\u00f6zi Valletta Barokk Fesztiv\u00e1lon, 2017-ben.<\/p>\n<p>Hangs\u00falyos klasszikus projektjei mellett, Johanna popzenei tapasztalatokat is szerzett filmek \u00e9s hozz\u00e1 kapcsol\u00f3d\u00f3 irodalmi esem\u00e9nyekben val\u00f3 r\u00e9szv\u00e9tellel. Ilyen volt p\u00e9ld\u00e1ul a \u201eFarkas discovers America\u201d.<\/p>\n<p>A m\u0171v\u00e9szn\u0151 az \u00e9nekl\u00e9sben \u00e9s a t\u00e1ncm\u0171v\u00e9szet is elhivatott. 2005 \u00e9s 2008 k\u00f6z\u00f6tt argentin tang\u00f3t tanult Rafael Ramirezzel, \u00e9s vele k\u00e9sz\u00edtette el \u00a0\u201eThe Milonguero and the Muse\u201d vide\u00f3klipj\u00e9t, melyhez a zen\u00e9t Robert Gulya szerezte. 2016-ban Johanna meg\u00e1lmodta a \u201eFacetas de Tango\u201d el\u0151ad\u00e1st, melyben git\u00e1rosk\u00e9nt, t\u00e1ncosk\u00e9nt \u00e9s \u00e9nekesk\u00e9nt is szerepel.<\/p>\n<p>Johanna Beisteiner a madridi Paulino Bernab\u00e9 m\u0171hely\u00e9ben k\u00e9sz\u00fclt klasszikus spanyol git\u00e1ron j\u00e1tszik,. M\u0171v\u00e9szi munk\u00e1ja mellett a fiatal gener\u00e1ci\u00f3 oktat\u00e1s\u00e1ban is r\u00e9szt vesz.[\/vc_column_text][vc_separator][vc_column_text]<strong>D\u00edjak<\/strong><\/p>\n<p>2008 \u2013 Krist\u00e1ly tr\u00f3fea, \u201e200 Years Teatro della Concordia\u201d, Olaszorsz\u00e1g<br \/>\n2011\u00a0 \u2013 Tiszteletbeli tags\u00e1g, \u201eAssociation Hohensch\u00f6nhausen Castle\u201d, N\u00e9metorsz\u00e1g<br \/>\n2016 \u2013 \u201ePremio Teatro della Concordia\u201d a \u201eDon Quixote Fantasy on themes from a ballet by Minkus\u201d kompoz\u00edci\u00f3\u00e9rt[\/vc_column_text][vc_separator][vc_column_text]<strong>Vil\u00e1gpremierek<\/strong>[\/vc_column_text][vc_column_text]Gulya R\u00f3bert (Magyarorsz\u00e1g, 1973-) m\u0171vei<\/p>\n<ul>\n<li><strong>Concerto for guitar and orchestra<br \/>\n<\/strong>Vil\u00e1gpremier: 2009. okt\u00f3ber 24., Hubay Koncertterem, Budapest, a Budapesti Szimfonikus Zenekarral, karmester: Drahos B\u00e9la<\/li>\n<\/ul>\n<ul>\n<li><strong>Di\u00f3t\u00f6r\u0151 vari\u00e1ci\u00f3k git\u00e1rra \u00e9s von\u00f3s zenekarra<br \/>\n<\/strong>Vil\u00e1gpremier: 2013. m\u00e1rcius 9., M\u00fcpa \u00dcvegterem, Budapest, a Budapesti Von\u00f3s Kamarazenekarral.<\/li>\n<\/ul>\n<ul>\n<li><strong>The Milonguero and the Muse<\/strong> (tang\u00f3)\n<ul>\n<li>Els\u0151 verzi\u00f3: git\u00e1r \u00e9s von\u00f3s zenekar, egyez\u0151 c\u00edm\u0171 videoklip (Gramy Records, 2008). Johanna Beisteiner (git\u00e1r, t\u00e1nc), Rafael Ramirez (t\u00e1nc, koreogr\u00e1fia), a Budapesti Szimfonikus Zenekarral, karmester: T\u00f6r\u00f6k G\u00e9za.<\/li>\n<li>M\u00e1sodik verzi\u00f3: fuvola, git\u00e1r \u00e9s von\u00f3s zenekar. Vil\u00e1gpremier: 2009. okt\u00f3ber 24., Hubay Koncertterem, Budapest, Budapesti Szimfonikus Zenekarral \u00e9s Drahos B\u00e9l\u00e1val (fuvola).<\/li>\n<\/ul>\n<\/li>\n<li><strong>Capriccio git\u00e1rra \u00e9s zongor\u00e1ra<br \/>\n<\/strong>Vil\u00e1gpremier: 2006. \u00e1prilis 30., Teatro della Concordia, Olaszorsz\u00e1g, Wanda Mazalinnal (zongora)<\/li>\n<\/ul>\n<ul>\n<li><strong>Fairy Dance sz\u00f3l\u00f3 git\u00e1rra<br \/>\n<\/strong>Vil\u00e1gpremier: 2000. janu\u00e1r 8., Bernardi Hall, Ausztria.<\/li>\n<\/ul>\n<ul>\n<li><strong>Night Sky Preludes sz\u00f3l\u00f3 git\u00e1rra<br \/>\n<\/strong>Vil\u00e1gpremier: 2007. \u00e1prilis 30., Teatro della Concordia (Olaszorsz\u00e1g).<\/li>\n<\/ul>\n<ul>\n<li><strong>Waltz sz\u00f3l\u00f3 git\u00e1rra<br \/>\n<\/strong>Vil\u00e1gpremier: 2010. j\u00fanius 12., Saint Johannes-Nepomuk templom (Ausztria), a \u201eWe are Vienna\u201d fesztiv\u00e1lon.<\/li>\n<\/ul>\n<p>[\/vc_column_text][vc_column_text]Ruben Pace (M\u00e1lta, 1974 -) m\u0171ve<\/p>\n<ul>\n<li><strong>Concertino for guitar, harpsichord and orchestra<br \/>\n<\/strong>Vil\u00e1gpremier: Manoel Theatre, Valetta, M\u00e1lta, a \u00a0Nemzetk\u00f6zi Valletta Barokk Fesztiv\u00e1lon, 2017 janu\u00e1r 26.<\/li>\n<\/ul>\n<p>[\/vc_column_text][vc_separator][vc_column_text]<a href=\"http:\/\/beisteiner.com\/index-en.html\" target=\"_blank\" rel=\"noopener noreferrer\"><strong>El\u0151ad\u00f3 hivatalos oldala<\/strong><\/a>[\/vc_column_text][vc_separator][\/vc_column][\/vc_row][vc_row][vc_column][vc_empty_space][vc_column_text]<\/p>\n<h2 class=\"vc_custom_heading mb60 mb30-md fs36\"><span class=\"text-wrap\">El\u0151ad\u00f3hoz kapcsol\u00f3d\u00f3 kiadv\u00e1nyok<\/span><\/h2>\n<p>[\/vc_column_text][vc_basic_grid post_type=&#8221;product&#8221; max_items=&#8221;-1&#8243; element_width=&#8221;3&#8243; item=&#8221;5015&#8243; grid_id=&#8221;vc_gid:1775039320127-859226b5-c912-1&#8243; taxonomies=&#8221;140&#8243;][\/vc_column][\/vc_row]<\/p>","protected":false},"excerpt":{"rendered":"<p>[vc_row][vc_column width=&#8221;1\/2&#8243;][vc_single_image image=&#8221;5559&#8243; img_size=&#8221;large&#8221;][\/vc_column][vc_column width=&#8221;1\/2&#8243;][vc_column_text]Johanna Beisteiner egyike napjaink legink\u00e1bb elismert, nemzetk\u00f6zi h\u00edrn\u00e9vvel rendelkez\u0151 innovat\u00edv klasszikus git\u00e1rosainak. Az osztr\u00e1k m\u0171v\u00e9sz rendszeresen l\u00e9p fel sz\u00f3l\u00f3ban, tesz eleget fesztiv\u00e1lmegh\u00edv\u00e1soknak \u00e9s ad koncerttermi el\u0151ad\u00e1sokat. Emellett t\u00f6bb nagyzenekar git\u00e1rosak\u00e9nt is fell\u00e9pett, t\u00f6bbek k\u00f6z\u00f6tt a Budapest \u00e9s a Szocsi Szimfonikus Zenekarokkal, a M\u00e1ltai Filharmonikus Zenekarral, a Graz-i Kamara Filharmonikusok \u00e9s a [&hellip;]<\/p>\n","protected":false},"author":2,"featured_media":5559,"parent":4565,"menu_order":111,"comment_status":"closed","ping_status":"closed","template":"","meta":{"footnotes":""},"categories":[128],"tags":[],"class_list":["post-4680","page","type-page","status-publish","has-post-thumbnail","hentry","category-artists"],"yoast_head":"<!-- This site is optimized with the Yoast SEO plugin v27.3 - https:\/\/yoast.com\/product\/yoast-seo-wordpress\/ -->\n<title>Johanna Beisteiner &#8211; GR1993 Records<\/title>\n<meta name=\"robots\" content=\"index, follow, max-snippet:-1, max-image-preview:large, max-video-preview:-1\" \/>\n<link rel=\"canonical\" href=\"https:\/\/gr1993records.com\/index.php\/eloadok\/johanna-beisteiner\/\" \/>\n<meta property=\"og:locale\" content=\"hu_HU\" \/>\n<meta property=\"og:type\" content=\"article\" \/>\n<meta property=\"og:title\" content=\"Johanna Beisteiner &#8211; GR1993 Records\" \/>\n<meta property=\"og:description\" content=\"[vc_row][vc_column width=&#8221;1\/2&#8243;][vc_single_image image=&#8221;5559&#8243; img_size=&#8221;large&#8221;][\/vc_column][vc_column width=&#8221;1\/2&#8243;][vc_column_text]Johanna Beisteiner egyike napjaink legink\u00e1bb elismert, nemzetk\u00f6zi h\u00edrn\u00e9vvel rendelkez\u0151 innovat\u00edv klasszikus git\u00e1rosainak. Az osztr\u00e1k m\u0171v\u00e9sz rendszeresen l\u00e9p fel sz\u00f3l\u00f3ban, tesz eleget fesztiv\u00e1lmegh\u00edv\u00e1soknak \u00e9s ad koncerttermi el\u0151ad\u00e1sokat. Emellett t\u00f6bb nagyzenekar git\u00e1rosak\u00e9nt is fell\u00e9pett, t\u00f6bbek k\u00f6z\u00f6tt a Budapest \u00e9s a Szocsi Szimfonikus Zenekarokkal, a M\u00e1ltai Filharmonikus Zenekarral, a Graz-i Kamara Filharmonikusok \u00e9s a [&hellip;]\" \/>\n<meta property=\"og:url\" content=\"https:\/\/gr1993records.com\/index.php\/eloadok\/johanna-beisteiner\/\" \/>\n<meta property=\"og:site_name\" content=\"GR1993 Records\" \/>\n<meta property=\"article:publisher\" content=\"https:\/\/www.facebook.com\/GR1993Records-113564886691383\/\" \/>\n<meta property=\"article:modified_time\" content=\"2026-04-01T10:29:39+00:00\" \/>\n<meta property=\"og:image\" content=\"https:\/\/gr1993records.com\/wp-content\/uploads\/2020\/01\/johanna_beisteiner_szerkesztett_1_1.jpg\" \/>\n\t<meta property=\"og:image:width\" content=\"733\" \/>\n\t<meta property=\"og:image:height\" content=\"733\" \/>\n\t<meta property=\"og:image:type\" content=\"image\/jpeg\" \/>\n<meta name=\"twitter:card\" content=\"summary_large_image\" \/>\n<meta name=\"twitter:image\" content=\"https:\/\/gr1993records.com\/wp-content\/uploads\/2020\/01\/johanna_beisteiner_szerkesztett_1_1.jpg\" \/>\n<meta name=\"twitter:label1\" content=\"Becs\u00fclt olvas\u00e1si id\u0151\" \/>\n\t<meta name=\"twitter:data1\" content=\"4 perc\" \/>\n<script type=\"application\/ld+json\" class=\"yoast-schema-graph\">{\"@context\":\"https:\\\/\\\/schema.org\",\"@graph\":[{\"@type\":\"WebPage\",\"@id\":\"https:\\\/\\\/gr1993records.com\\\/index.php\\\/eloadok\\\/johanna-beisteiner\\\/\",\"url\":\"https:\\\/\\\/gr1993records.com\\\/index.php\\\/eloadok\\\/johanna-beisteiner\\\/\",\"name\":\"Johanna Beisteiner &#8211; GR1993 Records\",\"isPartOf\":{\"@id\":\"https:\\\/\\\/gr1993records.com\\\/#website\"},\"primaryImageOfPage\":{\"@id\":\"https:\\\/\\\/gr1993records.com\\\/index.php\\\/eloadok\\\/johanna-beisteiner\\\/#primaryimage\"},\"image\":{\"@id\":\"https:\\\/\\\/gr1993records.com\\\/index.php\\\/eloadok\\\/johanna-beisteiner\\\/#primaryimage\"},\"thumbnailUrl\":\"https:\\\/\\\/gr1993records.com\\\/wp-content\\\/uploads\\\/2020\\\/01\\\/johanna_beisteiner_szerkesztett_1_1.jpg\",\"datePublished\":\"2019-08-13T08:39:41+00:00\",\"dateModified\":\"2026-04-01T10:29:39+00:00\",\"breadcrumb\":{\"@id\":\"https:\\\/\\\/gr1993records.com\\\/index.php\\\/eloadok\\\/johanna-beisteiner\\\/#breadcrumb\"},\"inLanguage\":\"hu\",\"potentialAction\":[{\"@type\":\"ReadAction\",\"target\":[\"https:\\\/\\\/gr1993records.com\\\/index.php\\\/eloadok\\\/johanna-beisteiner\\\/\"]}]},{\"@type\":\"ImageObject\",\"inLanguage\":\"hu\",\"@id\":\"https:\\\/\\\/gr1993records.com\\\/index.php\\\/eloadok\\\/johanna-beisteiner\\\/#primaryimage\",\"url\":\"https:\\\/\\\/gr1993records.com\\\/wp-content\\\/uploads\\\/2020\\\/01\\\/johanna_beisteiner_szerkesztett_1_1.jpg\",\"contentUrl\":\"https:\\\/\\\/gr1993records.com\\\/wp-content\\\/uploads\\\/2020\\\/01\\\/johanna_beisteiner_szerkesztett_1_1.jpg\",\"width\":733,\"height\":733,\"caption\":\"Johanna Beisteiner\"},{\"@type\":\"BreadcrumbList\",\"@id\":\"https:\\\/\\\/gr1993records.com\\\/index.php\\\/eloadok\\\/johanna-beisteiner\\\/#breadcrumb\",\"itemListElement\":[{\"@type\":\"ListItem\",\"position\":1,\"name\":\"Home\",\"item\":\"https:\\\/\\\/gr1993records.com\\\/\"},{\"@type\":\"ListItem\",\"position\":2,\"name\":\"El\u0151ad\u00f3k\",\"item\":\"https:\\\/\\\/gr1993records.com\\\/index.php\\\/eloadok\\\/?lang=en\"},{\"@type\":\"ListItem\",\"position\":3,\"name\":\"Johanna Beisteiner\"}]},{\"@type\":\"WebSite\",\"@id\":\"https:\\\/\\\/gr1993records.com\\\/#website\",\"url\":\"https:\\\/\\\/gr1993records.com\\\/\",\"name\":\"GR1993 Records\",\"description\":\"\",\"publisher\":{\"@id\":\"https:\\\/\\\/gr1993records.com\\\/#organization\"},\"potentialAction\":[{\"@type\":\"SearchAction\",\"target\":{\"@type\":\"EntryPoint\",\"urlTemplate\":\"https:\\\/\\\/gr1993records.com\\\/?s={search_term_string}\"},\"query-input\":{\"@type\":\"PropertyValueSpecification\",\"valueRequired\":true,\"valueName\":\"search_term_string\"}}],\"inLanguage\":\"hu\"},{\"@type\":\"Organization\",\"@id\":\"https:\\\/\\\/gr1993records.com\\\/#organization\",\"name\":\"Gramy-H Ltd.\",\"url\":\"https:\\\/\\\/gr1993records.com\\\/\",\"logo\":{\"@type\":\"ImageObject\",\"inLanguage\":\"hu\",\"@id\":\"https:\\\/\\\/gr1993records.com\\\/#\\\/schema\\\/logo\\\/image\\\/\",\"url\":\"https:\\\/\\\/gr1993records.com\\\/wp-content\\\/uploads\\\/2019\\\/08\\\/GR1993_Records_logo_CC.png\",\"contentUrl\":\"https:\\\/\\\/gr1993records.com\\\/wp-content\\\/uploads\\\/2019\\\/08\\\/GR1993_Records_logo_CC.png\",\"width\":2900,\"height\":2001,\"caption\":\"Gramy-H Ltd.\"},\"image\":{\"@id\":\"https:\\\/\\\/gr1993records.com\\\/#\\\/schema\\\/logo\\\/image\\\/\"},\"sameAs\":[\"https:\\\/\\\/www.facebook.com\\\/GR1993Records-113564886691383\\\/\"]}]}<\/script>\n<!-- \/ Yoast SEO plugin. -->","yoast_head_json":{"title":"Johanna Beisteiner &#8211; GR1993 Records","robots":{"index":"index","follow":"follow","max-snippet":"max-snippet:-1","max-image-preview":"max-image-preview:large","max-video-preview":"max-video-preview:-1"},"canonical":"https:\/\/gr1993records.com\/index.php\/eloadok\/johanna-beisteiner\/","og_locale":"hu_HU","og_type":"article","og_title":"Johanna Beisteiner &#8211; GR1993 Records","og_description":"[vc_row][vc_column width=&#8221;1\/2&#8243;][vc_single_image image=&#8221;5559&#8243; img_size=&#8221;large&#8221;][\/vc_column][vc_column width=&#8221;1\/2&#8243;][vc_column_text]Johanna Beisteiner egyike napjaink legink\u00e1bb elismert, nemzetk\u00f6zi h\u00edrn\u00e9vvel rendelkez\u0151 innovat\u00edv klasszikus git\u00e1rosainak. Az osztr\u00e1k m\u0171v\u00e9sz rendszeresen l\u00e9p fel sz\u00f3l\u00f3ban, tesz eleget fesztiv\u00e1lmegh\u00edv\u00e1soknak \u00e9s ad koncerttermi el\u0151ad\u00e1sokat. Emellett t\u00f6bb nagyzenekar git\u00e1rosak\u00e9nt is fell\u00e9pett, t\u00f6bbek k\u00f6z\u00f6tt a Budapest \u00e9s a Szocsi Szimfonikus Zenekarokkal, a M\u00e1ltai Filharmonikus Zenekarral, a Graz-i Kamara Filharmonikusok \u00e9s a [&hellip;]","og_url":"https:\/\/gr1993records.com\/index.php\/eloadok\/johanna-beisteiner\/","og_site_name":"GR1993 Records","article_publisher":"https:\/\/www.facebook.com\/GR1993Records-113564886691383\/","article_modified_time":"2026-04-01T10:29:39+00:00","og_image":[{"width":733,"height":733,"url":"https:\/\/gr1993records.com\/wp-content\/uploads\/2020\/01\/johanna_beisteiner_szerkesztett_1_1.jpg","type":"image\/jpeg"}],"twitter_card":"summary_large_image","twitter_image":"https:\/\/gr1993records.com\/wp-content\/uploads\/2020\/01\/johanna_beisteiner_szerkesztett_1_1.jpg","twitter_misc":{"Becs\u00fclt olvas\u00e1si id\u0151":"4 perc"},"schema":{"@context":"https:\/\/schema.org","@graph":[{"@type":"WebPage","@id":"https:\/\/gr1993records.com\/index.php\/eloadok\/johanna-beisteiner\/","url":"https:\/\/gr1993records.com\/index.php\/eloadok\/johanna-beisteiner\/","name":"Johanna Beisteiner &#8211; GR1993 Records","isPartOf":{"@id":"https:\/\/gr1993records.com\/#website"},"primaryImageOfPage":{"@id":"https:\/\/gr1993records.com\/index.php\/eloadok\/johanna-beisteiner\/#primaryimage"},"image":{"@id":"https:\/\/gr1993records.com\/index.php\/eloadok\/johanna-beisteiner\/#primaryimage"},"thumbnailUrl":"https:\/\/gr1993records.com\/wp-content\/uploads\/2020\/01\/johanna_beisteiner_szerkesztett_1_1.jpg","datePublished":"2019-08-13T08:39:41+00:00","dateModified":"2026-04-01T10:29:39+00:00","breadcrumb":{"@id":"https:\/\/gr1993records.com\/index.php\/eloadok\/johanna-beisteiner\/#breadcrumb"},"inLanguage":"hu","potentialAction":[{"@type":"ReadAction","target":["https:\/\/gr1993records.com\/index.php\/eloadok\/johanna-beisteiner\/"]}]},{"@type":"ImageObject","inLanguage":"hu","@id":"https:\/\/gr1993records.com\/index.php\/eloadok\/johanna-beisteiner\/#primaryimage","url":"https:\/\/gr1993records.com\/wp-content\/uploads\/2020\/01\/johanna_beisteiner_szerkesztett_1_1.jpg","contentUrl":"https:\/\/gr1993records.com\/wp-content\/uploads\/2020\/01\/johanna_beisteiner_szerkesztett_1_1.jpg","width":733,"height":733,"caption":"Johanna Beisteiner"},{"@type":"BreadcrumbList","@id":"https:\/\/gr1993records.com\/index.php\/eloadok\/johanna-beisteiner\/#breadcrumb","itemListElement":[{"@type":"ListItem","position":1,"name":"Home","item":"https:\/\/gr1993records.com\/"},{"@type":"ListItem","position":2,"name":"El\u0151ad\u00f3k","item":"https:\/\/gr1993records.com\/index.php\/eloadok\/?lang=en"},{"@type":"ListItem","position":3,"name":"Johanna Beisteiner"}]},{"@type":"WebSite","@id":"https:\/\/gr1993records.com\/#website","url":"https:\/\/gr1993records.com\/","name":"GR1993 Records","description":"","publisher":{"@id":"https:\/\/gr1993records.com\/#organization"},"potentialAction":[{"@type":"SearchAction","target":{"@type":"EntryPoint","urlTemplate":"https:\/\/gr1993records.com\/?s={search_term_string}"},"query-input":{"@type":"PropertyValueSpecification","valueRequired":true,"valueName":"search_term_string"}}],"inLanguage":"hu"},{"@type":"Organization","@id":"https:\/\/gr1993records.com\/#organization","name":"Gramy-H Ltd.","url":"https:\/\/gr1993records.com\/","logo":{"@type":"ImageObject","inLanguage":"hu","@id":"https:\/\/gr1993records.com\/#\/schema\/logo\/image\/","url":"https:\/\/gr1993records.com\/wp-content\/uploads\/2019\/08\/GR1993_Records_logo_CC.png","contentUrl":"https:\/\/gr1993records.com\/wp-content\/uploads\/2019\/08\/GR1993_Records_logo_CC.png","width":2900,"height":2001,"caption":"Gramy-H Ltd."},"image":{"@id":"https:\/\/gr1993records.com\/#\/schema\/logo\/image\/"},"sameAs":["https:\/\/www.facebook.com\/GR1993Records-113564886691383\/"]}]}},"jetpack_sharing_enabled":true,"_links":{"self":[{"href":"https:\/\/gr1993records.com\/index.php\/wp-json\/wp\/v2\/pages\/4680","targetHints":{"allow":["GET"]}}],"collection":[{"href":"https:\/\/gr1993records.com\/index.php\/wp-json\/wp\/v2\/pages"}],"about":[{"href":"https:\/\/gr1993records.com\/index.php\/wp-json\/wp\/v2\/types\/page"}],"author":[{"embeddable":true,"href":"https:\/\/gr1993records.com\/index.php\/wp-json\/wp\/v2\/users\/2"}],"replies":[{"embeddable":true,"href":"https:\/\/gr1993records.com\/index.php\/wp-json\/wp\/v2\/comments?post=4680"}],"version-history":[{"count":25,"href":"https:\/\/gr1993records.com\/index.php\/wp-json\/wp\/v2\/pages\/4680\/revisions"}],"predecessor-version":[{"id":7880,"href":"https:\/\/gr1993records.com\/index.php\/wp-json\/wp\/v2\/pages\/4680\/revisions\/7880"}],"up":[{"embeddable":true,"href":"https:\/\/gr1993records.com\/index.php\/wp-json\/wp\/v2\/pages\/4565"}],"wp:featuredmedia":[{"embeddable":true,"href":"https:\/\/gr1993records.com\/index.php\/wp-json\/wp\/v2\/media\/5559"}],"wp:attachment":[{"href":"https:\/\/gr1993records.com\/index.php\/wp-json\/wp\/v2\/media?parent=4680"}],"wp:term":[{"taxonomy":"category","embeddable":true,"href":"https:\/\/gr1993records.com\/index.php\/wp-json\/wp\/v2\/categories?post=4680"},{"taxonomy":"post_tag","embeddable":true,"href":"https:\/\/gr1993records.com\/index.php\/wp-json\/wp\/v2\/tags?post=4680"}],"curies":[{"name":"wp","href":"https:\/\/api.w.org\/{rel}","templated":true}]}}