{"id":4672,"date":"2019-08-13T08:37:16","date_gmt":"2019-08-13T08:37:16","guid":{"rendered":"http:\/\/gr1993records.magex.hu\/?page_id=4672"},"modified":"2026-04-01T12:24:26","modified_gmt":"2026-04-01T10:24:26","slug":"peter-lipa","status":"publish","type":"page","link":"https:\/\/gr1993records.com\/index.php\/eloadok\/peter-lipa\/","title":{"rendered":"Peter Lipa"},"content":{"rendered":"<p>[vc_row][vc_column width=&#8221;2\/3&#8243;][vc_column_text]1943. m\u00e1jus 30.-\u00e1n Eperjesen (Presov) sz\u00fcletett, anyai \u00e1gon magyar sz\u00e1rmaz\u00e1s\u00fa. \u00c9nekes \u00e9s zeneszerz\u00f5, aki egyben a szlov\u00e1k jazz vez\u00e9regy\u00e9nis\u00e9ge \u00e9s legjelent\u00f5sebb alakja.<\/p>\n<p>Hossz\u00fa \u00e9veken kereszt\u00fcl prom\u00f3tere az eur\u00f3pai rang\u00fa Pozsonyi Jazz Napok fesztiv\u00e1lnak. 1989 \u00f3ta a Szlov\u00e1k Jazz T\u00e1rsas\u00e1g eln\u00f6ke. A nemzetk\u00f6zi jazz sz\u00f6vets\u00e9g lapja, a Jazz Forum szerint Peter Lipa a 80-as \u00e9vekben rendszeresen az els\u00f5 5 eur\u00f3pai jazz \u00e9nekes k\u00f6z\u00f6tt szerepelt. Gy\u00f6kerei a blues, a soul \u00e9s a klasszikus mainstream.<\/p>\n<p>Flexibilis \u00e9s t\u00f6k\u00e9letes st\u00edlus\u00e9rz\u00e9kkel b\u00edr. Reperto\u00e1rja a klasszikus jazzt\u00f5l indul \u00e9s dixilanden, valamint a latinos zen\u00e9n \u00e1t, a funkyn\u00e1l v\u00e9gzodik. Munk\u00e1ss\u00e1g\u00e1ra legnagyobb hat\u00e1st Jimmy Rushing, Ray Charles, Al Jarreau, Joe Cocker \u00e9s Bobby McFerrin tett\u00e9k. Peter Lipa a spont\u00e1n improviz\u00e1l\u00f3 \u00e9nekesek k\u00f6z\u00e9 tartozik.[\/vc_column_text][\/vc_column][vc_column width=&#8221;1\/3&#8243;][vc_single_image image=&#8221;6953&#8243; img_size=&#8221;full&#8221;][\/vc_column][\/vc_row][vc_row][vc_column][vc_separator][vc_empty_space][vc_custom_heading title_font_size=&#8221;fs36&#8243; text=&#8221;El\u0151ad\u00f3hoz kapcsol\u00f3d\u00f3 kiadv\u00e1nyok&#8221; use_theme_fonts=&#8221;yes&#8221; el_class=&#8221;mb60 mb30-md&#8221;][vc_basic_grid post_type=&#8221;product&#8221; max_items=&#8221;-1&#8243; element_width=&#8221;3&#8243; item=&#8221;5015&#8243; grid_id=&#8221;vc_gid:1775039018040-fa550d9a-0055-5&#8243; taxonomies=&#8221;144&#8243;][\/vc_column][\/vc_row]<\/p>","protected":false},"excerpt":{"rendered":"<p>[vc_row][vc_column width=&#8221;2\/3&#8243;][vc_column_text]1943. m\u00e1jus 30.-\u00e1n Eperjesen (Presov) sz\u00fcletett, anyai \u00e1gon magyar sz\u00e1rmaz\u00e1s\u00fa. \u00c9nekes \u00e9s zeneszerz\u00f5, aki egyben a szlov\u00e1k jazz vez\u00e9regy\u00e9nis\u00e9ge \u00e9s legjelent\u00f5sebb alakja. Hossz\u00fa \u00e9veken kereszt\u00fcl prom\u00f3tere az eur\u00f3pai rang\u00fa Pozsonyi Jazz Napok fesztiv\u00e1lnak. 1989 \u00f3ta a Szlov\u00e1k Jazz T\u00e1rsas\u00e1g eln\u00f6ke. A nemzetk\u00f6zi jazz sz\u00f6vets\u00e9g lapja, a Jazz Forum szerint Peter Lipa a 80-as \u00e9vekben [&hellip;]<\/p>\n","protected":false},"author":2,"featured_media":6953,"parent":4565,"menu_order":111,"comment_status":"closed","ping_status":"closed","template":"","meta":{"footnotes":""},"categories":[128],"tags":[425],"class_list":["post-4672","page","type-page","status-publish","has-post-thumbnail","hentry","category-artists","tag-peter-lipa"],"yoast_head":"<!-- This site is optimized with the Yoast SEO plugin v27.2 - https:\/\/yoast.com\/product\/yoast-seo-wordpress\/ -->\n<title>Peter Lipa &#8211; GR1993 Records<\/title>\n<meta name=\"robots\" content=\"index, follow, max-snippet:-1, max-image-preview:large, max-video-preview:-1\" \/>\n<link rel=\"canonical\" href=\"https:\/\/gr1993records.com\/index.php\/eloadok\/peter-lipa\/\" \/>\n<meta property=\"og:locale\" content=\"hu_HU\" \/>\n<meta property=\"og:type\" content=\"article\" \/>\n<meta property=\"og:title\" content=\"GR1993 Records\" \/>\n<meta property=\"og:description\" content=\"[vc_row][vc_column width=&#8221;2\/3&#8243;][vc_column_text]1943. m\u00e1jus 30.-\u00e1n Eperjesen (Presov) sz\u00fcletett, anyai \u00e1gon magyar sz\u00e1rmaz\u00e1s\u00fa. \u00c9nekes \u00e9s zeneszerz\u00f5, aki egyben a szlov\u00e1k jazz vez\u00e9regy\u00e9nis\u00e9ge \u00e9s legjelent\u00f5sebb alakja. Hossz\u00fa \u00e9veken kereszt\u00fcl prom\u00f3tere az eur\u00f3pai rang\u00fa Pozsonyi Jazz Napok fesztiv\u00e1lnak. 1989 \u00f3ta a Szlov\u00e1k Jazz T\u00e1rsas\u00e1g eln\u00f6ke. A nemzetk\u00f6zi jazz sz\u00f6vets\u00e9g lapja, a Jazz Forum szerint Peter Lipa a 80-as \u00e9vekben [&hellip;]\" \/>\n<meta property=\"og:url\" content=\"https:\/\/gr1993records.com\/index.php\/eloadok\/peter-lipa\/\" \/>\n<meta property=\"og:site_name\" content=\"GR1993 Records\" \/>\n<meta property=\"article:publisher\" content=\"https:\/\/www.facebook.com\/GR1993Records-113564886691383\/\" \/>\n<meta property=\"article:modified_time\" content=\"2026-04-01T10:24:26+00:00\" \/>\n<meta property=\"og:image\" content=\"https:\/\/gr1993records.com\/wp-content\/uploads\/2023\/08\/Peter_Lipa_bio_pix_1.jpg\" \/>\n\t<meta property=\"og:image:width\" content=\"2000\" \/>\n\t<meta property=\"og:image:height\" content=\"2000\" \/>\n\t<meta property=\"og:image:type\" content=\"image\/jpeg\" \/>\n<meta name=\"twitter:card\" content=\"summary_large_image\" \/>\n<meta name=\"twitter:title\" content=\"GR1993 Records\" \/>\n<meta name=\"twitter:image\" content=\"https:\/\/gr1993records.com\/wp-content\/uploads\/2023\/08\/Peter_Lipa_bio_pix_1.jpg\" \/>\n<meta name=\"twitter:label1\" content=\"Becs\u00fclt olvas\u00e1si id\u0151\" \/>\n\t<meta name=\"twitter:data1\" content=\"4 perc\" \/>\n<script type=\"application\/ld+json\" class=\"yoast-schema-graph\">{\"@context\":\"https:\/\/schema.org\",\"@graph\":[{\"@type\":\"WebPage\",\"@id\":\"https:\/\/gr1993records.com\/index.php\/eloadok\/peter-lipa\/\",\"url\":\"https:\/\/gr1993records.com\/index.php\/eloadok\/peter-lipa\/\",\"name\":\"Peter Lipa &#8211; GR1993 Records\",\"isPartOf\":{\"@id\":\"https:\/\/gr1993records.com\/#website\"},\"primaryImageOfPage\":{\"@id\":\"https:\/\/gr1993records.com\/index.php\/eloadok\/peter-lipa\/#primaryimage\"},\"image\":{\"@id\":\"https:\/\/gr1993records.com\/index.php\/eloadok\/peter-lipa\/#primaryimage\"},\"thumbnailUrl\":\"https:\/\/gr1993records.com\/wp-content\/uploads\/2023\/08\/Peter_Lipa_bio_pix_1.jpg\",\"datePublished\":\"2019-08-13T08:37:16+00:00\",\"dateModified\":\"2026-04-01T10:24:26+00:00\",\"breadcrumb\":{\"@id\":\"https:\/\/gr1993records.com\/index.php\/eloadok\/peter-lipa\/#breadcrumb\"},\"inLanguage\":\"hu\",\"potentialAction\":[{\"@type\":\"ReadAction\",\"target\":[\"https:\/\/gr1993records.com\/index.php\/eloadok\/peter-lipa\/\"]}]},{\"@type\":\"ImageObject\",\"inLanguage\":\"hu\",\"@id\":\"https:\/\/gr1993records.com\/index.php\/eloadok\/peter-lipa\/#primaryimage\",\"url\":\"https:\/\/gr1993records.com\/wp-content\/uploads\/2023\/08\/Peter_Lipa_bio_pix_1.jpg\",\"contentUrl\":\"https:\/\/gr1993records.com\/wp-content\/uploads\/2023\/08\/Peter_Lipa_bio_pix_1.jpg\",\"width\":2000,\"height\":2000},{\"@type\":\"BreadcrumbList\",\"@id\":\"https:\/\/gr1993records.com\/index.php\/eloadok\/peter-lipa\/#breadcrumb\",\"itemListElement\":[{\"@type\":\"ListItem\",\"position\":1,\"name\":\"Home\",\"item\":\"https:\/\/gr1993records.com\/\"},{\"@type\":\"ListItem\",\"position\":2,\"name\":\"El\u0151ad\u00f3k\",\"item\":\"https:\/\/gr1993records.com\/index.php\/eloadok\/?lang=en\"},{\"@type\":\"ListItem\",\"position\":3,\"name\":\"Peter Lipa\"}]},{\"@type\":\"WebSite\",\"@id\":\"https:\/\/gr1993records.com\/#website\",\"url\":\"https:\/\/gr1993records.com\/\",\"name\":\"GR1993 Records\",\"description\":\"\",\"publisher\":{\"@id\":\"https:\/\/gr1993records.com\/#organization\"},\"potentialAction\":[{\"@type\":\"SearchAction\",\"target\":{\"@type\":\"EntryPoint\",\"urlTemplate\":\"https:\/\/gr1993records.com\/?s={search_term_string}\"},\"query-input\":{\"@type\":\"PropertyValueSpecification\",\"valueRequired\":true,\"valueName\":\"search_term_string\"}}],\"inLanguage\":\"hu\"},{\"@type\":\"Organization\",\"@id\":\"https:\/\/gr1993records.com\/#organization\",\"name\":\"Gramy-H Ltd.\",\"url\":\"https:\/\/gr1993records.com\/\",\"logo\":{\"@type\":\"ImageObject\",\"inLanguage\":\"hu\",\"@id\":\"https:\/\/gr1993records.com\/#\/schema\/logo\/image\/\",\"url\":\"https:\/\/gr1993records.com\/wp-content\/uploads\/2019\/08\/GR1993_Records_logo_CC.png\",\"contentUrl\":\"https:\/\/gr1993records.com\/wp-content\/uploads\/2019\/08\/GR1993_Records_logo_CC.png\",\"width\":2900,\"height\":2001,\"caption\":\"Gramy-H Ltd.\"},\"image\":{\"@id\":\"https:\/\/gr1993records.com\/#\/schema\/logo\/image\/\"},\"sameAs\":[\"https:\/\/www.facebook.com\/GR1993Records-113564886691383\/\"]}]}<\/script>\n<!-- \/ Yoast SEO plugin. -->","yoast_head_json":{"title":"Peter Lipa &#8211; GR1993 Records","robots":{"index":"index","follow":"follow","max-snippet":"max-snippet:-1","max-image-preview":"max-image-preview:large","max-video-preview":"max-video-preview:-1"},"canonical":"https:\/\/gr1993records.com\/index.php\/eloadok\/peter-lipa\/","og_locale":"hu_HU","og_type":"article","og_title":"GR1993 Records","og_description":"[vc_row][vc_column width=&#8221;2\/3&#8243;][vc_column_text]1943. m\u00e1jus 30.-\u00e1n Eperjesen (Presov) sz\u00fcletett, anyai \u00e1gon magyar sz\u00e1rmaz\u00e1s\u00fa. \u00c9nekes \u00e9s zeneszerz\u00f5, aki egyben a szlov\u00e1k jazz vez\u00e9regy\u00e9nis\u00e9ge \u00e9s legjelent\u00f5sebb alakja. Hossz\u00fa \u00e9veken kereszt\u00fcl prom\u00f3tere az eur\u00f3pai rang\u00fa Pozsonyi Jazz Napok fesztiv\u00e1lnak. 1989 \u00f3ta a Szlov\u00e1k Jazz T\u00e1rsas\u00e1g eln\u00f6ke. A nemzetk\u00f6zi jazz sz\u00f6vets\u00e9g lapja, a Jazz Forum szerint Peter Lipa a 80-as \u00e9vekben [&hellip;]","og_url":"https:\/\/gr1993records.com\/index.php\/eloadok\/peter-lipa\/","og_site_name":"GR1993 Records","article_publisher":"https:\/\/www.facebook.com\/GR1993Records-113564886691383\/","article_modified_time":"2026-04-01T10:24:26+00:00","og_image":[{"width":2000,"height":2000,"url":"https:\/\/gr1993records.com\/wp-content\/uploads\/2023\/08\/Peter_Lipa_bio_pix_1.jpg","type":"image\/jpeg"}],"twitter_card":"summary_large_image","twitter_title":"GR1993 Records","twitter_image":"https:\/\/gr1993records.com\/wp-content\/uploads\/2023\/08\/Peter_Lipa_bio_pix_1.jpg","twitter_misc":{"Becs\u00fclt olvas\u00e1si id\u0151":"4 perc"},"schema":{"@context":"https:\/\/schema.org","@graph":[{"@type":"WebPage","@id":"https:\/\/gr1993records.com\/index.php\/eloadok\/peter-lipa\/","url":"https:\/\/gr1993records.com\/index.php\/eloadok\/peter-lipa\/","name":"Peter Lipa &#8211; GR1993 Records","isPartOf":{"@id":"https:\/\/gr1993records.com\/#website"},"primaryImageOfPage":{"@id":"https:\/\/gr1993records.com\/index.php\/eloadok\/peter-lipa\/#primaryimage"},"image":{"@id":"https:\/\/gr1993records.com\/index.php\/eloadok\/peter-lipa\/#primaryimage"},"thumbnailUrl":"https:\/\/gr1993records.com\/wp-content\/uploads\/2023\/08\/Peter_Lipa_bio_pix_1.jpg","datePublished":"2019-08-13T08:37:16+00:00","dateModified":"2026-04-01T10:24:26+00:00","breadcrumb":{"@id":"https:\/\/gr1993records.com\/index.php\/eloadok\/peter-lipa\/#breadcrumb"},"inLanguage":"hu","potentialAction":[{"@type":"ReadAction","target":["https:\/\/gr1993records.com\/index.php\/eloadok\/peter-lipa\/"]}]},{"@type":"ImageObject","inLanguage":"hu","@id":"https:\/\/gr1993records.com\/index.php\/eloadok\/peter-lipa\/#primaryimage","url":"https:\/\/gr1993records.com\/wp-content\/uploads\/2023\/08\/Peter_Lipa_bio_pix_1.jpg","contentUrl":"https:\/\/gr1993records.com\/wp-content\/uploads\/2023\/08\/Peter_Lipa_bio_pix_1.jpg","width":2000,"height":2000},{"@type":"BreadcrumbList","@id":"https:\/\/gr1993records.com\/index.php\/eloadok\/peter-lipa\/#breadcrumb","itemListElement":[{"@type":"ListItem","position":1,"name":"Home","item":"https:\/\/gr1993records.com\/"},{"@type":"ListItem","position":2,"name":"El\u0151ad\u00f3k","item":"https:\/\/gr1993records.com\/index.php\/eloadok\/?lang=en"},{"@type":"ListItem","position":3,"name":"Peter Lipa"}]},{"@type":"WebSite","@id":"https:\/\/gr1993records.com\/#website","url":"https:\/\/gr1993records.com\/","name":"GR1993 Records","description":"","publisher":{"@id":"https:\/\/gr1993records.com\/#organization"},"potentialAction":[{"@type":"SearchAction","target":{"@type":"EntryPoint","urlTemplate":"https:\/\/gr1993records.com\/?s={search_term_string}"},"query-input":{"@type":"PropertyValueSpecification","valueRequired":true,"valueName":"search_term_string"}}],"inLanguage":"hu"},{"@type":"Organization","@id":"https:\/\/gr1993records.com\/#organization","name":"Gramy-H Ltd.","url":"https:\/\/gr1993records.com\/","logo":{"@type":"ImageObject","inLanguage":"hu","@id":"https:\/\/gr1993records.com\/#\/schema\/logo\/image\/","url":"https:\/\/gr1993records.com\/wp-content\/uploads\/2019\/08\/GR1993_Records_logo_CC.png","contentUrl":"https:\/\/gr1993records.com\/wp-content\/uploads\/2019\/08\/GR1993_Records_logo_CC.png","width":2900,"height":2001,"caption":"Gramy-H Ltd."},"image":{"@id":"https:\/\/gr1993records.com\/#\/schema\/logo\/image\/"},"sameAs":["https:\/\/www.facebook.com\/GR1993Records-113564886691383\/"]}]}},"jetpack_sharing_enabled":true,"_links":{"self":[{"href":"https:\/\/gr1993records.com\/index.php\/wp-json\/wp\/v2\/pages\/4672","targetHints":{"allow":["GET"]}}],"collection":[{"href":"https:\/\/gr1993records.com\/index.php\/wp-json\/wp\/v2\/pages"}],"about":[{"href":"https:\/\/gr1993records.com\/index.php\/wp-json\/wp\/v2\/types\/page"}],"author":[{"embeddable":true,"href":"https:\/\/gr1993records.com\/index.php\/wp-json\/wp\/v2\/users\/2"}],"replies":[{"embeddable":true,"href":"https:\/\/gr1993records.com\/index.php\/wp-json\/wp\/v2\/comments?post=4672"}],"version-history":[{"count":5,"href":"https:\/\/gr1993records.com\/index.php\/wp-json\/wp\/v2\/pages\/4672\/revisions"}],"predecessor-version":[{"id":7879,"href":"https:\/\/gr1993records.com\/index.php\/wp-json\/wp\/v2\/pages\/4672\/revisions\/7879"}],"up":[{"embeddable":true,"href":"https:\/\/gr1993records.com\/index.php\/wp-json\/wp\/v2\/pages\/4565"}],"wp:featuredmedia":[{"embeddable":true,"href":"https:\/\/gr1993records.com\/index.php\/wp-json\/wp\/v2\/media\/6953"}],"wp:attachment":[{"href":"https:\/\/gr1993records.com\/index.php\/wp-json\/wp\/v2\/media?parent=4672"}],"wp:term":[{"taxonomy":"category","embeddable":true,"href":"https:\/\/gr1993records.com\/index.php\/wp-json\/wp\/v2\/categories?post=4672"},{"taxonomy":"post_tag","embeddable":true,"href":"https:\/\/gr1993records.com\/index.php\/wp-json\/wp\/v2\/tags?post=4672"}],"curies":[{"name":"wp","href":"https:\/\/api.w.org\/{rel}","templated":true}]}}