{"id":4668,"date":"2019-08-13T08:35:45","date_gmt":"2019-08-13T08:35:45","guid":{"rendered":"http:\/\/gr1993records.magex.hu\/?page_id=4668"},"modified":"2026-04-01T11:58:49","modified_gmt":"2026-04-01T09:58:49","slug":"solati-music","status":"publish","type":"page","link":"https:\/\/gr1993records.com\/index.php\/eloadok\/solati-music\/","title":{"rendered":"Solati Music"},"content":{"rendered":"<p>[vc_row][vc_column][vc_custom_heading title_font_size=&#8221;fs36&#8243; source=&#8221;post_title&#8221; use_theme_fonts=&#8221;yes&#8221; el_class=&#8221;mb60 mb30-md&#8221;][\/vc_column][\/vc_row][vc_row][vc_column width=&#8221;1\/2&#8243;][vc_column_text]A nemzetk\u00f6zi sikerek ut\u00e1n nemr\u00e9gen hazat\u00e9rt Tzum\u00f3 \u00c1rp\u00e1d Solati Music egy\u00fcttes\u00e9nek Debut c\u00edm\u0171 albuma szeptember 9-\u00e9n jelent meg. A Solati Music zenekar 2016-ban alakult. \u00c9letreh\u00edv\u00f3ja a nemzetk\u00f6zileg is elismert jazz-zongorista <strong>Tzumo \u00c1rp\u00e1d<\/strong>, aki Herbie Hancock tan\u00edtv\u00e1nya volt az Egyes\u00fclt \u00c1llamokban. Hancock nemr\u00e9gen \u00edgy nyilatkozott r\u00f3la: \u201d<em>Tzumo\u2019s the greatest from Hungary. He exactly very, very talented.<\/em>\u201d A form\u00e1ci\u00f3 f\u0151k\u00e9nt Rnb, Soul st\u00edlusban, a jazz harm\u00f3niak\u00e9szlet\u00e9t is felhaszn\u00e1lva, el\u0151remutat\u00f3 hangz\u00e1svil\u00e1got teremtett. Zen\u00e9j\u00fck egyfajta h\u00edd, mely k\u00fcl\u00f6nb\u00f6z\u0151 st\u00edlusokat k\u00f6t \u00f6ssze.<\/p>\n<p>A csod\u00e1latos hang\u00fa Pocsai Kriszta, mint sz\u00f6veg\u00edr\u00f3 is k\u00f6zrem\u0171k\u00f6dik a csapatban. Kriszta j\u00f3l ismert n\u00e9v a szakm\u00e1ban, a legend\u00e1s londoni 606 Clubban k\u00e9tszer is frenetikus sikert aratott. \u00cdzig-v\u00e9rig jazz \u00e9nekesn\u0151, aki egyben els\u0151oszt\u00e1ly\u00fa komponista is. Izgalmas reperto\u00e1rban vegy\u00edti saj\u00e1t, vil\u00e1gklasszis kompoz\u00edci\u00f3it az ismert standerdek eredeti hangv\u00e9tel\u0171 feldolgoz\u00e1saival.[\/vc_column_text][\/vc_column][vc_column width=&#8221;1\/2&#8243;][vc_single_image image=&#8221;5639&#8243; img_size=&#8221;large&#8221;][\/vc_column][\/vc_row][vc_row][vc_column][vc_column_text]A basszusgit\u00e1ros, Heilig Tomi \u00e9let\u00e9t m\u00e1r kisgyermek kor\u00e1t\u00f3l a zene hat\u00e1rozza meg, melyet sz\u00fcleinek k\u00f6sz\u00f6nhet. \u00c9desanyja, Eszm\u00e9nyi Vikt\u00f3ria \u00e9nekes, \u00e9desapja Heilig G\u00e1bor zeneszerz\u0151, sz\u00f6veg\u00edr\u00f3, git\u00e1ros. Tomi sok zenekarban j\u00e1tszik, p\u00e9ld\u00e1ul a Random Trio-ban \u00e9s a Punnany Massifban is.<\/p>\n<p>Sn\u00e9tberger Toni k\u00e1pr\u00e1zatos dobos. J\u00e1t\u00e9k\u00e1ban \u00e9rz\u0151dik a t\u00f6k\u00e9letes \u201etime\u201d \u00e9s az az ut\u00e1nozhatatlan \u201efeeling\u201d, ami a Solati Music \u00e1ltal j\u00e1tszott st\u00edlus alapja. A zene szeretet\u00e9t \u0151 is otthonr\u00f3l hozta, hiszen \u00e9desapja a Berlinben \u00e9l\u0151 vil\u00e1gh\u00edr\u0171 Sn\u00e9tberger Ferenc git\u00e1rm\u0171v\u00e9sz. Tzumo \u00e9s Toni egy \u00e9vig k\u00f6zrem\u0171k\u00f6dtek a Sn\u00e9tberger Quartetben, sikeres koncerteket adva Magyarorsz\u00e1gon \u00e9s k\u00fclf\u00f6ld\u00f6n.[\/vc_column_text][vc_separator][vc_column_text]<strong>A Solati Music tagjai:<\/strong><strong><br \/>\n<\/strong>Tzumo \u00c1rp\u00e1d &#8211; billenty\u0171s hangszerek<br \/>\nPocsai Kriszta &#8211; \u00e9nek<br \/>\nHeilig Tomi \u2013 basszusgit\u00e1r<br \/>\nSn\u00e9tberger Toni &#8211; dob[\/vc_column_text][vc_separator][vc_column_text]<a href=\"http:\/\/www.solatimusic.com\/\" target=\"_blank\" rel=\"noopener noreferrer\"><strong>El\u0151ad\u00f3 hivatalos weboldala<\/strong><\/a>[\/vc_column_text][vc_separator][\/vc_column][\/vc_row][vc_row][vc_column][vc_empty_space][vc_custom_heading title_font_size=&#8221;fs36&#8243; text=&#8221;El\u0151ad\u00f3hoz kapcsol\u00f3d\u00f3 kiadv\u00e1nyok&#8221; use_theme_fonts=&#8221;yes&#8221; el_class=&#8221;mb60 mb30-md&#8221;][vc_basic_grid post_type=&#8221;product&#8221; max_items=&#8221;-1&#8243; element_width=&#8221;3&#8243; item=&#8221;5015&#8243; grid_id=&#8221;vc_gid:1775037489341-0c50d5c5-280e-4&#8243; taxonomies=&#8221;146&#8243;][\/vc_column][\/vc_row]<\/p>","protected":false},"excerpt":{"rendered":"<p>[vc_row][vc_column][vc_custom_heading title_font_size=&#8221;fs36&#8243; source=&#8221;post_title&#8221; use_theme_fonts=&#8221;yes&#8221; el_class=&#8221;mb60 mb30-md&#8221;][\/vc_column][\/vc_row][vc_row][vc_column width=&#8221;1\/2&#8243;][vc_column_text]A nemzetk\u00f6zi sikerek ut\u00e1n nemr\u00e9gen hazat\u00e9rt Tzum\u00f3 \u00c1rp\u00e1d Solati Music egy\u00fcttes\u00e9nek Debut c\u00edm\u0171 albuma szeptember 9-\u00e9n jelent meg. A Solati Music zenekar 2016-ban alakult. \u00c9letreh\u00edv\u00f3ja a nemzetk\u00f6zileg is elismert jazz-zongorista Tzumo \u00c1rp\u00e1d, aki Herbie Hancock tan\u00edtv\u00e1nya volt az Egyes\u00fclt \u00c1llamokban. Hancock nemr\u00e9gen \u00edgy nyilatkozott r\u00f3la: \u201dTzumo\u2019s the greatest from [&hellip;]<\/p>\n","protected":false},"author":2,"featured_media":4753,"parent":4565,"menu_order":3,"comment_status":"closed","ping_status":"closed","template":"","meta":{"footnotes":""},"categories":[128],"tags":[],"class_list":["post-4668","page","type-page","status-publish","has-post-thumbnail","hentry","category-artists"],"yoast_head":"<!-- This site is optimized with the Yoast SEO plugin v27.2 - https:\/\/yoast.com\/product\/yoast-seo-wordpress\/ -->\n<title>Solati Music &#8211; GR1993 Records<\/title>\n<meta name=\"robots\" content=\"index, follow, max-snippet:-1, max-image-preview:large, max-video-preview:-1\" \/>\n<link rel=\"canonical\" href=\"https:\/\/gr1993records.com\/index.php\/eloadok\/solati-music\/\" \/>\n<meta property=\"og:locale\" content=\"hu_HU\" \/>\n<meta property=\"og:type\" content=\"article\" \/>\n<meta property=\"og:title\" content=\"Solati Music &#8211; GR1993 Records\" \/>\n<meta property=\"og:description\" content=\"[vc_row][vc_column][vc_custom_heading title_font_size=&#8221;fs36&#8243; source=&#8221;post_title&#8221; use_theme_fonts=&#8221;yes&#8221; el_class=&#8221;mb60 mb30-md&#8221;][\/vc_column][\/vc_row][vc_row][vc_column width=&#8221;1\/2&#8243;][vc_column_text]A nemzetk\u00f6zi sikerek ut\u00e1n nemr\u00e9gen hazat\u00e9rt Tzum\u00f3 \u00c1rp\u00e1d Solati Music egy\u00fcttes\u00e9nek Debut c\u00edm\u0171 albuma szeptember 9-\u00e9n jelent meg. A Solati Music zenekar 2016-ban alakult. \u00c9letreh\u00edv\u00f3ja a nemzetk\u00f6zileg is elismert jazz-zongorista Tzumo \u00c1rp\u00e1d, aki Herbie Hancock tan\u00edtv\u00e1nya volt az Egyes\u00fclt \u00c1llamokban. Hancock nemr\u00e9gen \u00edgy nyilatkozott r\u00f3la: \u201dTzumo\u2019s the greatest from [&hellip;]\" \/>\n<meta property=\"og:url\" content=\"https:\/\/gr1993records.com\/index.php\/eloadok\/solati-music\/\" \/>\n<meta property=\"og:site_name\" content=\"GR1993 Records\" \/>\n<meta property=\"article:publisher\" content=\"https:\/\/www.facebook.com\/GR1993Records-113564886691383\/\" \/>\n<meta property=\"article:modified_time\" content=\"2026-04-01T09:58:49+00:00\" \/>\n<meta property=\"og:image\" content=\"https:\/\/gr1993records.com\/wp-content\/uploads\/2019\/08\/2-4.jpg\" \/>\n\t<meta property=\"og:image:width\" content=\"1200\" \/>\n\t<meta property=\"og:image:height\" content=\"900\" \/>\n\t<meta property=\"og:image:type\" content=\"image\/jpeg\" \/>\n<meta name=\"twitter:card\" content=\"summary_large_image\" \/>\n<meta name=\"twitter:label1\" content=\"Becs\u00fclt olvas\u00e1si id\u0151\" \/>\n\t<meta name=\"twitter:data1\" content=\"2 perc\" \/>\n<script type=\"application\/ld+json\" class=\"yoast-schema-graph\">{\"@context\":\"https:\/\/schema.org\",\"@graph\":[{\"@type\":\"WebPage\",\"@id\":\"https:\/\/gr1993records.com\/index.php\/eloadok\/solati-music\/\",\"url\":\"https:\/\/gr1993records.com\/index.php\/eloadok\/solati-music\/\",\"name\":\"Solati Music &#8211; GR1993 Records\",\"isPartOf\":{\"@id\":\"https:\/\/gr1993records.com\/#website\"},\"primaryImageOfPage\":{\"@id\":\"https:\/\/gr1993records.com\/index.php\/eloadok\/solati-music\/#primaryimage\"},\"image\":{\"@id\":\"https:\/\/gr1993records.com\/index.php\/eloadok\/solati-music\/#primaryimage\"},\"thumbnailUrl\":\"https:\/\/gr1993records.com\/wp-content\/uploads\/2019\/08\/2-4.jpg\",\"datePublished\":\"2019-08-13T08:35:45+00:00\",\"dateModified\":\"2026-04-01T09:58:49+00:00\",\"breadcrumb\":{\"@id\":\"https:\/\/gr1993records.com\/index.php\/eloadok\/solati-music\/#breadcrumb\"},\"inLanguage\":\"hu\",\"potentialAction\":[{\"@type\":\"ReadAction\",\"target\":[\"https:\/\/gr1993records.com\/index.php\/eloadok\/solati-music\/\"]}]},{\"@type\":\"ImageObject\",\"inLanguage\":\"hu\",\"@id\":\"https:\/\/gr1993records.com\/index.php\/eloadok\/solati-music\/#primaryimage\",\"url\":\"https:\/\/gr1993records.com\/wp-content\/uploads\/2019\/08\/2-4.jpg\",\"contentUrl\":\"https:\/\/gr1993records.com\/wp-content\/uploads\/2019\/08\/2-4.jpg\",\"width\":1200,\"height\":900,\"caption\":\"Solati Music\"},{\"@type\":\"BreadcrumbList\",\"@id\":\"https:\/\/gr1993records.com\/index.php\/eloadok\/solati-music\/#breadcrumb\",\"itemListElement\":[{\"@type\":\"ListItem\",\"position\":1,\"name\":\"Home\",\"item\":\"https:\/\/gr1993records.com\/\"},{\"@type\":\"ListItem\",\"position\":2,\"name\":\"El\u0151ad\u00f3k\",\"item\":\"https:\/\/gr1993records.com\/index.php\/eloadok\/?lang=en\"},{\"@type\":\"ListItem\",\"position\":3,\"name\":\"Solati Music\"}]},{\"@type\":\"WebSite\",\"@id\":\"https:\/\/gr1993records.com\/#website\",\"url\":\"https:\/\/gr1993records.com\/\",\"name\":\"GR1993 Records\",\"description\":\"\",\"publisher\":{\"@id\":\"https:\/\/gr1993records.com\/#organization\"},\"potentialAction\":[{\"@type\":\"SearchAction\",\"target\":{\"@type\":\"EntryPoint\",\"urlTemplate\":\"https:\/\/gr1993records.com\/?s={search_term_string}\"},\"query-input\":{\"@type\":\"PropertyValueSpecification\",\"valueRequired\":true,\"valueName\":\"search_term_string\"}}],\"inLanguage\":\"hu\"},{\"@type\":\"Organization\",\"@id\":\"https:\/\/gr1993records.com\/#organization\",\"name\":\"Gramy-H Ltd.\",\"url\":\"https:\/\/gr1993records.com\/\",\"logo\":{\"@type\":\"ImageObject\",\"inLanguage\":\"hu\",\"@id\":\"https:\/\/gr1993records.com\/#\/schema\/logo\/image\/\",\"url\":\"https:\/\/gr1993records.com\/wp-content\/uploads\/2019\/08\/GR1993_Records_logo_CC.png\",\"contentUrl\":\"https:\/\/gr1993records.com\/wp-content\/uploads\/2019\/08\/GR1993_Records_logo_CC.png\",\"width\":2900,\"height\":2001,\"caption\":\"Gramy-H Ltd.\"},\"image\":{\"@id\":\"https:\/\/gr1993records.com\/#\/schema\/logo\/image\/\"},\"sameAs\":[\"https:\/\/www.facebook.com\/GR1993Records-113564886691383\/\"]}]}<\/script>\n<!-- \/ Yoast SEO plugin. -->","yoast_head_json":{"title":"Solati Music &#8211; GR1993 Records","robots":{"index":"index","follow":"follow","max-snippet":"max-snippet:-1","max-image-preview":"max-image-preview:large","max-video-preview":"max-video-preview:-1"},"canonical":"https:\/\/gr1993records.com\/index.php\/eloadok\/solati-music\/","og_locale":"hu_HU","og_type":"article","og_title":"Solati Music &#8211; GR1993 Records","og_description":"[vc_row][vc_column][vc_custom_heading title_font_size=&#8221;fs36&#8243; source=&#8221;post_title&#8221; use_theme_fonts=&#8221;yes&#8221; el_class=&#8221;mb60 mb30-md&#8221;][\/vc_column][\/vc_row][vc_row][vc_column width=&#8221;1\/2&#8243;][vc_column_text]A nemzetk\u00f6zi sikerek ut\u00e1n nemr\u00e9gen hazat\u00e9rt Tzum\u00f3 \u00c1rp\u00e1d Solati Music egy\u00fcttes\u00e9nek Debut c\u00edm\u0171 albuma szeptember 9-\u00e9n jelent meg. A Solati Music zenekar 2016-ban alakult. \u00c9letreh\u00edv\u00f3ja a nemzetk\u00f6zileg is elismert jazz-zongorista Tzumo \u00c1rp\u00e1d, aki Herbie Hancock tan\u00edtv\u00e1nya volt az Egyes\u00fclt \u00c1llamokban. Hancock nemr\u00e9gen \u00edgy nyilatkozott r\u00f3la: \u201dTzumo\u2019s the greatest from [&hellip;]","og_url":"https:\/\/gr1993records.com\/index.php\/eloadok\/solati-music\/","og_site_name":"GR1993 Records","article_publisher":"https:\/\/www.facebook.com\/GR1993Records-113564886691383\/","article_modified_time":"2026-04-01T09:58:49+00:00","og_image":[{"width":1200,"height":900,"url":"https:\/\/gr1993records.com\/wp-content\/uploads\/2019\/08\/2-4.jpg","type":"image\/jpeg"}],"twitter_card":"summary_large_image","twitter_misc":{"Becs\u00fclt olvas\u00e1si id\u0151":"2 perc"},"schema":{"@context":"https:\/\/schema.org","@graph":[{"@type":"WebPage","@id":"https:\/\/gr1993records.com\/index.php\/eloadok\/solati-music\/","url":"https:\/\/gr1993records.com\/index.php\/eloadok\/solati-music\/","name":"Solati Music &#8211; GR1993 Records","isPartOf":{"@id":"https:\/\/gr1993records.com\/#website"},"primaryImageOfPage":{"@id":"https:\/\/gr1993records.com\/index.php\/eloadok\/solati-music\/#primaryimage"},"image":{"@id":"https:\/\/gr1993records.com\/index.php\/eloadok\/solati-music\/#primaryimage"},"thumbnailUrl":"https:\/\/gr1993records.com\/wp-content\/uploads\/2019\/08\/2-4.jpg","datePublished":"2019-08-13T08:35:45+00:00","dateModified":"2026-04-01T09:58:49+00:00","breadcrumb":{"@id":"https:\/\/gr1993records.com\/index.php\/eloadok\/solati-music\/#breadcrumb"},"inLanguage":"hu","potentialAction":[{"@type":"ReadAction","target":["https:\/\/gr1993records.com\/index.php\/eloadok\/solati-music\/"]}]},{"@type":"ImageObject","inLanguage":"hu","@id":"https:\/\/gr1993records.com\/index.php\/eloadok\/solati-music\/#primaryimage","url":"https:\/\/gr1993records.com\/wp-content\/uploads\/2019\/08\/2-4.jpg","contentUrl":"https:\/\/gr1993records.com\/wp-content\/uploads\/2019\/08\/2-4.jpg","width":1200,"height":900,"caption":"Solati Music"},{"@type":"BreadcrumbList","@id":"https:\/\/gr1993records.com\/index.php\/eloadok\/solati-music\/#breadcrumb","itemListElement":[{"@type":"ListItem","position":1,"name":"Home","item":"https:\/\/gr1993records.com\/"},{"@type":"ListItem","position":2,"name":"El\u0151ad\u00f3k","item":"https:\/\/gr1993records.com\/index.php\/eloadok\/?lang=en"},{"@type":"ListItem","position":3,"name":"Solati Music"}]},{"@type":"WebSite","@id":"https:\/\/gr1993records.com\/#website","url":"https:\/\/gr1993records.com\/","name":"GR1993 Records","description":"","publisher":{"@id":"https:\/\/gr1993records.com\/#organization"},"potentialAction":[{"@type":"SearchAction","target":{"@type":"EntryPoint","urlTemplate":"https:\/\/gr1993records.com\/?s={search_term_string}"},"query-input":{"@type":"PropertyValueSpecification","valueRequired":true,"valueName":"search_term_string"}}],"inLanguage":"hu"},{"@type":"Organization","@id":"https:\/\/gr1993records.com\/#organization","name":"Gramy-H Ltd.","url":"https:\/\/gr1993records.com\/","logo":{"@type":"ImageObject","inLanguage":"hu","@id":"https:\/\/gr1993records.com\/#\/schema\/logo\/image\/","url":"https:\/\/gr1993records.com\/wp-content\/uploads\/2019\/08\/GR1993_Records_logo_CC.png","contentUrl":"https:\/\/gr1993records.com\/wp-content\/uploads\/2019\/08\/GR1993_Records_logo_CC.png","width":2900,"height":2001,"caption":"Gramy-H Ltd."},"image":{"@id":"https:\/\/gr1993records.com\/#\/schema\/logo\/image\/"},"sameAs":["https:\/\/www.facebook.com\/GR1993Records-113564886691383\/"]}]}},"jetpack_sharing_enabled":true,"_links":{"self":[{"href":"https:\/\/gr1993records.com\/index.php\/wp-json\/wp\/v2\/pages\/4668","targetHints":{"allow":["GET"]}}],"collection":[{"href":"https:\/\/gr1993records.com\/index.php\/wp-json\/wp\/v2\/pages"}],"about":[{"href":"https:\/\/gr1993records.com\/index.php\/wp-json\/wp\/v2\/types\/page"}],"author":[{"embeddable":true,"href":"https:\/\/gr1993records.com\/index.php\/wp-json\/wp\/v2\/users\/2"}],"replies":[{"embeddable":true,"href":"https:\/\/gr1993records.com\/index.php\/wp-json\/wp\/v2\/comments?post=4668"}],"version-history":[{"count":26,"href":"https:\/\/gr1993records.com\/index.php\/wp-json\/wp\/v2\/pages\/4668\/revisions"}],"predecessor-version":[{"id":7869,"href":"https:\/\/gr1993records.com\/index.php\/wp-json\/wp\/v2\/pages\/4668\/revisions\/7869"}],"up":[{"embeddable":true,"href":"https:\/\/gr1993records.com\/index.php\/wp-json\/wp\/v2\/pages\/4565"}],"wp:featuredmedia":[{"embeddable":true,"href":"https:\/\/gr1993records.com\/index.php\/wp-json\/wp\/v2\/media\/4753"}],"wp:attachment":[{"href":"https:\/\/gr1993records.com\/index.php\/wp-json\/wp\/v2\/media?parent=4668"}],"wp:term":[{"taxonomy":"category","embeddable":true,"href":"https:\/\/gr1993records.com\/index.php\/wp-json\/wp\/v2\/categories?post=4668"},{"taxonomy":"post_tag","embeddable":true,"href":"https:\/\/gr1993records.com\/index.php\/wp-json\/wp\/v2\/tags?post=4668"}],"curies":[{"name":"wp","href":"https:\/\/api.w.org\/{rel}","templated":true}]}}