{"id":4666,"date":"2019-08-13T08:35:20","date_gmt":"2019-08-13T08:35:20","guid":{"rendered":"http:\/\/gr1993records.magex.hu\/?page_id=4666"},"modified":"2026-04-01T11:48:27","modified_gmt":"2026-04-01T09:48:27","slug":"steve-hackett","status":"publish","type":"page","link":"https:\/\/gr1993records.com\/index.php\/eloadok\/steve-hackett\/","title":{"rendered":"Steve Hackett"},"content":{"rendered":"<p>[vc_row][vc_column][vc_custom_heading title_font_size=&#8221;fs36&#8243; source=&#8221;post_title&#8221; use_theme_fonts=&#8221;yes&#8221; el_class=&#8221;mb60 mb30-md&#8221;][\/vc_column][\/vc_row][vc_row][vc_column width=&#8221;1\/2&#8243;][vc_column_text]Steve Hackett az angol rockt\u00f6rt\u00e9net ma is akt\u00edv git\u00e1rosa \u00e9s zeneszerz\u0151je 1950. febru\u00e1r 12-\u00e9n sz\u00fcletett Londonban.<br \/>\nTizenk\u00e9t \u00e9ves kora \u00f3ta j\u00e1tszik git\u00e1ron. 1970 december\u00e9ben a Melody Maker angol zenei szaklapban feladott hirdet\u00e9se alapj\u00e1n, Peter Gabriel a Genesis alap\u00edt\u00f3 \u00e9nekese felh\u00edvta \u00f5t telefonon. Hackett ezut\u00e1n h\u00e9t \u00e9vet t\u00f6lt\u00f6tt el a Genesisben, \u00e9s olyan vil\u00e1gh\u00edr\u0171 albumok fontos szerepl\u0151je lett, mint pl. a Lamb Lies Down On Broadway, vagy a Wind and Wuthering.<br \/>\n1975-ben jelent meg els\u00f5 sz\u00f3l\u00f3 lemeze, akkor m\u00e9g f\u0151leg Genesis tagok, \u00edgy Mike Rutherford \u00e9s Phil Collins k\u00f6zrem\u0171k\u00f6d\u00e9s\u00e9vel. Ez a lemez, a Voyage of the Acolyte volt az els\u0151 amelyen m\u00e1r \u00f6ccse,- John Hackett is k\u00f6zrem\u0171k\u00f6d\u00f6tt fuvol\u00e1n.<br \/>\nSikeres sz\u00f3l\u00f3lemezek \u00e9s vil\u00e1gk\u00f6r\u00fcli turn\u00e9k ut\u00e1n, 1986-ban a Yes git\u00e1ros\u00e1val, Stewe Howe-val megalap\u00edtott\u00e1k az amerikai Top list\u00e1k cs\u00facsiat is megj\u00e1rt GTR egy\u00fcttest.<br \/>\nHackett mindig is vonz\u00f3dott a klasszikus zene fel\u00e9. Megannyi rock album ut\u00e1n 1983-ban jelentette meg els\u00f5 klasszikus lemez\u00e9t Bay of Kings c\u00edmmel. Az\u00f3ta munk\u00e1ss\u00e1g\u00e1ban egyszerre van jelen a rock \u00e9s a klasszikus zene.<br \/>\nSikeres sz\u00f3l\u00f3 p\u00e1lyafut\u00e1sa sor\u00e1n tucatnyi albumot jelentetett meg. 2012 \u00f3ta Genesis Revisited produkci\u00f3j\u00e1val j\u00e1rja a vil\u00e1got, minden\u00fctt fergeteges sikert aratva. A koncertek sor\u00e1n a Genesis sz\u00e1mok mellett saj\u00e1t sz\u00f3l\u00f3darabjait is sz\u00edvesen j\u00e1tssza.<\/p>\n<p>2003 \u00f3ta dolgozik st\u00fadi\u00f3ban \u00e9s koncertek alkalm\u00e1val is a Djabe zenekarral.[\/vc_column_text][\/vc_column][vc_column width=&#8221;1\/2&#8243;][vc_single_image image=&#8221;5269&#8243; img_size=&#8221;large&#8221;][\/vc_column][\/vc_row][vc_row][vc_column][vc_separator][vc_column_text]<strong><a href=\"http:\/\/www.hackettsongs.com\" target=\"_blank\" rel=\"noopener noreferrer\">El\u0151ad\u00f3 hivatalos oldala<\/a><\/strong>[\/vc_column_text][vc_separator][\/vc_column][\/vc_row][vc_row][vc_column][vc_empty_space][vc_custom_heading title_font_size=&#8221;fs36&#8243; text=&#8221;El\u0151ad\u00f3hoz kapcsol\u00f3d\u00f3 kiadv\u00e1nyok&#8221; use_theme_fonts=&#8221;yes&#8221; el_class=&#8221;mb60 mb30-md&#8221;][vc_basic_grid post_type=&#8221;product&#8221; max_items=&#8221;-1&#8243; style=&#8221;lazy&#8221; items_per_page=&#8221;12&#8243; element_width=&#8221;3&#8243; item=&#8221;5015&#8243; grid_id=&#8221;vc_gid:1775036889055-50bae7f0-5559-9&#8243; taxonomies=&#8221;147&#8243;][\/vc_column][\/vc_row]<\/p>","protected":false},"excerpt":{"rendered":"<p>[vc_row][vc_column][vc_custom_heading title_font_size=&#8221;fs36&#8243; source=&#8221;post_title&#8221; use_theme_fonts=&#8221;yes&#8221; el_class=&#8221;mb60 mb30-md&#8221;][\/vc_column][\/vc_row][vc_row][vc_column width=&#8221;1\/2&#8243;][vc_column_text]Steve Hackett az angol rockt\u00f6rt\u00e9net ma is akt\u00edv git\u00e1rosa \u00e9s zeneszerz\u0151je 1950. febru\u00e1r 12-\u00e9n sz\u00fcletett Londonban. Tizenk\u00e9t \u00e9ves kora \u00f3ta j\u00e1tszik git\u00e1ron. 1970 december\u00e9ben a Melody Maker angol zenei szaklapban feladott hirdet\u00e9se alapj\u00e1n, Peter Gabriel a Genesis alap\u00edt\u00f3 \u00e9nekese felh\u00edvta \u00f5t telefonon. Hackett ezut\u00e1n h\u00e9t \u00e9vet t\u00f6lt\u00f6tt el a [&hellip;]<\/p>\n","protected":false},"author":2,"featured_media":4757,"parent":4565,"menu_order":1,"comment_status":"closed","ping_status":"closed","template":"","meta":{"footnotes":""},"categories":[128],"tags":[],"class_list":["post-4666","page","type-page","status-publish","has-post-thumbnail","hentry","category-artists"],"yoast_head":"<!-- This site is optimized with the Yoast SEO plugin v27.2 - https:\/\/yoast.com\/product\/yoast-seo-wordpress\/ -->\n<title>Steve Hackett &#8211; GR1993 Records<\/title>\n<meta name=\"robots\" content=\"index, follow, max-snippet:-1, max-image-preview:large, max-video-preview:-1\" \/>\n<link rel=\"canonical\" href=\"https:\/\/gr1993records.com\/index.php\/eloadok\/steve-hackett\/\" \/>\n<meta property=\"og:locale\" content=\"hu_HU\" \/>\n<meta property=\"og:type\" content=\"article\" \/>\n<meta property=\"og:title\" content=\"Steve Hackett &#8211; GR1993 Records\" \/>\n<meta property=\"og:description\" content=\"[vc_row][vc_column][vc_custom_heading title_font_size=&#8221;fs36&#8243; source=&#8221;post_title&#8221; use_theme_fonts=&#8221;yes&#8221; el_class=&#8221;mb60 mb30-md&#8221;][\/vc_column][\/vc_row][vc_row][vc_column width=&#8221;1\/2&#8243;][vc_column_text]Steve Hackett az angol rockt\u00f6rt\u00e9net ma is akt\u00edv git\u00e1rosa \u00e9s zeneszerz\u0151je 1950. febru\u00e1r 12-\u00e9n sz\u00fcletett Londonban. Tizenk\u00e9t \u00e9ves kora \u00f3ta j\u00e1tszik git\u00e1ron. 1970 december\u00e9ben a Melody Maker angol zenei szaklapban feladott hirdet\u00e9se alapj\u00e1n, Peter Gabriel a Genesis alap\u00edt\u00f3 \u00e9nekese felh\u00edvta \u00f5t telefonon. Hackett ezut\u00e1n h\u00e9t \u00e9vet t\u00f6lt\u00f6tt el a [&hellip;]\" \/>\n<meta property=\"og:url\" content=\"https:\/\/gr1993records.com\/index.php\/eloadok\/steve-hackett\/\" \/>\n<meta property=\"og:site_name\" content=\"GR1993 Records\" \/>\n<meta property=\"article:publisher\" content=\"https:\/\/www.facebook.com\/GR1993Records-113564886691383\/\" \/>\n<meta property=\"article:modified_time\" content=\"2026-04-01T09:48:27+00:00\" \/>\n<meta property=\"og:image\" content=\"https:\/\/gr1993records.com\/wp-content\/uploads\/2019\/08\/SteveHackettTour2019-final-A3-copy.jpg\" \/>\n\t<meta property=\"og:image:width\" content=\"790\" \/>\n\t<meta property=\"og:image:height\" content=\"769\" \/>\n\t<meta property=\"og:image:type\" content=\"image\/jpeg\" \/>\n<meta name=\"twitter:card\" content=\"summary_large_image\" \/>\n<meta name=\"twitter:label1\" content=\"Becs\u00fclt olvas\u00e1si id\u0151\" \/>\n\t<meta name=\"twitter:data1\" content=\"2 perc\" \/>\n<script type=\"application\/ld+json\" class=\"yoast-schema-graph\">{\"@context\":\"https:\/\/schema.org\",\"@graph\":[{\"@type\":\"WebPage\",\"@id\":\"https:\/\/gr1993records.com\/index.php\/eloadok\/steve-hackett\/\",\"url\":\"https:\/\/gr1993records.com\/index.php\/eloadok\/steve-hackett\/\",\"name\":\"Steve Hackett &#8211; GR1993 Records\",\"isPartOf\":{\"@id\":\"https:\/\/gr1993records.com\/#website\"},\"primaryImageOfPage\":{\"@id\":\"https:\/\/gr1993records.com\/index.php\/eloadok\/steve-hackett\/#primaryimage\"},\"image\":{\"@id\":\"https:\/\/gr1993records.com\/index.php\/eloadok\/steve-hackett\/#primaryimage\"},\"thumbnailUrl\":\"https:\/\/gr1993records.com\/wp-content\/uploads\/2019\/08\/SteveHackettTour2019-final-A3-copy.jpg\",\"datePublished\":\"2019-08-13T08:35:20+00:00\",\"dateModified\":\"2026-04-01T09:48:27+00:00\",\"breadcrumb\":{\"@id\":\"https:\/\/gr1993records.com\/index.php\/eloadok\/steve-hackett\/#breadcrumb\"},\"inLanguage\":\"hu\",\"potentialAction\":[{\"@type\":\"ReadAction\",\"target\":[\"https:\/\/gr1993records.com\/index.php\/eloadok\/steve-hackett\/\"]}]},{\"@type\":\"ImageObject\",\"inLanguage\":\"hu\",\"@id\":\"https:\/\/gr1993records.com\/index.php\/eloadok\/steve-hackett\/#primaryimage\",\"url\":\"https:\/\/gr1993records.com\/wp-content\/uploads\/2019\/08\/SteveHackettTour2019-final-A3-copy.jpg\",\"contentUrl\":\"https:\/\/gr1993records.com\/wp-content\/uploads\/2019\/08\/SteveHackettTour2019-final-A3-copy.jpg\",\"width\":790,\"height\":769,\"caption\":\"Steve Hackett\"},{\"@type\":\"BreadcrumbList\",\"@id\":\"https:\/\/gr1993records.com\/index.php\/eloadok\/steve-hackett\/#breadcrumb\",\"itemListElement\":[{\"@type\":\"ListItem\",\"position\":1,\"name\":\"Home\",\"item\":\"https:\/\/gr1993records.com\/\"},{\"@type\":\"ListItem\",\"position\":2,\"name\":\"El\u0151ad\u00f3k\",\"item\":\"https:\/\/gr1993records.com\/index.php\/eloadok\/?lang=en\"},{\"@type\":\"ListItem\",\"position\":3,\"name\":\"Steve Hackett\"}]},{\"@type\":\"WebSite\",\"@id\":\"https:\/\/gr1993records.com\/#website\",\"url\":\"https:\/\/gr1993records.com\/\",\"name\":\"GR1993 Records\",\"description\":\"\",\"publisher\":{\"@id\":\"https:\/\/gr1993records.com\/#organization\"},\"potentialAction\":[{\"@type\":\"SearchAction\",\"target\":{\"@type\":\"EntryPoint\",\"urlTemplate\":\"https:\/\/gr1993records.com\/?s={search_term_string}\"},\"query-input\":{\"@type\":\"PropertyValueSpecification\",\"valueRequired\":true,\"valueName\":\"search_term_string\"}}],\"inLanguage\":\"hu\"},{\"@type\":\"Organization\",\"@id\":\"https:\/\/gr1993records.com\/#organization\",\"name\":\"Gramy-H Ltd.\",\"url\":\"https:\/\/gr1993records.com\/\",\"logo\":{\"@type\":\"ImageObject\",\"inLanguage\":\"hu\",\"@id\":\"https:\/\/gr1993records.com\/#\/schema\/logo\/image\/\",\"url\":\"https:\/\/gr1993records.com\/wp-content\/uploads\/2019\/08\/GR1993_Records_logo_CC.png\",\"contentUrl\":\"https:\/\/gr1993records.com\/wp-content\/uploads\/2019\/08\/GR1993_Records_logo_CC.png\",\"width\":2900,\"height\":2001,\"caption\":\"Gramy-H Ltd.\"},\"image\":{\"@id\":\"https:\/\/gr1993records.com\/#\/schema\/logo\/image\/\"},\"sameAs\":[\"https:\/\/www.facebook.com\/GR1993Records-113564886691383\/\"]}]}<\/script>\n<!-- \/ Yoast SEO plugin. -->","yoast_head_json":{"title":"Steve Hackett &#8211; GR1993 Records","robots":{"index":"index","follow":"follow","max-snippet":"max-snippet:-1","max-image-preview":"max-image-preview:large","max-video-preview":"max-video-preview:-1"},"canonical":"https:\/\/gr1993records.com\/index.php\/eloadok\/steve-hackett\/","og_locale":"hu_HU","og_type":"article","og_title":"Steve Hackett &#8211; GR1993 Records","og_description":"[vc_row][vc_column][vc_custom_heading title_font_size=&#8221;fs36&#8243; source=&#8221;post_title&#8221; use_theme_fonts=&#8221;yes&#8221; el_class=&#8221;mb60 mb30-md&#8221;][\/vc_column][\/vc_row][vc_row][vc_column width=&#8221;1\/2&#8243;][vc_column_text]Steve Hackett az angol rockt\u00f6rt\u00e9net ma is akt\u00edv git\u00e1rosa \u00e9s zeneszerz\u0151je 1950. febru\u00e1r 12-\u00e9n sz\u00fcletett Londonban. Tizenk\u00e9t \u00e9ves kora \u00f3ta j\u00e1tszik git\u00e1ron. 1970 december\u00e9ben a Melody Maker angol zenei szaklapban feladott hirdet\u00e9se alapj\u00e1n, Peter Gabriel a Genesis alap\u00edt\u00f3 \u00e9nekese felh\u00edvta \u00f5t telefonon. Hackett ezut\u00e1n h\u00e9t \u00e9vet t\u00f6lt\u00f6tt el a [&hellip;]","og_url":"https:\/\/gr1993records.com\/index.php\/eloadok\/steve-hackett\/","og_site_name":"GR1993 Records","article_publisher":"https:\/\/www.facebook.com\/GR1993Records-113564886691383\/","article_modified_time":"2026-04-01T09:48:27+00:00","og_image":[{"width":790,"height":769,"url":"https:\/\/gr1993records.com\/wp-content\/uploads\/2019\/08\/SteveHackettTour2019-final-A3-copy.jpg","type":"image\/jpeg"}],"twitter_card":"summary_large_image","twitter_misc":{"Becs\u00fclt olvas\u00e1si id\u0151":"2 perc"},"schema":{"@context":"https:\/\/schema.org","@graph":[{"@type":"WebPage","@id":"https:\/\/gr1993records.com\/index.php\/eloadok\/steve-hackett\/","url":"https:\/\/gr1993records.com\/index.php\/eloadok\/steve-hackett\/","name":"Steve Hackett &#8211; GR1993 Records","isPartOf":{"@id":"https:\/\/gr1993records.com\/#website"},"primaryImageOfPage":{"@id":"https:\/\/gr1993records.com\/index.php\/eloadok\/steve-hackett\/#primaryimage"},"image":{"@id":"https:\/\/gr1993records.com\/index.php\/eloadok\/steve-hackett\/#primaryimage"},"thumbnailUrl":"https:\/\/gr1993records.com\/wp-content\/uploads\/2019\/08\/SteveHackettTour2019-final-A3-copy.jpg","datePublished":"2019-08-13T08:35:20+00:00","dateModified":"2026-04-01T09:48:27+00:00","breadcrumb":{"@id":"https:\/\/gr1993records.com\/index.php\/eloadok\/steve-hackett\/#breadcrumb"},"inLanguage":"hu","potentialAction":[{"@type":"ReadAction","target":["https:\/\/gr1993records.com\/index.php\/eloadok\/steve-hackett\/"]}]},{"@type":"ImageObject","inLanguage":"hu","@id":"https:\/\/gr1993records.com\/index.php\/eloadok\/steve-hackett\/#primaryimage","url":"https:\/\/gr1993records.com\/wp-content\/uploads\/2019\/08\/SteveHackettTour2019-final-A3-copy.jpg","contentUrl":"https:\/\/gr1993records.com\/wp-content\/uploads\/2019\/08\/SteveHackettTour2019-final-A3-copy.jpg","width":790,"height":769,"caption":"Steve Hackett"},{"@type":"BreadcrumbList","@id":"https:\/\/gr1993records.com\/index.php\/eloadok\/steve-hackett\/#breadcrumb","itemListElement":[{"@type":"ListItem","position":1,"name":"Home","item":"https:\/\/gr1993records.com\/"},{"@type":"ListItem","position":2,"name":"El\u0151ad\u00f3k","item":"https:\/\/gr1993records.com\/index.php\/eloadok\/?lang=en"},{"@type":"ListItem","position":3,"name":"Steve Hackett"}]},{"@type":"WebSite","@id":"https:\/\/gr1993records.com\/#website","url":"https:\/\/gr1993records.com\/","name":"GR1993 Records","description":"","publisher":{"@id":"https:\/\/gr1993records.com\/#organization"},"potentialAction":[{"@type":"SearchAction","target":{"@type":"EntryPoint","urlTemplate":"https:\/\/gr1993records.com\/?s={search_term_string}"},"query-input":{"@type":"PropertyValueSpecification","valueRequired":true,"valueName":"search_term_string"}}],"inLanguage":"hu"},{"@type":"Organization","@id":"https:\/\/gr1993records.com\/#organization","name":"Gramy-H Ltd.","url":"https:\/\/gr1993records.com\/","logo":{"@type":"ImageObject","inLanguage":"hu","@id":"https:\/\/gr1993records.com\/#\/schema\/logo\/image\/","url":"https:\/\/gr1993records.com\/wp-content\/uploads\/2019\/08\/GR1993_Records_logo_CC.png","contentUrl":"https:\/\/gr1993records.com\/wp-content\/uploads\/2019\/08\/GR1993_Records_logo_CC.png","width":2900,"height":2001,"caption":"Gramy-H Ltd."},"image":{"@id":"https:\/\/gr1993records.com\/#\/schema\/logo\/image\/"},"sameAs":["https:\/\/www.facebook.com\/GR1993Records-113564886691383\/"]}]}},"jetpack_sharing_enabled":true,"_links":{"self":[{"href":"https:\/\/gr1993records.com\/index.php\/wp-json\/wp\/v2\/pages\/4666","targetHints":{"allow":["GET"]}}],"collection":[{"href":"https:\/\/gr1993records.com\/index.php\/wp-json\/wp\/v2\/pages"}],"about":[{"href":"https:\/\/gr1993records.com\/index.php\/wp-json\/wp\/v2\/types\/page"}],"author":[{"embeddable":true,"href":"https:\/\/gr1993records.com\/index.php\/wp-json\/wp\/v2\/users\/2"}],"replies":[{"embeddable":true,"href":"https:\/\/gr1993records.com\/index.php\/wp-json\/wp\/v2\/comments?post=4666"}],"version-history":[{"count":32,"href":"https:\/\/gr1993records.com\/index.php\/wp-json\/wp\/v2\/pages\/4666\/revisions"}],"predecessor-version":[{"id":7865,"href":"https:\/\/gr1993records.com\/index.php\/wp-json\/wp\/v2\/pages\/4666\/revisions\/7865"}],"up":[{"embeddable":true,"href":"https:\/\/gr1993records.com\/index.php\/wp-json\/wp\/v2\/pages\/4565"}],"wp:featuredmedia":[{"embeddable":true,"href":"https:\/\/gr1993records.com\/index.php\/wp-json\/wp\/v2\/media\/4757"}],"wp:attachment":[{"href":"https:\/\/gr1993records.com\/index.php\/wp-json\/wp\/v2\/media?parent=4666"}],"wp:term":[{"taxonomy":"category","embeddable":true,"href":"https:\/\/gr1993records.com\/index.php\/wp-json\/wp\/v2\/categories?post=4666"},{"taxonomy":"post_tag","embeddable":true,"href":"https:\/\/gr1993records.com\/index.php\/wp-json\/wp\/v2\/tags?post=4666"}],"curies":[{"name":"wp","href":"https:\/\/api.w.org\/{rel}","templated":true}]}}