{"id":4660,"date":"2019-08-13T08:32:51","date_gmt":"2019-08-13T08:32:51","guid":{"rendered":"http:\/\/gr1993records.magex.hu\/?page_id=4660"},"modified":"2026-04-01T12:21:32","modified_gmt":"2026-04-01T10:21:32","slug":"vermes-gabor","status":"publish","type":"page","link":"https:\/\/gr1993records.com\/index.php\/eloadok\/vermes-gabor\/","title":{"rendered":"Vermes G\u00e1bor"},"content":{"rendered":"<p>[vc_row][vc_column width=&#8221;2\/3&#8243;][vc_column_text]I am text block. Click edit button to change this text. Lorem ipsum dolor sit amet, consectetur adipiscing elit. Ut elit tellus, luctus nec ullamcorper mattis, pulvinar dapibus leo.<\/p>\n<p>1970-ben sz\u00fcletett Budapesten. Zenei tanulm\u00e1nyait a budapesti Vasutas Zeneiskol\u00e1ban folytatta, majd autodidakta m\u00f3don k\u00e9pezte mag\u00e1t tov\u00e1bb.<br \/>\nP\u00e1lyafut\u00e1sa els\u0151 komolyabb meg\u00e1ll\u00f3ja a &#8211; Interpop Fesztiv\u00e1l k\u00fcl\u00f6nd\u00edjas &#8211; R\u00f3zsasz\u00edn Bomb\u00e1z\u00f3k nev\u0171 form\u00e1ci\u00f3 volt Keresztes Ildik\u00f3val \u00e9s Demeter Gy\u00f6rggyel az \u00e9len. Ezt k\u00f6vet\u0151en t\u00f6bbek k\u00f6z\u00f6tt tagja volt a Salsa Fresa latin zenekarnak, a Szerda D\u00e9lut\u00e1nnak, az Unisexnek, a Sz\u00f6rp zenekarnak, a Ricardo Salsa Club-nak, a Fiest\u00e1nak. Koncertezhetett Birta Mikl\u00f3ssal, Cserh\u00e1ti Zsuzs\u00e1val \u2013 t\u00f6bb mint m\u00e1sf\u00e9l \u00e9vig \u2013, Hevesi Tam\u00e1ssal, Tunyogi Orsival, Kratelli Josephinnel, Sipos F. Tam\u00e1ssal, \u00c9li\u00e1s Gyul\u00e1val, Moln\u00e1r Ferenc \u201eCaramelel\u201d, Malek Andre\u00e1val. Tino Gonzales \u00e9nekes-git\u00e1rossal t\u00f6bb hazai \u00e9s eur\u00f3pai nagyv\u00e1rosba jutottam el. A De phazz \u00e9nekesn\u0151j\u00e9vel Pat Appletonnal sok sikeres hazai koncertet adott.<br \/>\n2009-ben &#8211; Barab\u00e1s Tam\u00e1st helyettes\u00edtve &#8211; a Djabe zenekarban egy\u00fctt j\u00e1tszhatott Steve Hackettel a Genesis git\u00e1ros\u00e1val.<\/p>\n<p>Vermes G\u00e1bor 2009-ben a Jazzy Jazz Dalversenyen a legjobb hangszeres sz\u00f3lista d\u00edj\u00e1t nyerte el.<\/p>\n<p><em>\u201eT\u00f6bb \u00e9v session-zen\u00e9l\u00e9s ut\u00e1n \u00fagy gondoltam elk\u00e9sz\u00edtem saj\u00e1t zenei anyagomat.\u201d<\/em>[\/vc_column_text][\/vc_column][vc_column width=&#8221;1\/3&#8243;][vc_single_image image=&#8221;6940&#8243; img_size=&#8221;full&#8221;][\/vc_column][\/vc_row][vc_row][vc_column][vc_separator][vc_empty_space][vc_custom_heading title_font_size=&#8221;fs36&#8243; text=&#8221;El\u0151ad\u00f3hoz kapcsol\u00f3d\u00f3 kiadv\u00e1nyok&#8221; use_theme_fonts=&#8221;yes&#8221; el_class=&#8221;mb60 mb30-md&#8221;][vc_basic_grid post_type=&#8221;product&#8221; max_items=&#8221;-1&#8243; element_width=&#8221;3&#8243; item=&#8221;5015&#8243; grid_id=&#8221;vc_gid:1775038858356-ee5c9cc2-aec1-9&#8243; taxonomies=&#8221;150&#8243;][\/vc_column][\/vc_row]<\/p>","protected":false},"excerpt":{"rendered":"<p>[vc_row][vc_column width=&#8221;2\/3&#8243;][vc_column_text]I am text block. Click edit button to change this text. Lorem ipsum dolor sit amet, consectetur adipiscing elit. Ut elit tellus, luctus nec ullamcorper mattis, pulvinar dapibus leo. 1970-ben sz\u00fcletett Budapesten. Zenei tanulm\u00e1nyait a budapesti Vasutas Zeneiskol\u00e1ban folytatta, majd autodidakta m\u00f3don k\u00e9pezte mag\u00e1t tov\u00e1bb. P\u00e1lyafut\u00e1sa els\u0151 komolyabb meg\u00e1ll\u00f3ja a &#8211; Interpop Fesztiv\u00e1l k\u00fcl\u00f6nd\u00edjas [&hellip;]<\/p>\n","protected":false},"author":2,"featured_media":6940,"parent":4565,"menu_order":111,"comment_status":"closed","ping_status":"closed","template":"","meta":{"footnotes":""},"categories":[128],"tags":[420],"class_list":["post-4660","page","type-page","status-publish","has-post-thumbnail","hentry","category-artists","tag-vermes-gabor"],"yoast_head":"<!-- This site is optimized with the Yoast SEO plugin v27.3 - https:\/\/yoast.com\/product\/yoast-seo-wordpress\/ -->\n<title>Vermes G\u00e1bor &#8211; GR1993 Records<\/title>\n<meta name=\"robots\" content=\"index, follow, max-snippet:-1, max-image-preview:large, max-video-preview:-1\" \/>\n<link rel=\"canonical\" href=\"https:\/\/gr1993records.com\/index.php\/eloadok\/vermes-gabor\/\" \/>\n<meta property=\"og:locale\" content=\"hu_HU\" \/>\n<meta property=\"og:type\" content=\"article\" \/>\n<meta property=\"og:title\" content=\"GR1993 Records\" \/>\n<meta property=\"og:description\" content=\"[vc_row][vc_column width=&#8221;2\/3&#8243;][vc_column_text]I am text block. Click edit button to change this text. Lorem ipsum dolor sit amet, consectetur adipiscing elit. Ut elit tellus, luctus nec ullamcorper mattis, pulvinar dapibus leo. 1970-ben sz\u00fcletett Budapesten. Zenei tanulm\u00e1nyait a budapesti Vasutas Zeneiskol\u00e1ban folytatta, majd autodidakta m\u00f3don k\u00e9pezte mag\u00e1t tov\u00e1bb. P\u00e1lyafut\u00e1sa els\u0151 komolyabb meg\u00e1ll\u00f3ja a &#8211; Interpop Fesztiv\u00e1l k\u00fcl\u00f6nd\u00edjas [&hellip;]\" \/>\n<meta property=\"og:url\" content=\"https:\/\/gr1993records.com\/index.php\/eloadok\/vermes-gabor\/\" \/>\n<meta property=\"og:site_name\" content=\"GR1993 Records\" \/>\n<meta property=\"article:publisher\" content=\"https:\/\/www.facebook.com\/GR1993Records-113564886691383\/\" \/>\n<meta property=\"article:modified_time\" content=\"2026-04-01T10:21:32+00:00\" \/>\n<meta property=\"og:image\" content=\"https:\/\/gr1993records.com\/wp-content\/uploads\/2023\/08\/vermes_gabor_1.jpg\" \/>\n\t<meta property=\"og:image:width\" content=\"2000\" \/>\n\t<meta property=\"og:image:height\" content=\"2000\" \/>\n\t<meta property=\"og:image:type\" content=\"image\/jpeg\" \/>\n<meta name=\"twitter:card\" content=\"summary_large_image\" \/>\n<meta name=\"twitter:title\" content=\"GR1993 Records\" \/>\n<meta name=\"twitter:image\" content=\"https:\/\/gr1993records.com\/wp-content\/uploads\/2023\/08\/vermes_gabor_1.jpg\" \/>\n<meta name=\"twitter:label1\" content=\"Becs\u00fclt olvas\u00e1si id\u0151\" \/>\n\t<meta name=\"twitter:data1\" content=\"2 perc\" \/>\n<script type=\"application\/ld+json\" class=\"yoast-schema-graph\">{\"@context\":\"https:\\\/\\\/schema.org\",\"@graph\":[{\"@type\":\"WebPage\",\"@id\":\"https:\\\/\\\/gr1993records.com\\\/index.php\\\/eloadok\\\/vermes-gabor\\\/\",\"url\":\"https:\\\/\\\/gr1993records.com\\\/index.php\\\/eloadok\\\/vermes-gabor\\\/\",\"name\":\"Vermes G\u00e1bor &#8211; GR1993 Records\",\"isPartOf\":{\"@id\":\"https:\\\/\\\/gr1993records.com\\\/#website\"},\"primaryImageOfPage\":{\"@id\":\"https:\\\/\\\/gr1993records.com\\\/index.php\\\/eloadok\\\/vermes-gabor\\\/#primaryimage\"},\"image\":{\"@id\":\"https:\\\/\\\/gr1993records.com\\\/index.php\\\/eloadok\\\/vermes-gabor\\\/#primaryimage\"},\"thumbnailUrl\":\"https:\\\/\\\/gr1993records.com\\\/wp-content\\\/uploads\\\/2023\\\/08\\\/vermes_gabor_1.jpg\",\"datePublished\":\"2019-08-13T08:32:51+00:00\",\"dateModified\":\"2026-04-01T10:21:32+00:00\",\"breadcrumb\":{\"@id\":\"https:\\\/\\\/gr1993records.com\\\/index.php\\\/eloadok\\\/vermes-gabor\\\/#breadcrumb\"},\"inLanguage\":\"hu\",\"potentialAction\":[{\"@type\":\"ReadAction\",\"target\":[\"https:\\\/\\\/gr1993records.com\\\/index.php\\\/eloadok\\\/vermes-gabor\\\/\"]}]},{\"@type\":\"ImageObject\",\"inLanguage\":\"hu\",\"@id\":\"https:\\\/\\\/gr1993records.com\\\/index.php\\\/eloadok\\\/vermes-gabor\\\/#primaryimage\",\"url\":\"https:\\\/\\\/gr1993records.com\\\/wp-content\\\/uploads\\\/2023\\\/08\\\/vermes_gabor_1.jpg\",\"contentUrl\":\"https:\\\/\\\/gr1993records.com\\\/wp-content\\\/uploads\\\/2023\\\/08\\\/vermes_gabor_1.jpg\",\"width\":2000,\"height\":2000},{\"@type\":\"BreadcrumbList\",\"@id\":\"https:\\\/\\\/gr1993records.com\\\/index.php\\\/eloadok\\\/vermes-gabor\\\/#breadcrumb\",\"itemListElement\":[{\"@type\":\"ListItem\",\"position\":1,\"name\":\"Home\",\"item\":\"https:\\\/\\\/gr1993records.com\\\/\"},{\"@type\":\"ListItem\",\"position\":2,\"name\":\"El\u0151ad\u00f3k\",\"item\":\"https:\\\/\\\/gr1993records.com\\\/index.php\\\/eloadok\\\/?lang=en\"},{\"@type\":\"ListItem\",\"position\":3,\"name\":\"Vermes G\u00e1bor\"}]},{\"@type\":\"WebSite\",\"@id\":\"https:\\\/\\\/gr1993records.com\\\/#website\",\"url\":\"https:\\\/\\\/gr1993records.com\\\/\",\"name\":\"GR1993 Records\",\"description\":\"\",\"publisher\":{\"@id\":\"https:\\\/\\\/gr1993records.com\\\/#organization\"},\"potentialAction\":[{\"@type\":\"SearchAction\",\"target\":{\"@type\":\"EntryPoint\",\"urlTemplate\":\"https:\\\/\\\/gr1993records.com\\\/?s={search_term_string}\"},\"query-input\":{\"@type\":\"PropertyValueSpecification\",\"valueRequired\":true,\"valueName\":\"search_term_string\"}}],\"inLanguage\":\"hu\"},{\"@type\":\"Organization\",\"@id\":\"https:\\\/\\\/gr1993records.com\\\/#organization\",\"name\":\"Gramy-H Ltd.\",\"url\":\"https:\\\/\\\/gr1993records.com\\\/\",\"logo\":{\"@type\":\"ImageObject\",\"inLanguage\":\"hu\",\"@id\":\"https:\\\/\\\/gr1993records.com\\\/#\\\/schema\\\/logo\\\/image\\\/\",\"url\":\"https:\\\/\\\/gr1993records.com\\\/wp-content\\\/uploads\\\/2019\\\/08\\\/GR1993_Records_logo_CC.png\",\"contentUrl\":\"https:\\\/\\\/gr1993records.com\\\/wp-content\\\/uploads\\\/2019\\\/08\\\/GR1993_Records_logo_CC.png\",\"width\":2900,\"height\":2001,\"caption\":\"Gramy-H Ltd.\"},\"image\":{\"@id\":\"https:\\\/\\\/gr1993records.com\\\/#\\\/schema\\\/logo\\\/image\\\/\"},\"sameAs\":[\"https:\\\/\\\/www.facebook.com\\\/GR1993Records-113564886691383\\\/\"]}]}<\/script>\n<!-- \/ Yoast SEO plugin. -->","yoast_head_json":{"title":"Vermes G\u00e1bor &#8211; GR1993 Records","robots":{"index":"index","follow":"follow","max-snippet":"max-snippet:-1","max-image-preview":"max-image-preview:large","max-video-preview":"max-video-preview:-1"},"canonical":"https:\/\/gr1993records.com\/index.php\/eloadok\/vermes-gabor\/","og_locale":"hu_HU","og_type":"article","og_title":"GR1993 Records","og_description":"[vc_row][vc_column width=&#8221;2\/3&#8243;][vc_column_text]I am text block. Click edit button to change this text. Lorem ipsum dolor sit amet, consectetur adipiscing elit. Ut elit tellus, luctus nec ullamcorper mattis, pulvinar dapibus leo. 1970-ben sz\u00fcletett Budapesten. Zenei tanulm\u00e1nyait a budapesti Vasutas Zeneiskol\u00e1ban folytatta, majd autodidakta m\u00f3don k\u00e9pezte mag\u00e1t tov\u00e1bb. P\u00e1lyafut\u00e1sa els\u0151 komolyabb meg\u00e1ll\u00f3ja a &#8211; Interpop Fesztiv\u00e1l k\u00fcl\u00f6nd\u00edjas [&hellip;]","og_url":"https:\/\/gr1993records.com\/index.php\/eloadok\/vermes-gabor\/","og_site_name":"GR1993 Records","article_publisher":"https:\/\/www.facebook.com\/GR1993Records-113564886691383\/","article_modified_time":"2026-04-01T10:21:32+00:00","og_image":[{"width":2000,"height":2000,"url":"https:\/\/gr1993records.com\/wp-content\/uploads\/2023\/08\/vermes_gabor_1.jpg","type":"image\/jpeg"}],"twitter_card":"summary_large_image","twitter_title":"GR1993 Records","twitter_image":"https:\/\/gr1993records.com\/wp-content\/uploads\/2023\/08\/vermes_gabor_1.jpg","twitter_misc":{"Becs\u00fclt olvas\u00e1si id\u0151":"2 perc"},"schema":{"@context":"https:\/\/schema.org","@graph":[{"@type":"WebPage","@id":"https:\/\/gr1993records.com\/index.php\/eloadok\/vermes-gabor\/","url":"https:\/\/gr1993records.com\/index.php\/eloadok\/vermes-gabor\/","name":"Vermes G\u00e1bor &#8211; GR1993 Records","isPartOf":{"@id":"https:\/\/gr1993records.com\/#website"},"primaryImageOfPage":{"@id":"https:\/\/gr1993records.com\/index.php\/eloadok\/vermes-gabor\/#primaryimage"},"image":{"@id":"https:\/\/gr1993records.com\/index.php\/eloadok\/vermes-gabor\/#primaryimage"},"thumbnailUrl":"https:\/\/gr1993records.com\/wp-content\/uploads\/2023\/08\/vermes_gabor_1.jpg","datePublished":"2019-08-13T08:32:51+00:00","dateModified":"2026-04-01T10:21:32+00:00","breadcrumb":{"@id":"https:\/\/gr1993records.com\/index.php\/eloadok\/vermes-gabor\/#breadcrumb"},"inLanguage":"hu","potentialAction":[{"@type":"ReadAction","target":["https:\/\/gr1993records.com\/index.php\/eloadok\/vermes-gabor\/"]}]},{"@type":"ImageObject","inLanguage":"hu","@id":"https:\/\/gr1993records.com\/index.php\/eloadok\/vermes-gabor\/#primaryimage","url":"https:\/\/gr1993records.com\/wp-content\/uploads\/2023\/08\/vermes_gabor_1.jpg","contentUrl":"https:\/\/gr1993records.com\/wp-content\/uploads\/2023\/08\/vermes_gabor_1.jpg","width":2000,"height":2000},{"@type":"BreadcrumbList","@id":"https:\/\/gr1993records.com\/index.php\/eloadok\/vermes-gabor\/#breadcrumb","itemListElement":[{"@type":"ListItem","position":1,"name":"Home","item":"https:\/\/gr1993records.com\/"},{"@type":"ListItem","position":2,"name":"El\u0151ad\u00f3k","item":"https:\/\/gr1993records.com\/index.php\/eloadok\/?lang=en"},{"@type":"ListItem","position":3,"name":"Vermes G\u00e1bor"}]},{"@type":"WebSite","@id":"https:\/\/gr1993records.com\/#website","url":"https:\/\/gr1993records.com\/","name":"GR1993 Records","description":"","publisher":{"@id":"https:\/\/gr1993records.com\/#organization"},"potentialAction":[{"@type":"SearchAction","target":{"@type":"EntryPoint","urlTemplate":"https:\/\/gr1993records.com\/?s={search_term_string}"},"query-input":{"@type":"PropertyValueSpecification","valueRequired":true,"valueName":"search_term_string"}}],"inLanguage":"hu"},{"@type":"Organization","@id":"https:\/\/gr1993records.com\/#organization","name":"Gramy-H Ltd.","url":"https:\/\/gr1993records.com\/","logo":{"@type":"ImageObject","inLanguage":"hu","@id":"https:\/\/gr1993records.com\/#\/schema\/logo\/image\/","url":"https:\/\/gr1993records.com\/wp-content\/uploads\/2019\/08\/GR1993_Records_logo_CC.png","contentUrl":"https:\/\/gr1993records.com\/wp-content\/uploads\/2019\/08\/GR1993_Records_logo_CC.png","width":2900,"height":2001,"caption":"Gramy-H Ltd."},"image":{"@id":"https:\/\/gr1993records.com\/#\/schema\/logo\/image\/"},"sameAs":["https:\/\/www.facebook.com\/GR1993Records-113564886691383\/"]}]}},"jetpack_sharing_enabled":true,"_links":{"self":[{"href":"https:\/\/gr1993records.com\/index.php\/wp-json\/wp\/v2\/pages\/4660","targetHints":{"allow":["GET"]}}],"collection":[{"href":"https:\/\/gr1993records.com\/index.php\/wp-json\/wp\/v2\/pages"}],"about":[{"href":"https:\/\/gr1993records.com\/index.php\/wp-json\/wp\/v2\/types\/page"}],"author":[{"embeddable":true,"href":"https:\/\/gr1993records.com\/index.php\/wp-json\/wp\/v2\/users\/2"}],"replies":[{"embeddable":true,"href":"https:\/\/gr1993records.com\/index.php\/wp-json\/wp\/v2\/comments?post=4660"}],"version-history":[{"count":5,"href":"https:\/\/gr1993records.com\/index.php\/wp-json\/wp\/v2\/pages\/4660\/revisions"}],"predecessor-version":[{"id":7877,"href":"https:\/\/gr1993records.com\/index.php\/wp-json\/wp\/v2\/pages\/4660\/revisions\/7877"}],"up":[{"embeddable":true,"href":"https:\/\/gr1993records.com\/index.php\/wp-json\/wp\/v2\/pages\/4565"}],"wp:featuredmedia":[{"embeddable":true,"href":"https:\/\/gr1993records.com\/index.php\/wp-json\/wp\/v2\/media\/6940"}],"wp:attachment":[{"href":"https:\/\/gr1993records.com\/index.php\/wp-json\/wp\/v2\/media?parent=4660"}],"wp:term":[{"taxonomy":"category","embeddable":true,"href":"https:\/\/gr1993records.com\/index.php\/wp-json\/wp\/v2\/categories?post=4660"},{"taxonomy":"post_tag","embeddable":true,"href":"https:\/\/gr1993records.com\/index.php\/wp-json\/wp\/v2\/tags?post=4660"}],"curies":[{"name":"wp","href":"https:\/\/api.w.org\/{rel}","templated":true}]}}