{"id":4615,"date":"2019-08-12T07:51:22","date_gmt":"2019-08-12T07:51:22","guid":{"rendered":"http:\/\/gr1993records.magex.hu\/?page_id=4615"},"modified":"2026-04-01T11:57:24","modified_gmt":"2026-04-01T09:57:24","slug":"android","status":"publish","type":"page","link":"https:\/\/gr1993records.com\/index.php\/eloadok\/android\/","title":{"rendered":"Android"},"content":{"rendered":"<p>[vc_row][vc_column][vc_custom_heading title_font_size=&#8221;fs36&#8243; source=&#8221;post_title&#8221; use_theme_fonts=&#8221;yes&#8221; el_class=&#8221;mb60 mb30-md&#8221;][\/vc_column][\/vc_row][vc_row][vc_column width=&#8221;1\/2&#8243;][vc_column_text]Az Android 1980-ban, Debrecenben alap\u00edtott progressz\u00edv zenekar. Olyan debreceni egy\u00fcttesekkel eml\u00edthetj\u00fck egy\u00fctt, mint a Color, a Phanta Rei vagy a Lux.<\/p>\n<p>Az Android folyamatosan koncertezik napjainkban is. Az eredeti fel\u00e1ll\u00e1sb\u00f3l jelenleg is a zenekar soraiban al\u00e1ljuk az alap\u00edt\u00f3 T\u0151zs\u00e9r J\u00f3zsefet, Mez\u0151 Orb\u00e1nt \u00e9s Dud\u00e1s J\u00e1nost. Zen\u00e9j\u00fck egyedi, progressz\u00edv rockot kombin\u00e1lnak new age, jazz \u00e9s folk elemekkel.<\/p>\n<p>Az East Of Eden szvit tal\u00e1n a legismertebb munk\u00e1juk, melyet az \u00e1llap\u00edt\u00f3 T\u0151zs\u00e9r J\u00f3zsef \u00edrt \u00e9s el\u0151sz\u00f6r 1995-ben jelent meg kazett\u00e1n. A 2009-es CD kiad\u00e1s volt a zenekar els\u0151 hivatalos kiadv\u00e1nya. Az anyagot az\u00f3ta is folyamatosan j\u00e1tssz\u00e1k, \u00edgy sokat fejl\u0151d\u00f6tt \u00e9s v\u00e1ltozott id\u0151k\u00f6zben.<\/p>\n<p>A 2019-es East of Eden Revisited kiad\u00e1sra a sz\u00e1mokat \u00fajra hangszerelt\u00e9k, \u00e9s High Definition min\u0151s\u00e9gben fel is vett\u00e9k. A vinyl v\u00e1ltozat a 7 kompoz\u00edci\u00f3 k\u00f6z\u00fcl 5 darabot tartalmaz. Az albumot a Djabe nemzetk\u00f6zileg is elismert hangm\u00e9rn\u00f6ke, Barab\u00e1s Tam\u00e1s keverte ki. Az \u00faj kevet\u00e9sb\u0151l \u00c9gerh\u00e1zi Attila, a Djabe vinylek producere k\u00e9sz\u00edtett anal\u00f3g mesterszalagokat. Ezeknek a szalagoknak a felhaszn\u00e1l\u00e1s\u00e1val v\u00e1gt\u00e1k \u00e9s pr\u00e9selt\u00e9k a lemezeket a hollandiai Record Industryban.[\/vc_column_text][\/vc_column][vc_column width=&#8221;1\/2&#8243;][vc_single_image image=&#8221;5629&#8243; img_size=&#8221;large&#8221;][\/vc_column][\/vc_row][vc_row][vc_column][vc_separator][vc_column_text]<strong>A zenekar tagjai:<\/strong><br \/>\nT\u0151zs\u00e9r J\u00f3zsef \u2013 billenty\u0171s hangszerek<br \/>\nL\u00e9tm\u00e1nyi Istv\u00e1n &#8211; git\u00e1r<br \/>\nNikolin Zolt\u00e1n &#8211; basszusgit\u00e1r<br \/>\nDud\u00e1s J\u00e1nos &#8211; git\u00e1r<br \/>\nMez\u0151 Orb\u00e1n &#8211; dob[\/vc_column_text][vc_separator][vc_column_text]<strong><a href=\"http:\/\/www.androidgroup.hu\/\" target=\"_blank\" rel=\"noopener noreferrer\">El\u0151ad\u00f3 hivatalos weboldala<\/a><\/strong>[\/vc_column_text][vc_separator][\/vc_column][\/vc_row][vc_row][vc_column][vc_empty_space][vc_custom_heading title_font_size=&#8221;fs36&#8243; text=&#8221;El\u0151ad\u00f3hoz kapcsol\u00f3d\u00f3 kiadv\u00e1nyok&#8221; use_theme_fonts=&#8221;yes&#8221; el_class=&#8221;mb60 mb30-md&#8221;][vc_basic_grid post_type=&#8221;product&#8221; max_items=&#8221;-1&#8243; element_width=&#8221;3&#8243; item=&#8221;5015&#8243; grid_id=&#8221;vc_gid:1775037426660-788b298e-b6a2-1&#8243; taxonomies=&#8221;127&#8243;][\/vc_column][\/vc_row]<\/p>","protected":false},"excerpt":{"rendered":"<p>[vc_row][vc_column][vc_custom_heading title_font_size=&#8221;fs36&#8243; source=&#8221;post_title&#8221; use_theme_fonts=&#8221;yes&#8221; el_class=&#8221;mb60 mb30-md&#8221;][\/vc_column][\/vc_row][vc_row][vc_column width=&#8221;1\/2&#8243;][vc_column_text]Az Android 1980-ban, Debrecenben alap\u00edtott progressz\u00edv zenekar. Olyan debreceni egy\u00fcttesekkel eml\u00edthetj\u00fck egy\u00fctt, mint a Color, a Phanta Rei vagy a Lux. Az Android folyamatosan koncertezik napjainkban is. Az eredeti fel\u00e1ll\u00e1sb\u00f3l jelenleg is a zenekar soraiban al\u00e1ljuk az alap\u00edt\u00f3 T\u0151zs\u00e9r J\u00f3zsefet, Mez\u0151 Orb\u00e1nt \u00e9s Dud\u00e1s J\u00e1nost. Zen\u00e9j\u00fck egyedi, progressz\u00edv rockot [&hellip;]<\/p>\n","protected":false},"author":2,"featured_media":4995,"parent":4565,"menu_order":3,"comment_status":"closed","ping_status":"closed","template":"","meta":{"footnotes":""},"categories":[128],"tags":[],"class_list":["post-4615","page","type-page","status-publish","has-post-thumbnail","hentry","category-artists"],"yoast_head":"<!-- This site is optimized with the Yoast SEO plugin v27.3 - https:\/\/yoast.com\/product\/yoast-seo-wordpress\/ -->\n<title>Android &#8211; GR1993 Records<\/title>\n<meta name=\"robots\" content=\"index, follow, max-snippet:-1, max-image-preview:large, max-video-preview:-1\" \/>\n<link rel=\"canonical\" href=\"https:\/\/gr1993records.com\/index.php\/eloadok\/android\/\" \/>\n<meta property=\"og:locale\" content=\"hu_HU\" \/>\n<meta property=\"og:type\" content=\"article\" \/>\n<meta property=\"og:title\" content=\"Android &#8211; GR1993 Records\" \/>\n<meta property=\"og:description\" content=\"[vc_row][vc_column][vc_custom_heading title_font_size=&#8221;fs36&#8243; source=&#8221;post_title&#8221; use_theme_fonts=&#8221;yes&#8221; el_class=&#8221;mb60 mb30-md&#8221;][\/vc_column][\/vc_row][vc_row][vc_column width=&#8221;1\/2&#8243;][vc_column_text]Az Android 1980-ban, Debrecenben alap\u00edtott progressz\u00edv zenekar. Olyan debreceni egy\u00fcttesekkel eml\u00edthetj\u00fck egy\u00fctt, mint a Color, a Phanta Rei vagy a Lux. Az Android folyamatosan koncertezik napjainkban is. Az eredeti fel\u00e1ll\u00e1sb\u00f3l jelenleg is a zenekar soraiban al\u00e1ljuk az alap\u00edt\u00f3 T\u0151zs\u00e9r J\u00f3zsefet, Mez\u0151 Orb\u00e1nt \u00e9s Dud\u00e1s J\u00e1nost. Zen\u00e9j\u00fck egyedi, progressz\u00edv rockot [&hellip;]\" \/>\n<meta property=\"og:url\" content=\"https:\/\/gr1993records.com\/index.php\/eloadok\/android\/\" \/>\n<meta property=\"og:site_name\" content=\"GR1993 Records\" \/>\n<meta property=\"article:publisher\" content=\"https:\/\/www.facebook.com\/GR1993Records-113564886691383\/\" \/>\n<meta property=\"article:modified_time\" content=\"2026-04-01T09:57:24+00:00\" \/>\n<meta property=\"og:image\" content=\"https:\/\/gr1993records.com\/wp-content\/uploads\/2019\/08\/Android_band_4c-1024x928.png\" \/>\n\t<meta property=\"og:image:width\" content=\"1024\" \/>\n\t<meta property=\"og:image:height\" content=\"928\" \/>\n\t<meta property=\"og:image:type\" content=\"image\/png\" \/>\n<meta name=\"twitter:card\" content=\"summary_large_image\" \/>\n<meta name=\"twitter:label1\" content=\"Becs\u00fclt olvas\u00e1si id\u0151\" \/>\n\t<meta name=\"twitter:data1\" content=\"2 perc\" \/>\n<script type=\"application\/ld+json\" class=\"yoast-schema-graph\">{\"@context\":\"https:\\\/\\\/schema.org\",\"@graph\":[{\"@type\":\"WebPage\",\"@id\":\"https:\\\/\\\/gr1993records.com\\\/index.php\\\/eloadok\\\/android\\\/\",\"url\":\"https:\\\/\\\/gr1993records.com\\\/index.php\\\/eloadok\\\/android\\\/\",\"name\":\"Android &#8211; GR1993 Records\",\"isPartOf\":{\"@id\":\"https:\\\/\\\/gr1993records.com\\\/#website\"},\"primaryImageOfPage\":{\"@id\":\"https:\\\/\\\/gr1993records.com\\\/index.php\\\/eloadok\\\/android\\\/#primaryimage\"},\"image\":{\"@id\":\"https:\\\/\\\/gr1993records.com\\\/index.php\\\/eloadok\\\/android\\\/#primaryimage\"},\"thumbnailUrl\":\"https:\\\/\\\/gr1993records.com\\\/wp-content\\\/uploads\\\/2019\\\/08\\\/Android_band_4c.png\",\"datePublished\":\"2019-08-12T07:51:22+00:00\",\"dateModified\":\"2026-04-01T09:57:24+00:00\",\"breadcrumb\":{\"@id\":\"https:\\\/\\\/gr1993records.com\\\/index.php\\\/eloadok\\\/android\\\/#breadcrumb\"},\"inLanguage\":\"hu\",\"potentialAction\":[{\"@type\":\"ReadAction\",\"target\":[\"https:\\\/\\\/gr1993records.com\\\/index.php\\\/eloadok\\\/android\\\/\"]}]},{\"@type\":\"ImageObject\",\"inLanguage\":\"hu\",\"@id\":\"https:\\\/\\\/gr1993records.com\\\/index.php\\\/eloadok\\\/android\\\/#primaryimage\",\"url\":\"https:\\\/\\\/gr1993records.com\\\/wp-content\\\/uploads\\\/2019\\\/08\\\/Android_band_4c.png\",\"contentUrl\":\"https:\\\/\\\/gr1993records.com\\\/wp-content\\\/uploads\\\/2019\\\/08\\\/Android_band_4c.png\",\"width\":1286,\"height\":1165,\"caption\":\"Android zenekar\"},{\"@type\":\"BreadcrumbList\",\"@id\":\"https:\\\/\\\/gr1993records.com\\\/index.php\\\/eloadok\\\/android\\\/#breadcrumb\",\"itemListElement\":[{\"@type\":\"ListItem\",\"position\":1,\"name\":\"Home\",\"item\":\"https:\\\/\\\/gr1993records.com\\\/\"},{\"@type\":\"ListItem\",\"position\":2,\"name\":\"El\u0151ad\u00f3k\",\"item\":\"https:\\\/\\\/gr1993records.com\\\/index.php\\\/eloadok\\\/?lang=en\"},{\"@type\":\"ListItem\",\"position\":3,\"name\":\"Android\"}]},{\"@type\":\"WebSite\",\"@id\":\"https:\\\/\\\/gr1993records.com\\\/#website\",\"url\":\"https:\\\/\\\/gr1993records.com\\\/\",\"name\":\"GR1993 Records\",\"description\":\"\",\"publisher\":{\"@id\":\"https:\\\/\\\/gr1993records.com\\\/#organization\"},\"potentialAction\":[{\"@type\":\"SearchAction\",\"target\":{\"@type\":\"EntryPoint\",\"urlTemplate\":\"https:\\\/\\\/gr1993records.com\\\/?s={search_term_string}\"},\"query-input\":{\"@type\":\"PropertyValueSpecification\",\"valueRequired\":true,\"valueName\":\"search_term_string\"}}],\"inLanguage\":\"hu\"},{\"@type\":\"Organization\",\"@id\":\"https:\\\/\\\/gr1993records.com\\\/#organization\",\"name\":\"Gramy-H Ltd.\",\"url\":\"https:\\\/\\\/gr1993records.com\\\/\",\"logo\":{\"@type\":\"ImageObject\",\"inLanguage\":\"hu\",\"@id\":\"https:\\\/\\\/gr1993records.com\\\/#\\\/schema\\\/logo\\\/image\\\/\",\"url\":\"https:\\\/\\\/gr1993records.com\\\/wp-content\\\/uploads\\\/2019\\\/08\\\/GR1993_Records_logo_CC.png\",\"contentUrl\":\"https:\\\/\\\/gr1993records.com\\\/wp-content\\\/uploads\\\/2019\\\/08\\\/GR1993_Records_logo_CC.png\",\"width\":2900,\"height\":2001,\"caption\":\"Gramy-H Ltd.\"},\"image\":{\"@id\":\"https:\\\/\\\/gr1993records.com\\\/#\\\/schema\\\/logo\\\/image\\\/\"},\"sameAs\":[\"https:\\\/\\\/www.facebook.com\\\/GR1993Records-113564886691383\\\/\"]}]}<\/script>\n<!-- \/ Yoast SEO plugin. -->","yoast_head_json":{"title":"Android &#8211; GR1993 Records","robots":{"index":"index","follow":"follow","max-snippet":"max-snippet:-1","max-image-preview":"max-image-preview:large","max-video-preview":"max-video-preview:-1"},"canonical":"https:\/\/gr1993records.com\/index.php\/eloadok\/android\/","og_locale":"hu_HU","og_type":"article","og_title":"Android &#8211; GR1993 Records","og_description":"[vc_row][vc_column][vc_custom_heading title_font_size=&#8221;fs36&#8243; source=&#8221;post_title&#8221; use_theme_fonts=&#8221;yes&#8221; el_class=&#8221;mb60 mb30-md&#8221;][\/vc_column][\/vc_row][vc_row][vc_column width=&#8221;1\/2&#8243;][vc_column_text]Az Android 1980-ban, Debrecenben alap\u00edtott progressz\u00edv zenekar. Olyan debreceni egy\u00fcttesekkel eml\u00edthetj\u00fck egy\u00fctt, mint a Color, a Phanta Rei vagy a Lux. Az Android folyamatosan koncertezik napjainkban is. Az eredeti fel\u00e1ll\u00e1sb\u00f3l jelenleg is a zenekar soraiban al\u00e1ljuk az alap\u00edt\u00f3 T\u0151zs\u00e9r J\u00f3zsefet, Mez\u0151 Orb\u00e1nt \u00e9s Dud\u00e1s J\u00e1nost. Zen\u00e9j\u00fck egyedi, progressz\u00edv rockot [&hellip;]","og_url":"https:\/\/gr1993records.com\/index.php\/eloadok\/android\/","og_site_name":"GR1993 Records","article_publisher":"https:\/\/www.facebook.com\/GR1993Records-113564886691383\/","article_modified_time":"2026-04-01T09:57:24+00:00","og_image":[{"width":1024,"height":928,"url":"https:\/\/gr1993records.com\/wp-content\/uploads\/2019\/08\/Android_band_4c-1024x928.png","type":"image\/png"}],"twitter_card":"summary_large_image","twitter_misc":{"Becs\u00fclt olvas\u00e1si id\u0151":"2 perc"},"schema":{"@context":"https:\/\/schema.org","@graph":[{"@type":"WebPage","@id":"https:\/\/gr1993records.com\/index.php\/eloadok\/android\/","url":"https:\/\/gr1993records.com\/index.php\/eloadok\/android\/","name":"Android &#8211; GR1993 Records","isPartOf":{"@id":"https:\/\/gr1993records.com\/#website"},"primaryImageOfPage":{"@id":"https:\/\/gr1993records.com\/index.php\/eloadok\/android\/#primaryimage"},"image":{"@id":"https:\/\/gr1993records.com\/index.php\/eloadok\/android\/#primaryimage"},"thumbnailUrl":"https:\/\/gr1993records.com\/wp-content\/uploads\/2019\/08\/Android_band_4c.png","datePublished":"2019-08-12T07:51:22+00:00","dateModified":"2026-04-01T09:57:24+00:00","breadcrumb":{"@id":"https:\/\/gr1993records.com\/index.php\/eloadok\/android\/#breadcrumb"},"inLanguage":"hu","potentialAction":[{"@type":"ReadAction","target":["https:\/\/gr1993records.com\/index.php\/eloadok\/android\/"]}]},{"@type":"ImageObject","inLanguage":"hu","@id":"https:\/\/gr1993records.com\/index.php\/eloadok\/android\/#primaryimage","url":"https:\/\/gr1993records.com\/wp-content\/uploads\/2019\/08\/Android_band_4c.png","contentUrl":"https:\/\/gr1993records.com\/wp-content\/uploads\/2019\/08\/Android_band_4c.png","width":1286,"height":1165,"caption":"Android zenekar"},{"@type":"BreadcrumbList","@id":"https:\/\/gr1993records.com\/index.php\/eloadok\/android\/#breadcrumb","itemListElement":[{"@type":"ListItem","position":1,"name":"Home","item":"https:\/\/gr1993records.com\/"},{"@type":"ListItem","position":2,"name":"El\u0151ad\u00f3k","item":"https:\/\/gr1993records.com\/index.php\/eloadok\/?lang=en"},{"@type":"ListItem","position":3,"name":"Android"}]},{"@type":"WebSite","@id":"https:\/\/gr1993records.com\/#website","url":"https:\/\/gr1993records.com\/","name":"GR1993 Records","description":"","publisher":{"@id":"https:\/\/gr1993records.com\/#organization"},"potentialAction":[{"@type":"SearchAction","target":{"@type":"EntryPoint","urlTemplate":"https:\/\/gr1993records.com\/?s={search_term_string}"},"query-input":{"@type":"PropertyValueSpecification","valueRequired":true,"valueName":"search_term_string"}}],"inLanguage":"hu"},{"@type":"Organization","@id":"https:\/\/gr1993records.com\/#organization","name":"Gramy-H Ltd.","url":"https:\/\/gr1993records.com\/","logo":{"@type":"ImageObject","inLanguage":"hu","@id":"https:\/\/gr1993records.com\/#\/schema\/logo\/image\/","url":"https:\/\/gr1993records.com\/wp-content\/uploads\/2019\/08\/GR1993_Records_logo_CC.png","contentUrl":"https:\/\/gr1993records.com\/wp-content\/uploads\/2019\/08\/GR1993_Records_logo_CC.png","width":2900,"height":2001,"caption":"Gramy-H Ltd."},"image":{"@id":"https:\/\/gr1993records.com\/#\/schema\/logo\/image\/"},"sameAs":["https:\/\/www.facebook.com\/GR1993Records-113564886691383\/"]}]}},"jetpack_sharing_enabled":true,"_links":{"self":[{"href":"https:\/\/gr1993records.com\/index.php\/wp-json\/wp\/v2\/pages\/4615","targetHints":{"allow":["GET"]}}],"collection":[{"href":"https:\/\/gr1993records.com\/index.php\/wp-json\/wp\/v2\/pages"}],"about":[{"href":"https:\/\/gr1993records.com\/index.php\/wp-json\/wp\/v2\/types\/page"}],"author":[{"embeddable":true,"href":"https:\/\/gr1993records.com\/index.php\/wp-json\/wp\/v2\/users\/2"}],"replies":[{"embeddable":true,"href":"https:\/\/gr1993records.com\/index.php\/wp-json\/wp\/v2\/comments?post=4615"}],"version-history":[{"count":50,"href":"https:\/\/gr1993records.com\/index.php\/wp-json\/wp\/v2\/pages\/4615\/revisions"}],"predecessor-version":[{"id":7868,"href":"https:\/\/gr1993records.com\/index.php\/wp-json\/wp\/v2\/pages\/4615\/revisions\/7868"}],"up":[{"embeddable":true,"href":"https:\/\/gr1993records.com\/index.php\/wp-json\/wp\/v2\/pages\/4565"}],"wp:featuredmedia":[{"embeddable":true,"href":"https:\/\/gr1993records.com\/index.php\/wp-json\/wp\/v2\/media\/4995"}],"wp:attachment":[{"href":"https:\/\/gr1993records.com\/index.php\/wp-json\/wp\/v2\/media?parent=4615"}],"wp:term":[{"taxonomy":"category","embeddable":true,"href":"https:\/\/gr1993records.com\/index.php\/wp-json\/wp\/v2\/categories?post=4615"},{"taxonomy":"post_tag","embeddable":true,"href":"https:\/\/gr1993records.com\/index.php\/wp-json\/wp\/v2\/tags?post=4615"}],"curies":[{"name":"wp","href":"https:\/\/api.w.org\/{rel}","templated":true}]}}