{"id":4599,"date":"2019-08-10T14:21:33","date_gmt":"2019-08-10T14:21:33","guid":{"rendered":"http:\/\/gr1993records.magex.hu\/?page_id=4599"},"modified":"2026-03-25T14:25:55","modified_gmt":"2026-03-25T13:25:55","slug":"djabe","status":"publish","type":"page","link":"https:\/\/gr1993records.com\/index.php\/eloadok\/djabe\/","title":{"rendered":"Djabe"},"content":{"rendered":"<p>[vc_row][vc_column][vc_custom_heading title_font_size=&#8221;fs36&#8243; source=&#8221;post_title&#8221; use_theme_fonts=&#8221;yes&#8221; el_class=&#8221;mb60 mb30-md&#8221;][\/vc_column][\/vc_row][vc_row][vc_column width=&#8221;1\/2&#8243;][vc_column_text]<strong>A JAZZ\/WORLD FUSION ELS\u0150SZ\u00c1M\u00da HAZAI K\u00c9PVISEL\u0150JE<\/strong><\/p>\n<p><span style=\"font-weight: 400;\">A Djabe Magyarorsz\u00e1g els\u0151sz\u00e1m\u00fa jazz\/world fusion zenekara. 26 \u00e9ves fenn\u00e1ll\u00e1sa alatt sz\u00e1mos hazai, valamint nemzetk\u00f6zi d\u00edjat \u00e9s elismer\u00e9st szerzett.<\/span><\/p>\n<p><span style=\"font-weight: 400;\">2000 \u2013 Magyar Zenei D\u00edj, az \u00e9v World Music albuma \u2013 Djabe: Witchi Tai To<\/span><span style=\"font-weight: 400;\"><br \/>\n<\/span><span style=\"font-weight: 400;\">2001 \u2013 eMeRTon d\u00edj, az \u00e9v World Music egy\u00fcttese \u2013 Djabe: Update<\/span><span style=\"font-weight: 400;\"><br \/>\n<\/span><span style=\"font-weight: 400;\">2004 \u2013 Prince Award d\u00edj, Djabe \u2013 T\u00e1ncolnak a kazlak \u2013 DVD-Audio<\/span><span style=\"font-weight: 400;\"><br \/>\n<\/span><span style=\"font-weight: 400;\">2004 \u2013 Surround Music Award jel\u00f6l\u00e9s, Los Angeles, USA \u2013 Djabe \u2013 Sheafs are dancing DVD Audio<\/span><span style=\"font-weight: 400;\"><br \/>\n<\/span><span style=\"font-weight: 400;\">2006 \u2013 Klaipeda Jazz Festival, Litv\u00e1nia k\u00fcl\u00f6nd\u00edj<\/span><span style=\"font-weight: 400;\"><br \/>\n<\/span><span style=\"font-weight: 400;\">2010 \u2013 Breszt Sz\u00ednh\u00e1zfesztiv\u00e1li Diploma, Feh\u00e9roroszorsz\u00e1g<\/span><span style=\"font-weight: 400;\"><br \/>\n<\/span><span style=\"font-weight: 400;\">2011 \u2013 Barab\u00e1s Tam\u00e1s basszusgit\u00e1r m\u0171v\u00e9sz \u2013 Artisjus d\u00edj<\/span><\/p>\n<p><span style=\"font-weight: 400;\">2019-ig a zenekar \u00f6sszes st\u00fadi\u00f3 \u00e9s n\u00e9h\u00e1ny koncert lemez\u00e9t is jel\u00f6lt\u00e9k a MAHASZ d\u00edj\u00e1ra jazz vagy world music kateg\u00f3ri\u00e1ban<\/span>[\/vc_column_text][\/vc_column][vc_column width=&#8221;1\/2&#8243;][vc_single_image image=&#8221;6799&#8243; img_size=&#8221;large&#8221;][\/vc_column][\/vc_row][vc_row][vc_column][vc_column_text]<span style=\"font-weight: 400;\">2002-t\u0151l kezd\u0151d\u0151en 42 orsz\u00e1gban vend\u00e9gszerepelt Eur\u00f3p\u00e1ban, \u00c1zsi\u00e1ban \u00e9s \u00c9szak-Amerik\u00e1ban. A Djabe az egyik legkeresettebb magyar jazz zenekar a nemzetk\u00f6zi fesztiv\u00e1lokon. <\/span><span style=\"font-weight: 400;\"><br \/>\n<\/span><span style=\"font-weight: 400;\">2007 \u00f3ta a Genesis egykori git\u00e1ros\u00e1val Steve Hackett-tel is rendszeresen koncertezik.\u00a0<\/span><span style=\"font-weight: 400;\"><br \/>\n<\/span><span style=\"font-weight: 400;\">A teljess\u00e9g ig\u00e9nye n\u00e9lk\u00fcl n\u00e9h\u00e1ny jelent\u0151sebb koncert helysz\u00edne: Rochester, Baltimore, Washington DC, San Jose, Atlanta, New York \u2013 USA; Kaslo, Toronto, Edmonton, Vancouver \u2013 Canada; Burghausen, Berlin, Regensburg, M\u00fcnchen \u2013 Germany; Klaipeda, Kaunas \u2013 Lithuania; Riga, Saulkrasti \u2013 Latvia; Pori, Imatra \u2013 Finland; Tallin \u2013 Estonia; Glogow, Cracow, Warsaw \u2013 Poland; Stockholm \u2013 Sweden; London \u2013 England; Hradec Kr\u00e1lov\u00e9, Prague \u2013 Czech Republic; Bansko \u2013 Bulgaria; Graz, Vienna, Wiesen \u2013 Austria; Sarajevo \u2013 Bosnia and Herzegovina; Udine \u2013 Italy; Sines, Portiamo \u2013 Portugal; Baku \u2013 Azerbaijan; Seben, Garana, Targu Mures, Ploiest \u2013 Romania; Nis, Novi Sad, Belgrade \u2013 Serbia, Ulaanbaatar \u2013 Mongolia; Almaty \u2013 Kazahstan; Bishkek \u2013 Kirgistan; Kuala Lumpur, Penang \u2013 Malaysia, Dubai \u2013 United Arab Emirates, Koktebel, Lviv \u2013 Ukraine; The Hague \u2013 The Netherlands; Zagreb, Dubrovnik, Bale, Korcula, \u2013 Croatia; Bratislava, Kosice, Nov\u00e9 Z\u00e1mky, Presov, Nove Mesto \u2013 Slovakia; Crete \u2013 Greece; Moscow, Kaliningrad, Perm, Saint Petersburg \u2013 Russia, stb.<\/span><\/p>\n<p><span style=\"font-weight: 400;\">A Djabe egyedi zen\u00e9t j\u00e1tszik, melyben a jazz keveredik a magyar \u00e9s a vil\u00e1gzene k\u00fcl\u00f6nb\u00f6z\u0151 elemeivel. A zenekar els\u0151 sz\u00e1m\u00fa komponist\u00e1ja <\/span><b>Barab\u00e1s Tam\u00e1s<\/b><span style=\"font-weight: 400;\">, aki tal\u00e1n a legvirtu\u00f3zabb magyar basszusgit\u00e1ros is egyben. <\/span><span style=\"font-weight: 400;\"><br \/>\n<\/span><span style=\"font-weight: 400;\">A Djabe afrikai ashanti nyelven szabads\u00e1got jelent. Az alap\u00edt\u00f3, zenekarvezet\u0151 \u00e9s komponista <\/span><b>\u00c9gerh\u00e1zi Attila<\/b><span style=\"font-weight: 400;\"> git\u00e1ros ezt a szabads\u00e1got els\u0151sorban a zenei st\u00edlusok \u00e9s hangszerel\u00e9sek szabad kever\u00e9s\u00e9ben \u00e9rtelmezi. <\/span><span style=\"font-weight: 400;\"><br \/>\n<\/span><span style=\"font-weight: 400;\">A Djabe az els\u0151 20 \u00e9v kirobban\u00f3 sikerei ut\u00e1n, 2016 \u0151sz\u00e9n meg\u00fajult, kiv\u00e1l\u00f3 hazai muzsikusok ker\u00fcltek az egy\u00fcttesbe. A dobokn\u00e1l a nemzetk\u00f6zi szinten is t\u00f6bb szakmai elismer\u00e9st elnyert, valamint Artisjus-d\u00edjas \u00e9s Grammy-d\u00edjra jel\u00f6lt <\/span><b>Kasz\u00e1s P\u00e9ter<\/b><span style=\"font-weight: 400;\"> \u00fcl, aki Al di Meola World Sinfonia egy\u00fcttes\u00e9nek dobosa volt t\u00edz \u00e9ven \u00e1t. <\/span><span style=\"font-weight: 400;\"><br \/>\n<\/span><span style=\"font-weight: 400;\">A Djabe r\u00e9gi-\u00faj tagja <\/span><b>Ko\u00f3s-Hut\u00e1s \u00c1ron<\/b><span style=\"font-weight: 400;\"> t\u00f6bbsz\u00f6r\u00f6s d\u00edjnyertes trombit\u00e1s, aki 2008 \u00e9s 2010 k\u00f6z\u00f6tt m\u00e1r rendszeresen szerepelt a zenekar koncertjein. 2016-ben v\u00e9gleg csatlakozott a zenekarhoz.<\/span><span style=\"font-weight: 400;\"><br \/>\n<\/span>A billenty\u0171kn\u00e9l a hazai jazz\u00e9let elismert zongorist\u00e1ja, <strong>Bubeny\u00e1k Zolt\u00e1n<\/strong> hallhat\u00f3, aki rengeteg kiemelked\u0151 nemzetk\u00f6zi \u00e9s hazai m\u0171v\u00e9sszel dogozott m\u00e1r egy\u00fctt.<\/p>\n<p><span style=\"font-weight: 400;\">A Djabe zenekarnak kb. 100 fizikai hang- \u00e9s k\u00e9phordoz\u00f3ja jelent meg hivatalosan. 15 st\u00fadi\u00f3-, 23 koncertalbum k\u00fcl\u00f6nb\u00f6z\u0151 form\u00e1tumokban: Vinyl LP, CD, DVD, DVD-Audio, Blu-ray, anal\u00f3g mesterszalagok, MC.\u00a0 2017-ben elindult az egy\u00fcttm\u0171k\u00f6d\u00e9s az angliai Cherry Red Records kiad\u00f3val, melynek keret\u00e9ben n\u00e9gy \u00e9v alatt \u00f6t Djabe album jelent meg vil\u00e1gszerte. A Summer Stroms and Rocking Rivers, a Life Is A Journey \u2013 The Sardinia Tapes \u00e9s a Life Is A Journey \u2013 The Budapest Live Tapes, a Back To Sardinia, a The Magic Stag\u00a0\u00e9s The Journey Continues albumok komoly sikereket \u00e9s elad\u00e1sokat hoztak a kiad\u00f3nak \u00e9s az alkot\u00f3knak is.<\/span><\/p>\n<p><span style=\"font-weight: 400;\">A Djabe kiadv\u00e1nyok nem csak a vil\u00e1gsz\u00ednvonal\u00fa zenei tartalomr\u00f3l, hanem a cs\u00facsmin\u0151s\u00e9get k\u00e9pvisel\u0151 hangz\u00e1sukr\u00f3l is ismertek. A zenekar vinyl lemezeit rendszeresen haszn\u00e1lj\u00e1k teszt- \u00e9s referencia lemeznek k\u00fcl\u00f6nb\u00f6z\u0151 High-End \u00e9s Hi-Fi bemutat\u00f3kon. A zenekar minden albuma el\u00e9rhet\u0151 surround hangz\u00e1sban is, DVD-Audio \u00e9s Blu-ray lemezeik n\u00e9pszer\u0171ek Braz\u00edli\u00e1t\u00f3l Jap\u00e1nig. A zenekar hangm\u00e9rn\u00f6k\u00e9nek, a basszusgit\u00e1ros Barab\u00e1s Tam\u00e1s sztere\u00f3 \u00e9s surround Djabe hangkever\u00e9sei sz\u00e1mtalan alkalommal kiv\u00edvt\u00e1k az Abbey Road st\u00fadi\u00f3 szakembereinek elismer\u00e9s\u00e9t is. A T\u00e1ncolnak a Kazlak DVD-Audi\u00f3t Los Angelesben, 2004-ben Surround Music Awardra is jel\u00f6ltek.<\/span><\/p>\n<p><span style=\"font-weight: 400;\">A Djabe az elm\u00falt 25 \u00e9vben sz\u00e1mos m\u00e1s k\u00fclf\u00f6ldi \u00e9s hazai zen\u00e9sszel is dolgozott egy\u00fctt. Ben Castle, John Nugent, Mansurov, Gulli Briem, Oleg Butman, Dresch Mih\u00e1ly, Muck Ferenc, T\u00f3th Viktor \u00e9s M\u00f3ty\u00e1n Tibor csak n\u00e9h\u00e1ny n\u00e9v a sok k\u00f6z\u00fcl. <\/span><span style=\"font-weight: 400;\"><br \/>\n<\/span><span style=\"font-weight: 400;\">A zenekar k\u00fcl\u00f6n projektje a Djabe &amp; Steve Hackett el\u0151ad\u00e1s, melyben Steve nem csak a Djabe sz\u00e1mokban j\u00e1tszik, hanem a zenekar k\u00f6zrem\u0171k\u00f6d\u00e9s\u00e9vel Genesis \u00e9s Hackett klasszikusok is felcsend\u00fclnek. A rom\u00e1niai Garana fesztiv\u00e1lon 13 000 n\u00e9z\u0151 tombolt a Djabe \u00e9s Steve zen\u00e9j\u00e9re.<\/span>[\/vc_column_text][vc_separator][vc_column_text]<\/p>\n<h2 style=\"text-align: center;\"><strong>&#8220;Djabe is one of the best working fusion bands in the world today.&#8221;<\/strong><\/h2>\n<p style=\"text-align: right;\"><em>Kent Sangster &#8211; festival manager Edmonton International Jazz Fest, Canada, 2020<\/em><\/p>\n<p>[\/vc_column_text][vc_separator][vc_column_text]<strong>A zenekar tagjai:<\/strong><br \/>\n<span style=\"font-weight: 400;\">Barab\u00e1s Tam\u00e1s \u2013 basszusgit\u00e1r<\/span><span style=\"font-weight: 400;\"><br \/>\n<\/span><span style=\"font-weight: 400;\">\u00c9gerh\u00e1zi Attila \u2013 git\u00e1r, \u00fct\u0151hangszerek<\/span><span style=\"font-weight: 400;\"><br \/>\n<\/span><span style=\"font-weight: 400;\">Ko\u00f3s-Hut\u00e1s \u00c1ron \u2013 trombita, sz\u00e1rnyk\u00fcrt<\/span><span style=\"font-weight: 400;\"><br \/>\n<\/span><span style=\"font-weight: 400;\">Kasz\u00e1s P\u00e9ter \u2013 dobok, \u00e9nek<\/span><span style=\"font-weight: 400;\"><br \/>\n<\/span><span style=\"font-weight: 400;\">Nagy J\u00e1nos \u2013 zongora, billenty\u0171s hangszerek<\/span>[\/vc_column_text][vc_separator][vc_column_text]<strong><a href=\"http:\/\/djabe.hu\" target=\"_blank\" rel=\"noopener noreferrer\">El\u0151ad\u00f3 hivatalos oldala<\/a><\/strong>[\/vc_column_text][vc_separator][\/vc_column][\/vc_row][vc_row][vc_column][vc_empty_space][vc_custom_heading title_font_size=&#8221;fs36&#8243; text=&#8221;El\u0151ad\u00f3hoz kapcsol\u00f3d\u00f3 kiadv\u00e1nyok&#8221; use_theme_fonts=&#8221;yes&#8221; el_class=&#8221;mb60 mb30-md&#8221;][vc_basic_grid post_type=&#8221;product&#8221; max_items=&#8221;-1&#8243; element_width=&#8221;3&#8243; item=&#8221;5015&#8243; grid_id=&#8221;vc_gid:1774444309971-930873aa-2fd6-4&#8243; taxonomies=&#8221;135&#8243;][\/vc_column][\/vc_row]<\/p>","protected":false},"excerpt":{"rendered":"<p>[vc_row][vc_column][vc_custom_heading title_font_size=&#8221;fs36&#8243; source=&#8221;post_title&#8221; use_theme_fonts=&#8221;yes&#8221; el_class=&#8221;mb60 mb30-md&#8221;][\/vc_column][\/vc_row][vc_row][vc_column width=&#8221;1\/2&#8243;][vc_column_text]A JAZZ\/WORLD FUSION ELS\u0150SZ\u00c1M\u00da HAZAI K\u00c9PVISEL\u0150JE A Djabe Magyarorsz\u00e1g els\u0151sz\u00e1m\u00fa jazz\/world fusion zenekara. 26 \u00e9ves fenn\u00e1ll\u00e1sa alatt sz\u00e1mos hazai, valamint nemzetk\u00f6zi d\u00edjat \u00e9s elismer\u00e9st szerzett. 2000 \u2013 Magyar Zenei D\u00edj, az \u00e9v World Music albuma \u2013 Djabe: Witchi Tai To 2001 \u2013 eMeRTon d\u00edj, az \u00e9v World Music egy\u00fcttese [&hellip;]<\/p>\n","protected":false},"author":2,"featured_media":6799,"parent":4565,"menu_order":1,"comment_status":"closed","ping_status":"closed","template":"","meta":{"footnotes":""},"categories":[128],"tags":[157],"class_list":["post-4599","page","type-page","status-publish","has-post-thumbnail","hentry","category-artists","tag-djabe"],"yoast_head":"<!-- This site is optimized with the Yoast SEO plugin v27.3 - https:\/\/yoast.com\/product\/yoast-seo-wordpress\/ -->\n<title>Djabe &#8211; GR1993 Records<\/title>\n<meta name=\"robots\" content=\"index, follow, max-snippet:-1, max-image-preview:large, max-video-preview:-1\" \/>\n<link rel=\"canonical\" href=\"https:\/\/gr1993records.com\/index.php\/eloadok\/djabe\/\" \/>\n<meta property=\"og:locale\" content=\"hu_HU\" \/>\n<meta property=\"og:type\" content=\"article\" \/>\n<meta property=\"og:title\" content=\"Djabe &#8211; GR1993 Records\" \/>\n<meta property=\"og:description\" content=\"[vc_row][vc_column][vc_custom_heading title_font_size=&#8221;fs36&#8243; source=&#8221;post_title&#8221; use_theme_fonts=&#8221;yes&#8221; el_class=&#8221;mb60 mb30-md&#8221;][\/vc_column][\/vc_row][vc_row][vc_column width=&#8221;1\/2&#8243;][vc_column_text]A JAZZ\/WORLD FUSION ELS\u0150SZ\u00c1M\u00da HAZAI K\u00c9PVISEL\u0150JE A Djabe Magyarorsz\u00e1g els\u0151sz\u00e1m\u00fa jazz\/world fusion zenekara. 26 \u00e9ves fenn\u00e1ll\u00e1sa alatt sz\u00e1mos hazai, valamint nemzetk\u00f6zi d\u00edjat \u00e9s elismer\u00e9st szerzett. 2000 \u2013 Magyar Zenei D\u00edj, az \u00e9v World Music albuma \u2013 Djabe: Witchi Tai To 2001 \u2013 eMeRTon d\u00edj, az \u00e9v World Music egy\u00fcttese [&hellip;]\" \/>\n<meta property=\"og:url\" content=\"https:\/\/gr1993records.com\/index.php\/eloadok\/djabe\/\" \/>\n<meta property=\"og:site_name\" content=\"GR1993 Records\" \/>\n<meta property=\"article:publisher\" content=\"https:\/\/www.facebook.com\/GR1993Records-113564886691383\/\" \/>\n<meta property=\"article:modified_time\" content=\"2026-03-25T13:25:55+00:00\" \/>\n<meta property=\"og:image\" content=\"https:\/\/gr1993records.com\/wp-content\/uploads\/2023\/02\/Djabe_band_photo_2022.11_04_small.jpg\" \/>\n\t<meta property=\"og:image:width\" content=\"2000\" \/>\n\t<meta property=\"og:image:height\" content=\"1632\" \/>\n\t<meta property=\"og:image:type\" content=\"image\/jpeg\" \/>\n<meta name=\"twitter:card\" content=\"summary_large_image\" \/>\n<meta name=\"twitter:label1\" content=\"Becs\u00fclt olvas\u00e1si id\u0151\" \/>\n\t<meta name=\"twitter:data1\" content=\"5 perc\" \/>\n<script type=\"application\/ld+json\" class=\"yoast-schema-graph\">{\"@context\":\"https:\\\/\\\/schema.org\",\"@graph\":[{\"@type\":\"WebPage\",\"@id\":\"https:\\\/\\\/gr1993records.com\\\/index.php\\\/eloadok\\\/djabe\\\/\",\"url\":\"https:\\\/\\\/gr1993records.com\\\/index.php\\\/eloadok\\\/djabe\\\/\",\"name\":\"Djabe &#8211; GR1993 Records\",\"isPartOf\":{\"@id\":\"https:\\\/\\\/gr1993records.com\\\/#website\"},\"primaryImageOfPage\":{\"@id\":\"https:\\\/\\\/gr1993records.com\\\/index.php\\\/eloadok\\\/djabe\\\/#primaryimage\"},\"image\":{\"@id\":\"https:\\\/\\\/gr1993records.com\\\/index.php\\\/eloadok\\\/djabe\\\/#primaryimage\"},\"thumbnailUrl\":\"https:\\\/\\\/gr1993records.com\\\/wp-content\\\/uploads\\\/2023\\\/02\\\/Djabe_band_photo_2022.11_04_small.jpg\",\"datePublished\":\"2019-08-10T14:21:33+00:00\",\"dateModified\":\"2026-03-25T13:25:55+00:00\",\"breadcrumb\":{\"@id\":\"https:\\\/\\\/gr1993records.com\\\/index.php\\\/eloadok\\\/djabe\\\/#breadcrumb\"},\"inLanguage\":\"hu\",\"potentialAction\":[{\"@type\":\"ReadAction\",\"target\":[\"https:\\\/\\\/gr1993records.com\\\/index.php\\\/eloadok\\\/djabe\\\/\"]}]},{\"@type\":\"ImageObject\",\"inLanguage\":\"hu\",\"@id\":\"https:\\\/\\\/gr1993records.com\\\/index.php\\\/eloadok\\\/djabe\\\/#primaryimage\",\"url\":\"https:\\\/\\\/gr1993records.com\\\/wp-content\\\/uploads\\\/2023\\\/02\\\/Djabe_band_photo_2022.11_04_small.jpg\",\"contentUrl\":\"https:\\\/\\\/gr1993records.com\\\/wp-content\\\/uploads\\\/2023\\\/02\\\/Djabe_band_photo_2022.11_04_small.jpg\",\"width\":2000,\"height\":1632},{\"@type\":\"BreadcrumbList\",\"@id\":\"https:\\\/\\\/gr1993records.com\\\/index.php\\\/eloadok\\\/djabe\\\/#breadcrumb\",\"itemListElement\":[{\"@type\":\"ListItem\",\"position\":1,\"name\":\"Home\",\"item\":\"https:\\\/\\\/gr1993records.com\\\/\"},{\"@type\":\"ListItem\",\"position\":2,\"name\":\"El\u0151ad\u00f3k\",\"item\":\"https:\\\/\\\/gr1993records.com\\\/index.php\\\/eloadok\\\/?lang=en\"},{\"@type\":\"ListItem\",\"position\":3,\"name\":\"Djabe\"}]},{\"@type\":\"WebSite\",\"@id\":\"https:\\\/\\\/gr1993records.com\\\/#website\",\"url\":\"https:\\\/\\\/gr1993records.com\\\/\",\"name\":\"GR1993 Records\",\"description\":\"\",\"publisher\":{\"@id\":\"https:\\\/\\\/gr1993records.com\\\/#organization\"},\"potentialAction\":[{\"@type\":\"SearchAction\",\"target\":{\"@type\":\"EntryPoint\",\"urlTemplate\":\"https:\\\/\\\/gr1993records.com\\\/?s={search_term_string}\"},\"query-input\":{\"@type\":\"PropertyValueSpecification\",\"valueRequired\":true,\"valueName\":\"search_term_string\"}}],\"inLanguage\":\"hu\"},{\"@type\":\"Organization\",\"@id\":\"https:\\\/\\\/gr1993records.com\\\/#organization\",\"name\":\"Gramy-H Ltd.\",\"url\":\"https:\\\/\\\/gr1993records.com\\\/\",\"logo\":{\"@type\":\"ImageObject\",\"inLanguage\":\"hu\",\"@id\":\"https:\\\/\\\/gr1993records.com\\\/#\\\/schema\\\/logo\\\/image\\\/\",\"url\":\"https:\\\/\\\/gr1993records.com\\\/wp-content\\\/uploads\\\/2019\\\/08\\\/GR1993_Records_logo_CC.png\",\"contentUrl\":\"https:\\\/\\\/gr1993records.com\\\/wp-content\\\/uploads\\\/2019\\\/08\\\/GR1993_Records_logo_CC.png\",\"width\":2900,\"height\":2001,\"caption\":\"Gramy-H Ltd.\"},\"image\":{\"@id\":\"https:\\\/\\\/gr1993records.com\\\/#\\\/schema\\\/logo\\\/image\\\/\"},\"sameAs\":[\"https:\\\/\\\/www.facebook.com\\\/GR1993Records-113564886691383\\\/\"]}]}<\/script>\n<!-- \/ Yoast SEO plugin. -->","yoast_head_json":{"title":"Djabe &#8211; GR1993 Records","robots":{"index":"index","follow":"follow","max-snippet":"max-snippet:-1","max-image-preview":"max-image-preview:large","max-video-preview":"max-video-preview:-1"},"canonical":"https:\/\/gr1993records.com\/index.php\/eloadok\/djabe\/","og_locale":"hu_HU","og_type":"article","og_title":"Djabe &#8211; GR1993 Records","og_description":"[vc_row][vc_column][vc_custom_heading title_font_size=&#8221;fs36&#8243; source=&#8221;post_title&#8221; use_theme_fonts=&#8221;yes&#8221; el_class=&#8221;mb60 mb30-md&#8221;][\/vc_column][\/vc_row][vc_row][vc_column width=&#8221;1\/2&#8243;][vc_column_text]A JAZZ\/WORLD FUSION ELS\u0150SZ\u00c1M\u00da HAZAI K\u00c9PVISEL\u0150JE A Djabe Magyarorsz\u00e1g els\u0151sz\u00e1m\u00fa jazz\/world fusion zenekara. 26 \u00e9ves fenn\u00e1ll\u00e1sa alatt sz\u00e1mos hazai, valamint nemzetk\u00f6zi d\u00edjat \u00e9s elismer\u00e9st szerzett. 2000 \u2013 Magyar Zenei D\u00edj, az \u00e9v World Music albuma \u2013 Djabe: Witchi Tai To 2001 \u2013 eMeRTon d\u00edj, az \u00e9v World Music egy\u00fcttese [&hellip;]","og_url":"https:\/\/gr1993records.com\/index.php\/eloadok\/djabe\/","og_site_name":"GR1993 Records","article_publisher":"https:\/\/www.facebook.com\/GR1993Records-113564886691383\/","article_modified_time":"2026-03-25T13:25:55+00:00","og_image":[{"width":2000,"height":1632,"url":"https:\/\/gr1993records.com\/wp-content\/uploads\/2023\/02\/Djabe_band_photo_2022.11_04_small.jpg","type":"image\/jpeg"}],"twitter_card":"summary_large_image","twitter_misc":{"Becs\u00fclt olvas\u00e1si id\u0151":"5 perc"},"schema":{"@context":"https:\/\/schema.org","@graph":[{"@type":"WebPage","@id":"https:\/\/gr1993records.com\/index.php\/eloadok\/djabe\/","url":"https:\/\/gr1993records.com\/index.php\/eloadok\/djabe\/","name":"Djabe &#8211; GR1993 Records","isPartOf":{"@id":"https:\/\/gr1993records.com\/#website"},"primaryImageOfPage":{"@id":"https:\/\/gr1993records.com\/index.php\/eloadok\/djabe\/#primaryimage"},"image":{"@id":"https:\/\/gr1993records.com\/index.php\/eloadok\/djabe\/#primaryimage"},"thumbnailUrl":"https:\/\/gr1993records.com\/wp-content\/uploads\/2023\/02\/Djabe_band_photo_2022.11_04_small.jpg","datePublished":"2019-08-10T14:21:33+00:00","dateModified":"2026-03-25T13:25:55+00:00","breadcrumb":{"@id":"https:\/\/gr1993records.com\/index.php\/eloadok\/djabe\/#breadcrumb"},"inLanguage":"hu","potentialAction":[{"@type":"ReadAction","target":["https:\/\/gr1993records.com\/index.php\/eloadok\/djabe\/"]}]},{"@type":"ImageObject","inLanguage":"hu","@id":"https:\/\/gr1993records.com\/index.php\/eloadok\/djabe\/#primaryimage","url":"https:\/\/gr1993records.com\/wp-content\/uploads\/2023\/02\/Djabe_band_photo_2022.11_04_small.jpg","contentUrl":"https:\/\/gr1993records.com\/wp-content\/uploads\/2023\/02\/Djabe_band_photo_2022.11_04_small.jpg","width":2000,"height":1632},{"@type":"BreadcrumbList","@id":"https:\/\/gr1993records.com\/index.php\/eloadok\/djabe\/#breadcrumb","itemListElement":[{"@type":"ListItem","position":1,"name":"Home","item":"https:\/\/gr1993records.com\/"},{"@type":"ListItem","position":2,"name":"El\u0151ad\u00f3k","item":"https:\/\/gr1993records.com\/index.php\/eloadok\/?lang=en"},{"@type":"ListItem","position":3,"name":"Djabe"}]},{"@type":"WebSite","@id":"https:\/\/gr1993records.com\/#website","url":"https:\/\/gr1993records.com\/","name":"GR1993 Records","description":"","publisher":{"@id":"https:\/\/gr1993records.com\/#organization"},"potentialAction":[{"@type":"SearchAction","target":{"@type":"EntryPoint","urlTemplate":"https:\/\/gr1993records.com\/?s={search_term_string}"},"query-input":{"@type":"PropertyValueSpecification","valueRequired":true,"valueName":"search_term_string"}}],"inLanguage":"hu"},{"@type":"Organization","@id":"https:\/\/gr1993records.com\/#organization","name":"Gramy-H Ltd.","url":"https:\/\/gr1993records.com\/","logo":{"@type":"ImageObject","inLanguage":"hu","@id":"https:\/\/gr1993records.com\/#\/schema\/logo\/image\/","url":"https:\/\/gr1993records.com\/wp-content\/uploads\/2019\/08\/GR1993_Records_logo_CC.png","contentUrl":"https:\/\/gr1993records.com\/wp-content\/uploads\/2019\/08\/GR1993_Records_logo_CC.png","width":2900,"height":2001,"caption":"Gramy-H Ltd."},"image":{"@id":"https:\/\/gr1993records.com\/#\/schema\/logo\/image\/"},"sameAs":["https:\/\/www.facebook.com\/GR1993Records-113564886691383\/"]}]}},"jetpack_sharing_enabled":true,"_links":{"self":[{"href":"https:\/\/gr1993records.com\/index.php\/wp-json\/wp\/v2\/pages\/4599","targetHints":{"allow":["GET"]}}],"collection":[{"href":"https:\/\/gr1993records.com\/index.php\/wp-json\/wp\/v2\/pages"}],"about":[{"href":"https:\/\/gr1993records.com\/index.php\/wp-json\/wp\/v2\/types\/page"}],"author":[{"embeddable":true,"href":"https:\/\/gr1993records.com\/index.php\/wp-json\/wp\/v2\/users\/2"}],"replies":[{"embeddable":true,"href":"https:\/\/gr1993records.com\/index.php\/wp-json\/wp\/v2\/comments?post=4599"}],"version-history":[{"count":66,"href":"https:\/\/gr1993records.com\/index.php\/wp-json\/wp\/v2\/pages\/4599\/revisions"}],"predecessor-version":[{"id":7838,"href":"https:\/\/gr1993records.com\/index.php\/wp-json\/wp\/v2\/pages\/4599\/revisions\/7838"}],"up":[{"embeddable":true,"href":"https:\/\/gr1993records.com\/index.php\/wp-json\/wp\/v2\/pages\/4565"}],"wp:featuredmedia":[{"embeddable":true,"href":"https:\/\/gr1993records.com\/index.php\/wp-json\/wp\/v2\/media\/6799"}],"wp:attachment":[{"href":"https:\/\/gr1993records.com\/index.php\/wp-json\/wp\/v2\/media?parent=4599"}],"wp:term":[{"taxonomy":"category","embeddable":true,"href":"https:\/\/gr1993records.com\/index.php\/wp-json\/wp\/v2\/categories?post=4599"},{"taxonomy":"post_tag","embeddable":true,"href":"https:\/\/gr1993records.com\/index.php\/wp-json\/wp\/v2\/tags?post=4599"}],"curies":[{"name":"wp","href":"https:\/\/api.w.org\/{rel}","templated":true}]}}