{"id":4524,"date":"2018-12-12T08:58:40","date_gmt":"2018-12-12T08:58:40","guid":{"rendered":"http:\/\/localhost\/woomega\/?page_id=2"},"modified":"2018-12-12T08:58:40","modified_gmt":"2018-12-12T08:58:40","slug":"about-us","status":"publish","type":"page","link":"https:\/\/gr1993records.com\/index.php\/about-us\/","title":{"rendered":"About Us"},"content":{"rendered":"<p>\t\t\t\t[vc_row el_class=&#8221;mt30-sm mb150 pt75 pt40-md&#8221;][vc_column width=&#8221;5\/12&#8243;][\/vc_column][vc_column width=&#8221;7\/12&#8243;][vc_custom_heading title_font_size=&#8221;fs60&#8243; text=&#8221;Stories&#8221; font_container=&#8221;tag:h3|text_align:left&#8221; use_theme_fonts=&#8221;yes&#8221; css=&#8221;.vc_custom_1544986671826{margin-bottom: -68px !important;}&#8221;][\/vc_column][\/vc_row][vc_row css=&#8221;.vc_custom_1555747876573{background-color: rgba(34,34,43,0.03) !important;*background-color: rgb(34,34,43) !important;}&#8221; el_class=&#8221;pt30 pb30&#8243;][vc_column width=&#8221;5\/12&#8243;][vc_single_image image=&#8221;4501&#8243; img_size=&#8221;full&#8221; alignment=&#8221;center&#8221; css=&#8221;.vc_custom_1555747608485{margin-top: -250px !important;}&#8221; el_class=&#8221;mb0-md&#8221;][\/vc_column][vc_column width=&#8221;7\/12&#8243;][vc_column_text el_class=&#8221;mb20&#8243; css=&#8221;.vc_custom_1555748146981{padding-right: 40px !important;}&#8221;]A few years ago, Melissa was running Tiny Tags from her home base in California and the focusing on hand-stamped pieces, but a move to Massachusetts coincided with her desire Suspendisse sit amet magna at nunc rhoncus venenatis. Vestibulum ante primis faucibus orci luctus et Aliquam nunc lectus, interdum sed mauris. to elevate her designs by switching to laser engraving with local manufacturers. Over 14 artisans are involved in every single Tiny Tags creation![\/vc_column_text][vc_custom_heading title_font_size=&#8221;fs48&#8243; text=&#8221;Cristopher&#8221; font_container=&#8221;tag:div|text_align:left&#8221; google_fonts=&#8221;font_family:Ruthie%3Aregular|font_style:400%20regular%3A400%3Anormal&#8221;][\/vc_column][\/vc_row][vc_row el_class=&#8221;mt70 mt10-md mt0-sm&#8221;][vc_column][vc_custom_heading title_font_size=&#8221;fs36&#8243; text=&#8221;Featured Services&#8221; font_container=&#8221;tag:h2|text_align:center&#8221; use_theme_fonts=&#8221;yes&#8221; sub_title=&#8221;We Featured our Best services for all our customers&#8221;][\/vc_column][\/vc_row][vc_row gap=&#8221;35&#8243; el_class=&#8221;mt40 mt10-md&#8221;][vc_column width=&#8221;1\/3&#8243;][pikoworks_icon_block icon_type=&#8221;kable&#8221; style=&#8221;2&#8243; text_align=&#8221;center&#8221; block_title=&#8221;Free Shipping&#8221; block_desc=&#8221;With the free shipping, your order will be<br \/>\ndelivered 5-8 business days after all your<br \/>\nitems are available to ship, including<br \/>\npre-order items. including pre-order items.&#8221; icon_woomega=&#8221;icon-shipping&#8221; icon_kable=&#8221;icon-shipping&#8221;][\/vc_column][vc_column width=&#8221;1\/3&#8243;][pikoworks_icon_block icon_type=&#8221;kable&#8221; style=&#8221;2&#8243; text_align=&#8221;center&#8221; block_title=&#8221;Payment Process&#8221; block_desc=&#8221;The term used to describe the process and service that automates payment transactions between the shopper and merchant. It is usually a third-party service&#8221; icon_woomega=&#8221;icon-payment&#8221; icon_kable=&#8221;icon-payment&#8221;][\/vc_column][vc_column width=&#8221;1\/3&#8243;][pikoworks_icon_block icon_type=&#8221;image&#8221; icon_image=&#8221;3393&#8243; style=&#8221;2&#8243; text_align=&#8221;center&#8221; block_title=&#8221;24\/7 Support&#8221; block_desc=&#8221;24\/7 support is a kind of support that available throughout the day, 7 days a week and 365 days a year. This simply means that technical service is available around the clock.&#8221;][\/vc_column][\/vc_row][vc_row gap=&#8221;35&#8243; el_class=&#8221;mb85 mb35-md&#8221;][vc_column width=&#8221;1\/3&#8243;][pikoworks_icon_block icon_type=&#8221;kable&#8221; style=&#8221;2&#8243; text_align=&#8221;center&#8221; block_title=&#8221;Product Design&#8221; block_desc=&#8221;There are of course infamous product design examples such as the Coca-Cola bottle, the IPod, or the Vespa. Aside from those, one can find many other innovative examples.&#8221; icon_woomega=&#8221;icon-design&#8221; icon_kable=&#8221;icon-design&#8221;][\/vc_column][vc_column width=&#8221;1\/3&#8243;][pikoworks_icon_block icon_type=&#8221;kable&#8221; style=&#8221;2&#8243; text_align=&#8221;center&#8221; block_title=&#8221;Best Ecommerce&#8221; block_desc=&#8221;The quest to discover the best ecommerce platform out there has been our ongoing goal here at ecommerce-platforms.com ever since the site was established.&#8221; icon_woomega=&#8221;icon-ecommerce&#8221; icon_kable=&#8221;icon-ecommerce&#8221;][\/vc_column][vc_column width=&#8221;1\/3&#8243;][pikoworks_icon_block icon_type=&#8221;kable&#8221; style=&#8221;2&#8243; text_align=&#8221;center&#8221; block_title=&#8221;Marketing&#8221; block_desc=&#8221;The &#8216;marketing concept&#8217; proposes that in order to satisfy the organizational objectives, an organization should anticipate the needs and wants of potential consumers.&#8221; icon_woomega=&#8221;icon-marketing&#8221; icon_kable=&#8221;icon-marketing&#8221;][\/vc_column][\/vc_row][vc_row full_width=&#8221;stretch_row_content&#8221; css=&#8221;.vc_custom_1555747865119{background-image: url(http:\/\/demo.themepiko.com\/kable\/fashion\/wp-content\/uploads\/2018\/12\/about-section-bg.jpg?id=3362) !important;background-position: center !important;background-repeat: no-repeat !important;background-size: cover !important;}&#8221; el_class=&#8221;pt100 pb95 pt20-md pb20-md&#8221;][vc_column][vc_custom_heading title_font_size=&#8221;fs48&#8243; text=&#8221;Find Everything You Want&#8221; font_container=&#8221;tag:h3|text_align:center&#8221; use_theme_fonts=&#8221;yes&#8221; sub_title_font=&#8221;&#8221; el_class=&#8221;mb15&#8243;][vc_custom_heading title_font_size=&#8221;f_s18&#8243; text=&#8221;Welcome to the new range of shaving products from master barber. We have over<br \/>\nthree decades of experience in the male grooming industry&#8221; font_container=&#8221;tag:p|text_align:center&#8221; use_theme_fonts=&#8221;yes&#8221; sub_title_font=&#8221;&#8221; el_class=&#8221;mb45&#8243;][vc_btn title=&#8221;Discover Now&#8221; shape=&#8221;square&#8221; color=&#8221;white&#8221; align=&#8221;center&#8221; el_class=&#8221;pb30&#8243;][\/vc_column][\/vc_row][vc_row el_class=&#8221;mt70 mb65 mb30-md mt20-md mb10-md&#8221;][vc_column][vc_custom_heading title_font_size=&#8221;fs36&#8243; text=&#8221;Our Partners&#8221; font_container=&#8221;tag:h2|text_align:center&#8221; use_theme_fonts=&#8221;yes&#8221; sub_title=&#8221;There are our great partners who always make us Proud&#8221;][\/vc_column][\/vc_row][vc_row css=&#8221;.vc_custom_1555748403625{margin-bottom: -35px !important;}&#8221; el_class=&#8221;dib&#8221;][vc_column][brand_logo images=&#8221;4372,4371,4368,4367,4369,4370,4389,4390,4391,4392&#8243; items_very_large_device=&#8221;5&#8243;][\/vc_column][\/vc_row]\t\t<\/p>\n","protected":false},"excerpt":{"rendered":"<p>[vc_row el_class=&#8221;mt30-sm mb150 pt75 pt40-md&#8221;][vc_column width=&#8221;5\/12&#8243;][\/vc_column][vc_column width=&#8221;7\/12&#8243;][vc_custom_heading title_font_size=&#8221;fs60&#8243; text=&#8221;Stories&#8221; font_container=&#8221;tag:h3|text_align:left&#8221; use_theme_fonts=&#8221;yes&#8221; css=&#8221;.vc_custom_1544986671826{margin-bottom: -68px !important;}&#8221;][\/vc_column][\/vc_row][vc_row css=&#8221;.vc_custom_1555747876573{background-color: rgba(34,34,43,0.03) !important;*background-color: rgb(34,34,43) !important;}&#8221; el_class=&#8221;pt30 pb30&#8243;][vc_column width=&#8221;5\/12&#8243;][vc_single_image image=&#8221;4501&#8243; img_size=&#8221;full&#8221; alignment=&#8221;center&#8221; css=&#8221;.vc_custom_1555747608485{margin-top: -250px !important;}&#8221; el_class=&#8221;mb0-md&#8221;][\/vc_column][vc_column width=&#8221;7\/12&#8243;][vc_column_text el_class=&#8221;mb20&#8243; css=&#8221;.vc_custom_1555748146981{padding-right: 40px !important;}&#8221;]A few years ago, Melissa was running Tiny Tags from her home base in California and the focusing on hand-stamped pieces, but [&hellip;]<\/p>\n","protected":false},"author":2,"featured_media":0,"parent":0,"menu_order":0,"comment_status":"closed","ping_status":"open","template":"","meta":{"footnotes":""},"categories":[],"tags":[],"class_list":["post-4524","page","type-page","status-publish","hentry"],"yoast_head":"<!-- This site is optimized with the Yoast SEO plugin v27.2 - https:\/\/yoast.com\/product\/yoast-seo-wordpress\/ -->\n<title>About Us &#8211; GR1993 Records<\/title>\n<meta name=\"robots\" content=\"index, follow, max-snippet:-1, max-image-preview:large, max-video-preview:-1\" \/>\n<link rel=\"canonical\" href=\"https:\/\/gr1993records.com\/index.php\/about-us\/\" \/>\n<meta property=\"og:locale\" content=\"hu_HU\" \/>\n<meta property=\"og:type\" content=\"article\" \/>\n<meta property=\"og:title\" content=\"About Us &#8211; GR1993 Records\" \/>\n<meta property=\"og:description\" content=\"[vc_row el_class=&#8221;mt30-sm mb150 pt75 pt40-md&#8221;][vc_column width=&#8221;5\/12&#8243;][\/vc_column][vc_column width=&#8221;7\/12&#8243;][vc_custom_heading title_font_size=&#8221;fs60&#8243; text=&#8221;Stories&#8221; font_container=&#8221;tag:h3|text_align:left&#8221; use_theme_fonts=&#8221;yes&#8221; css=&#8221;.vc_custom_1544986671826{margin-bottom: -68px !important;}&#8221;][\/vc_column][\/vc_row][vc_row css=&#8221;.vc_custom_1555747876573{background-color: rgba(34,34,43,0.03) !important;*background-color: rgb(34,34,43) !important;}&#8221; el_class=&#8221;pt30 pb30&#8243;][vc_column width=&#8221;5\/12&#8243;][vc_single_image image=&#8221;4501&#8243; img_size=&#8221;full&#8221; alignment=&#8221;center&#8221; css=&#8221;.vc_custom_1555747608485{margin-top: -250px !important;}&#8221; el_class=&#8221;mb0-md&#8221;][\/vc_column][vc_column width=&#8221;7\/12&#8243;][vc_column_text el_class=&#8221;mb20&#8243; css=&#8221;.vc_custom_1555748146981{padding-right: 40px !important;}&#8221;]A few years ago, Melissa was running Tiny Tags from her home base in California and the focusing on hand-stamped pieces, but [&hellip;]\" \/>\n<meta property=\"og:url\" content=\"https:\/\/gr1993records.com\/index.php\/about-us\/\" \/>\n<meta property=\"og:site_name\" content=\"GR1993 Records\" \/>\n<meta property=\"article:publisher\" content=\"https:\/\/www.facebook.com\/GR1993Records-113564886691383\/\" \/>\n<meta name=\"twitter:card\" content=\"summary_large_image\" \/>\n<meta name=\"twitter:label1\" content=\"Becs\u00fclt olvas\u00e1si id\u0151\" \/>\n\t<meta name=\"twitter:data1\" content=\"4 perc\" \/>\n<script type=\"application\/ld+json\" class=\"yoast-schema-graph\">{\"@context\":\"https:\/\/schema.org\",\"@graph\":[{\"@type\":\"WebPage\",\"@id\":\"https:\/\/gr1993records.com\/index.php\/about-us\/\",\"url\":\"https:\/\/gr1993records.com\/index.php\/about-us\/\",\"name\":\"About Us &#8211; GR1993 Records\",\"isPartOf\":{\"@id\":\"https:\/\/gr1993records.com\/#website\"},\"datePublished\":\"2018-12-12T08:58:40+00:00\",\"breadcrumb\":{\"@id\":\"https:\/\/gr1993records.com\/index.php\/about-us\/#breadcrumb\"},\"inLanguage\":\"hu\",\"potentialAction\":[{\"@type\":\"ReadAction\",\"target\":[\"https:\/\/gr1993records.com\/index.php\/about-us\/\"]}]},{\"@type\":\"BreadcrumbList\",\"@id\":\"https:\/\/gr1993records.com\/index.php\/about-us\/#breadcrumb\",\"itemListElement\":[{\"@type\":\"ListItem\",\"position\":1,\"name\":\"Home\",\"item\":\"https:\/\/gr1993records.com\/\"},{\"@type\":\"ListItem\",\"position\":2,\"name\":\"About Us\"}]},{\"@type\":\"WebSite\",\"@id\":\"https:\/\/gr1993records.com\/#website\",\"url\":\"https:\/\/gr1993records.com\/\",\"name\":\"GR1993 Records\",\"description\":\"\",\"publisher\":{\"@id\":\"https:\/\/gr1993records.com\/#organization\"},\"potentialAction\":[{\"@type\":\"SearchAction\",\"target\":{\"@type\":\"EntryPoint\",\"urlTemplate\":\"https:\/\/gr1993records.com\/?s={search_term_string}\"},\"query-input\":{\"@type\":\"PropertyValueSpecification\",\"valueRequired\":true,\"valueName\":\"search_term_string\"}}],\"inLanguage\":\"hu\"},{\"@type\":\"Organization\",\"@id\":\"https:\/\/gr1993records.com\/#organization\",\"name\":\"Gramy-H Ltd.\",\"url\":\"https:\/\/gr1993records.com\/\",\"logo\":{\"@type\":\"ImageObject\",\"inLanguage\":\"hu\",\"@id\":\"https:\/\/gr1993records.com\/#\/schema\/logo\/image\/\",\"url\":\"https:\/\/gr1993records.com\/wp-content\/uploads\/2019\/08\/GR1993_Records_logo_CC.png\",\"contentUrl\":\"https:\/\/gr1993records.com\/wp-content\/uploads\/2019\/08\/GR1993_Records_logo_CC.png\",\"width\":2900,\"height\":2001,\"caption\":\"Gramy-H Ltd.\"},\"image\":{\"@id\":\"https:\/\/gr1993records.com\/#\/schema\/logo\/image\/\"},\"sameAs\":[\"https:\/\/www.facebook.com\/GR1993Records-113564886691383\/\"]}]}<\/script>\n<!-- \/ Yoast SEO plugin. -->","yoast_head_json":{"title":"About Us &#8211; GR1993 Records","robots":{"index":"index","follow":"follow","max-snippet":"max-snippet:-1","max-image-preview":"max-image-preview:large","max-video-preview":"max-video-preview:-1"},"canonical":"https:\/\/gr1993records.com\/index.php\/about-us\/","og_locale":"hu_HU","og_type":"article","og_title":"About Us &#8211; GR1993 Records","og_description":"[vc_row el_class=&#8221;mt30-sm mb150 pt75 pt40-md&#8221;][vc_column width=&#8221;5\/12&#8243;][\/vc_column][vc_column width=&#8221;7\/12&#8243;][vc_custom_heading title_font_size=&#8221;fs60&#8243; text=&#8221;Stories&#8221; font_container=&#8221;tag:h3|text_align:left&#8221; use_theme_fonts=&#8221;yes&#8221; css=&#8221;.vc_custom_1544986671826{margin-bottom: -68px !important;}&#8221;][\/vc_column][\/vc_row][vc_row css=&#8221;.vc_custom_1555747876573{background-color: rgba(34,34,43,0.03) !important;*background-color: rgb(34,34,43) !important;}&#8221; el_class=&#8221;pt30 pb30&#8243;][vc_column width=&#8221;5\/12&#8243;][vc_single_image image=&#8221;4501&#8243; img_size=&#8221;full&#8221; alignment=&#8221;center&#8221; css=&#8221;.vc_custom_1555747608485{margin-top: -250px !important;}&#8221; el_class=&#8221;mb0-md&#8221;][\/vc_column][vc_column width=&#8221;7\/12&#8243;][vc_column_text el_class=&#8221;mb20&#8243; css=&#8221;.vc_custom_1555748146981{padding-right: 40px !important;}&#8221;]A few years ago, Melissa was running Tiny Tags from her home base in California and the focusing on hand-stamped pieces, but [&hellip;]","og_url":"https:\/\/gr1993records.com\/index.php\/about-us\/","og_site_name":"GR1993 Records","article_publisher":"https:\/\/www.facebook.com\/GR1993Records-113564886691383\/","twitter_card":"summary_large_image","twitter_misc":{"Becs\u00fclt olvas\u00e1si id\u0151":"4 perc"},"schema":{"@context":"https:\/\/schema.org","@graph":[{"@type":"WebPage","@id":"https:\/\/gr1993records.com\/index.php\/about-us\/","url":"https:\/\/gr1993records.com\/index.php\/about-us\/","name":"About Us &#8211; GR1993 Records","isPartOf":{"@id":"https:\/\/gr1993records.com\/#website"},"datePublished":"2018-12-12T08:58:40+00:00","breadcrumb":{"@id":"https:\/\/gr1993records.com\/index.php\/about-us\/#breadcrumb"},"inLanguage":"hu","potentialAction":[{"@type":"ReadAction","target":["https:\/\/gr1993records.com\/index.php\/about-us\/"]}]},{"@type":"BreadcrumbList","@id":"https:\/\/gr1993records.com\/index.php\/about-us\/#breadcrumb","itemListElement":[{"@type":"ListItem","position":1,"name":"Home","item":"https:\/\/gr1993records.com\/"},{"@type":"ListItem","position":2,"name":"About Us"}]},{"@type":"WebSite","@id":"https:\/\/gr1993records.com\/#website","url":"https:\/\/gr1993records.com\/","name":"GR1993 Records","description":"","publisher":{"@id":"https:\/\/gr1993records.com\/#organization"},"potentialAction":[{"@type":"SearchAction","target":{"@type":"EntryPoint","urlTemplate":"https:\/\/gr1993records.com\/?s={search_term_string}"},"query-input":{"@type":"PropertyValueSpecification","valueRequired":true,"valueName":"search_term_string"}}],"inLanguage":"hu"},{"@type":"Organization","@id":"https:\/\/gr1993records.com\/#organization","name":"Gramy-H Ltd.","url":"https:\/\/gr1993records.com\/","logo":{"@type":"ImageObject","inLanguage":"hu","@id":"https:\/\/gr1993records.com\/#\/schema\/logo\/image\/","url":"https:\/\/gr1993records.com\/wp-content\/uploads\/2019\/08\/GR1993_Records_logo_CC.png","contentUrl":"https:\/\/gr1993records.com\/wp-content\/uploads\/2019\/08\/GR1993_Records_logo_CC.png","width":2900,"height":2001,"caption":"Gramy-H Ltd."},"image":{"@id":"https:\/\/gr1993records.com\/#\/schema\/logo\/image\/"},"sameAs":["https:\/\/www.facebook.com\/GR1993Records-113564886691383\/"]}]}},"jetpack_sharing_enabled":true,"_links":{"self":[{"href":"https:\/\/gr1993records.com\/index.php\/wp-json\/wp\/v2\/pages\/4524","targetHints":{"allow":["GET"]}}],"collection":[{"href":"https:\/\/gr1993records.com\/index.php\/wp-json\/wp\/v2\/pages"}],"about":[{"href":"https:\/\/gr1993records.com\/index.php\/wp-json\/wp\/v2\/types\/page"}],"author":[{"embeddable":true,"href":"https:\/\/gr1993records.com\/index.php\/wp-json\/wp\/v2\/users\/2"}],"replies":[{"embeddable":true,"href":"https:\/\/gr1993records.com\/index.php\/wp-json\/wp\/v2\/comments?post=4524"}],"version-history":[{"count":0,"href":"https:\/\/gr1993records.com\/index.php\/wp-json\/wp\/v2\/pages\/4524\/revisions"}],"wp:attachment":[{"href":"https:\/\/gr1993records.com\/index.php\/wp-json\/wp\/v2\/media?parent=4524"}],"wp:term":[{"taxonomy":"category","embeddable":true,"href":"https:\/\/gr1993records.com\/index.php\/wp-json\/wp\/v2\/categories?post=4524"},{"taxonomy":"post_tag","embeddable":true,"href":"https:\/\/gr1993records.com\/index.php\/wp-json\/wp\/v2\/tags?post=4524"}],"curies":[{"name":"wp","href":"https:\/\/api.w.org\/{rel}","templated":true}]}}