{"id":4410,"date":"2019-03-04T07:43:25","date_gmt":"2019-03-04T07:43:25","guid":{"rendered":"http:\/\/demo.themepiko.com\/woomega\/default\/?page_id=4410"},"modified":"2019-03-04T07:43:25","modified_gmt":"2019-03-04T07:43:25","slug":"contact-us-v2","status":"publish","type":"page","link":"https:\/\/gr1993records.com\/index.php\/contact-us-v2\/","title":{"rendered":"Contact Us v2"},"content":{"rendered":"<p>[vc_row el_class=&#8221;mb85 mb40-md mb20-sm&#8221;][vc_column width=&#8221;5\/12&#8243;][vc_custom_heading title_font_size=&#8221;fs36&#8243; text=&#8221;Our Stories&#8221; font_container=&#8221;tag:h3|text_align:left&#8221; use_theme_fonts=&#8221;yes&#8221; el_class=&#8221;mb5&#8243;][vc_column_text css=&#8221;.vc_custom_1551685817527{padding-right: 30px !important;}&#8221;]A few years ago, Melissa was running Tiny Tags from her home base in California and the focusing on hand-stamped pieces, but a move to Massachusetts coincided with her desire Suspendisse sit amet magna at nunc rhoncus venenatis.<\/p>\n<p>Praesent eu nibh ultrices, euismod nisi eget, euismod urna. Nunc vitae tincidunt enim[\/vc_column_text][pikoworks_socialpage_link title_text=&#8221;&#8221;][\/vc_column][vc_column width=&#8221;7\/12&#8243;][vc_row_inner][vc_column_inner width=&#8221;1\/2&#8243;][contact_address location=&#8221;New York Office&#8221; address=&#8221;5078 Jensen, Port, WV 73505&#8243; email=&#8221;woomega@gmail.com&#8221; el_class=&#8221;mb25&#8243;][contact_address location=&#8221;Netherlands&#8221; address=&#8221;Kleine Pierboulevard 2249 KV Vries&#8221; email=&#8221;woomega@email.com&#8221; el_class=&#8221;mb25&#8243;][contact_address location=&#8221;Melbourne&#8221; address=&#8221;5078 Jensen, Port, WV 735&#8243; email=&#8221;woomega@gmail.com&#8221;][\/vc_column_inner][vc_column_inner width=&#8221;1\/2&#8243;][contact_address location=&#8221;Great Britain&#8221; address=&#8221;0 Emily Club, New Tina, V6 6ZH&#8221; mobile=&#8221;+4 234-567-8902&#8243; email=&#8221;woomega@email.com&#8221; el_class=&#8221;mb25&#8243;][contact_address location=&#8221;Germany&#8221; address=&#8221;Pleine Pierbo 22 KA Vries&#8221; email=&#8221;woomega@email.com&#8221; el_class=&#8221;mb25&#8243;][contact_address location=&#8221;Norway&#8221; address=&#8221;Yeine Pierbo 22 KA Vries&#8221; email=&#8221;woomega@email.com&#8221;][\/vc_column_inner][\/vc_row_inner][\/vc_column][\/vc_row][vc_row full_width=&#8221;stretch_row_content_no_spaces&#8221;][vc_column][pikoworks_google_map map_style=&#8221;map_contact&#8221; map_zoom=&#8221;16&#8243; map_layout=&#8221;1&#8243; style=&#8221;&#8220;border: 0&#8220;;&#8221; src=&#8221;&#8220;https:\/\/www.google.com\/maps\/embed?pb=!1m18!1m12!1m3!1d1580.1372079739906!2d-77.64241538738045!3d37.619232371548215!2m3!1f0!2f0!3f0!3m2!1i1024!2i768!4f13.1!3m3!1m2!1s0x89b16bcdb3842c45%3A0xfb8456b8f404fcd9!2sMilhaven+Dr%2C+Tuckahoe%2C+VA+23238%2C+USA!5e0!3m2!1sen!2sbd!4v1545051494074&#8220;&#8221; width=&#8221;&#8220;100%&#8220;&#8221; height=&#8221;&#8220;100%&#8220;&#8221; frameborder=&#8221;&#8220;0&#8220;&#8221; image=&#8221;3466&#8243;][\/vc_column][\/vc_row]<\/p>\n","protected":false},"excerpt":{"rendered":"<p>[vc_row el_class=&#8221;mb85 mb40-md mb20-sm&#8221;][vc_column width=&#8221;5\/12&#8243;][vc_custom_heading title_font_size=&#8221;fs36&#8243; text=&#8221;Our Stories&#8221; font_container=&#8221;tag:h3|text_align:left&#8221; use_theme_fonts=&#8221;yes&#8221; el_class=&#8221;mb5&#8243;][vc_column_text css=&#8221;.vc_custom_1551685817527{padding-right: 30px !important;}&#8221;]A few years ago, Melissa was running Tiny Tags from her home base in California and the focusing on hand-stamped pieces, but a move to Massachusetts coincided with her desire Suspendisse sit amet magna at nunc rhoncus venenatis. Praesent eu nibh ultrices, [&hellip;]<\/p>\n","protected":false},"author":2,"featured_media":0,"parent":0,"menu_order":0,"comment_status":"closed","ping_status":"closed","template":"","meta":{"footnotes":""},"categories":[],"tags":[],"class_list":["post-4410","page","type-page","status-publish","hentry"],"yoast_head":"<!-- This site is optimized with the Yoast SEO plugin v27.3 - https:\/\/yoast.com\/product\/yoast-seo-wordpress\/ -->\n<title>Contact Us v2 &#8211; GR1993 Records<\/title>\n<meta name=\"robots\" content=\"index, follow, max-snippet:-1, max-image-preview:large, max-video-preview:-1\" \/>\n<link rel=\"canonical\" href=\"https:\/\/gr1993records.com\/index.php\/contact-us-v2\/\" \/>\n<meta property=\"og:locale\" content=\"hu_HU\" \/>\n<meta property=\"og:type\" content=\"article\" \/>\n<meta property=\"og:title\" content=\"Contact Us v2 &#8211; GR1993 Records\" \/>\n<meta property=\"og:description\" content=\"[vc_row el_class=&#8221;mb85 mb40-md mb20-sm&#8221;][vc_column width=&#8221;5\/12&#8243;][vc_custom_heading title_font_size=&#8221;fs36&#8243; text=&#8221;Our Stories&#8221; font_container=&#8221;tag:h3|text_align:left&#8221; use_theme_fonts=&#8221;yes&#8221; el_class=&#8221;mb5&#8243;][vc_column_text css=&#8221;.vc_custom_1551685817527{padding-right: 30px !important;}&#8221;]A few years ago, Melissa was running Tiny Tags from her home base in California and the focusing on hand-stamped pieces, but a move to Massachusetts coincided with her desire Suspendisse sit amet magna at nunc rhoncus venenatis. Praesent eu nibh ultrices, [&hellip;]\" \/>\n<meta property=\"og:url\" content=\"https:\/\/gr1993records.com\/index.php\/contact-us-v2\/\" \/>\n<meta property=\"og:site_name\" content=\"GR1993 Records\" \/>\n<meta property=\"article:publisher\" content=\"https:\/\/www.facebook.com\/GR1993Records-113564886691383\/\" \/>\n<meta name=\"twitter:card\" content=\"summary_large_image\" \/>\n<meta name=\"twitter:label1\" content=\"Becs\u00fclt olvas\u00e1si id\u0151\" \/>\n\t<meta name=\"twitter:data1\" content=\"2 perc\" \/>\n<script type=\"application\/ld+json\" class=\"yoast-schema-graph\">{\"@context\":\"https:\\\/\\\/schema.org\",\"@graph\":[{\"@type\":\"WebPage\",\"@id\":\"https:\\\/\\\/gr1993records.com\\\/index.php\\\/contact-us-v2\\\/\",\"url\":\"https:\\\/\\\/gr1993records.com\\\/index.php\\\/contact-us-v2\\\/\",\"name\":\"Contact Us v2 &#8211; GR1993 Records\",\"isPartOf\":{\"@id\":\"https:\\\/\\\/gr1993records.com\\\/#website\"},\"datePublished\":\"2019-03-04T07:43:25+00:00\",\"breadcrumb\":{\"@id\":\"https:\\\/\\\/gr1993records.com\\\/index.php\\\/contact-us-v2\\\/#breadcrumb\"},\"inLanguage\":\"hu\",\"potentialAction\":[{\"@type\":\"ReadAction\",\"target\":[\"https:\\\/\\\/gr1993records.com\\\/index.php\\\/contact-us-v2\\\/\"]}]},{\"@type\":\"BreadcrumbList\",\"@id\":\"https:\\\/\\\/gr1993records.com\\\/index.php\\\/contact-us-v2\\\/#breadcrumb\",\"itemListElement\":[{\"@type\":\"ListItem\",\"position\":1,\"name\":\"Home\",\"item\":\"https:\\\/\\\/gr1993records.com\\\/\"},{\"@type\":\"ListItem\",\"position\":2,\"name\":\"Contact Us v2\"}]},{\"@type\":\"WebSite\",\"@id\":\"https:\\\/\\\/gr1993records.com\\\/#website\",\"url\":\"https:\\\/\\\/gr1993records.com\\\/\",\"name\":\"GR1993 Records\",\"description\":\"\",\"publisher\":{\"@id\":\"https:\\\/\\\/gr1993records.com\\\/#organization\"},\"potentialAction\":[{\"@type\":\"SearchAction\",\"target\":{\"@type\":\"EntryPoint\",\"urlTemplate\":\"https:\\\/\\\/gr1993records.com\\\/?s={search_term_string}\"},\"query-input\":{\"@type\":\"PropertyValueSpecification\",\"valueRequired\":true,\"valueName\":\"search_term_string\"}}],\"inLanguage\":\"hu\"},{\"@type\":\"Organization\",\"@id\":\"https:\\\/\\\/gr1993records.com\\\/#organization\",\"name\":\"Gramy-H Ltd.\",\"url\":\"https:\\\/\\\/gr1993records.com\\\/\",\"logo\":{\"@type\":\"ImageObject\",\"inLanguage\":\"hu\",\"@id\":\"https:\\\/\\\/gr1993records.com\\\/#\\\/schema\\\/logo\\\/image\\\/\",\"url\":\"https:\\\/\\\/gr1993records.com\\\/wp-content\\\/uploads\\\/2019\\\/08\\\/GR1993_Records_logo_CC.png\",\"contentUrl\":\"https:\\\/\\\/gr1993records.com\\\/wp-content\\\/uploads\\\/2019\\\/08\\\/GR1993_Records_logo_CC.png\",\"width\":2900,\"height\":2001,\"caption\":\"Gramy-H Ltd.\"},\"image\":{\"@id\":\"https:\\\/\\\/gr1993records.com\\\/#\\\/schema\\\/logo\\\/image\\\/\"},\"sameAs\":[\"https:\\\/\\\/www.facebook.com\\\/GR1993Records-113564886691383\\\/\"]}]}<\/script>\n<!-- \/ Yoast SEO plugin. -->","yoast_head_json":{"title":"Contact Us v2 &#8211; GR1993 Records","robots":{"index":"index","follow":"follow","max-snippet":"max-snippet:-1","max-image-preview":"max-image-preview:large","max-video-preview":"max-video-preview:-1"},"canonical":"https:\/\/gr1993records.com\/index.php\/contact-us-v2\/","og_locale":"hu_HU","og_type":"article","og_title":"Contact Us v2 &#8211; GR1993 Records","og_description":"[vc_row el_class=&#8221;mb85 mb40-md mb20-sm&#8221;][vc_column width=&#8221;5\/12&#8243;][vc_custom_heading title_font_size=&#8221;fs36&#8243; text=&#8221;Our Stories&#8221; font_container=&#8221;tag:h3|text_align:left&#8221; use_theme_fonts=&#8221;yes&#8221; el_class=&#8221;mb5&#8243;][vc_column_text css=&#8221;.vc_custom_1551685817527{padding-right: 30px !important;}&#8221;]A few years ago, Melissa was running Tiny Tags from her home base in California and the focusing on hand-stamped pieces, but a move to Massachusetts coincided with her desire Suspendisse sit amet magna at nunc rhoncus venenatis. Praesent eu nibh ultrices, [&hellip;]","og_url":"https:\/\/gr1993records.com\/index.php\/contact-us-v2\/","og_site_name":"GR1993 Records","article_publisher":"https:\/\/www.facebook.com\/GR1993Records-113564886691383\/","twitter_card":"summary_large_image","twitter_misc":{"Becs\u00fclt olvas\u00e1si id\u0151":"2 perc"},"schema":{"@context":"https:\/\/schema.org","@graph":[{"@type":"WebPage","@id":"https:\/\/gr1993records.com\/index.php\/contact-us-v2\/","url":"https:\/\/gr1993records.com\/index.php\/contact-us-v2\/","name":"Contact Us v2 &#8211; GR1993 Records","isPartOf":{"@id":"https:\/\/gr1993records.com\/#website"},"datePublished":"2019-03-04T07:43:25+00:00","breadcrumb":{"@id":"https:\/\/gr1993records.com\/index.php\/contact-us-v2\/#breadcrumb"},"inLanguage":"hu","potentialAction":[{"@type":"ReadAction","target":["https:\/\/gr1993records.com\/index.php\/contact-us-v2\/"]}]},{"@type":"BreadcrumbList","@id":"https:\/\/gr1993records.com\/index.php\/contact-us-v2\/#breadcrumb","itemListElement":[{"@type":"ListItem","position":1,"name":"Home","item":"https:\/\/gr1993records.com\/"},{"@type":"ListItem","position":2,"name":"Contact Us v2"}]},{"@type":"WebSite","@id":"https:\/\/gr1993records.com\/#website","url":"https:\/\/gr1993records.com\/","name":"GR1993 Records","description":"","publisher":{"@id":"https:\/\/gr1993records.com\/#organization"},"potentialAction":[{"@type":"SearchAction","target":{"@type":"EntryPoint","urlTemplate":"https:\/\/gr1993records.com\/?s={search_term_string}"},"query-input":{"@type":"PropertyValueSpecification","valueRequired":true,"valueName":"search_term_string"}}],"inLanguage":"hu"},{"@type":"Organization","@id":"https:\/\/gr1993records.com\/#organization","name":"Gramy-H Ltd.","url":"https:\/\/gr1993records.com\/","logo":{"@type":"ImageObject","inLanguage":"hu","@id":"https:\/\/gr1993records.com\/#\/schema\/logo\/image\/","url":"https:\/\/gr1993records.com\/wp-content\/uploads\/2019\/08\/GR1993_Records_logo_CC.png","contentUrl":"https:\/\/gr1993records.com\/wp-content\/uploads\/2019\/08\/GR1993_Records_logo_CC.png","width":2900,"height":2001,"caption":"Gramy-H Ltd."},"image":{"@id":"https:\/\/gr1993records.com\/#\/schema\/logo\/image\/"},"sameAs":["https:\/\/www.facebook.com\/GR1993Records-113564886691383\/"]}]}},"jetpack_sharing_enabled":true,"_links":{"self":[{"href":"https:\/\/gr1993records.com\/index.php\/wp-json\/wp\/v2\/pages\/4410","targetHints":{"allow":["GET"]}}],"collection":[{"href":"https:\/\/gr1993records.com\/index.php\/wp-json\/wp\/v2\/pages"}],"about":[{"href":"https:\/\/gr1993records.com\/index.php\/wp-json\/wp\/v2\/types\/page"}],"author":[{"embeddable":true,"href":"https:\/\/gr1993records.com\/index.php\/wp-json\/wp\/v2\/users\/2"}],"replies":[{"embeddable":true,"href":"https:\/\/gr1993records.com\/index.php\/wp-json\/wp\/v2\/comments?post=4410"}],"version-history":[{"count":0,"href":"https:\/\/gr1993records.com\/index.php\/wp-json\/wp\/v2\/pages\/4410\/revisions"}],"wp:attachment":[{"href":"https:\/\/gr1993records.com\/index.php\/wp-json\/wp\/v2\/media?parent=4410"}],"wp:term":[{"taxonomy":"category","embeddable":true,"href":"https:\/\/gr1993records.com\/index.php\/wp-json\/wp\/v2\/categories?post=4410"},{"taxonomy":"post_tag","embeddable":true,"href":"https:\/\/gr1993records.com\/index.php\/wp-json\/wp\/v2\/tags?post=4410"}],"curies":[{"name":"wp","href":"https:\/\/api.w.org\/{rel}","templated":true}]}}