{"id":3655,"date":"2019-01-04T05:28:51","date_gmt":"2019-01-04T05:28:51","guid":{"rendered":"http:\/\/localhost\/woomega\/?page_id=3655"},"modified":"2019-08-10T14:37:53","modified_gmt":"2019-08-10T14:37:53","slug":"home3","status":"publish","type":"page","link":"https:\/\/gr1993records.com\/home3\/","title":{"rendered":"Home3"},"content":{"rendered":"<p>[vc_row full_width=&#8221;stretch_row&#8221; css=&#8221;.vc_custom_1551255245234{background-image: url(http:\/\/demo.themepiko.com\/woomega\/default\/wp-content\/uploads\/2019\/01\/03_Home-slide-bgjpg.jpg?id=3716) !important;background-position: center !important;background-repeat: no-repeat !important;background-size: cover !important;}&#8221; el_class=&#8221;push-col-md alignwide pt65 pt30-md pb75 pt35-md vc-gap-0 remove-header-padding&#8221;][vc_column css_animation=&#8221;slideInLeft&#8221; width=&#8221;1\/4&#8243;][vc_tta_tabs shape=&#8221;square&#8221; spacing=&#8221;&#8221; active_section=&#8221;1&#8243;][vc_tta_section title=&#8221;Men&#8221; tab_id=&#8221;s-menu-men&#8221;][vc_wp_custommenu nav_menu=&#8221;76&#8243;][\/vc_tta_section][vc_tta_section title=&#8221;Women&#8221; tab_id=&#8221;s-menu-women&#8221;][vc_wp_custommenu nav_menu=&#8221;76&#8243;][\/vc_tta_section][\/vc_tta_tabs][\/vc_column][vc_column width=&#8221;1\/2&#8243;]\n\t\t\t<!-- START home3 REVOLUTION SLIDER 6.6.14 --><p class=\"rs-p-wp-fix\"><\/p>\n\t\t\t<rs-module-wrap id=\"rev_slider_3_1_wrapper\" data-source=\"gallery\" style=\"visibility:hidden;background:transparent;padding:0;margin:0px auto;margin-top:0;margin-bottom:0;\">\n\t\t\t\t<rs-module id=\"rev_slider_3_1\" style=\"\" data-version=\"6.6.14\">\n\t\t\t\t\t<rs-slides style=\"overflow: hidden; position: absolute;\">\n\t\t\t\t\t\t<rs-slide style=\"position: absolute;\" data-key=\"rs-5\" data-title=\"Slide\" data-thumb=\"\/\/gr1993records.magex.hu\/wp-content\/uploads\/revslider\/03_Home-slide-01.jpg\" data-anim=\"ms:2000;e:slidingoverlay;\" data-in=\"y:-100%;\">\n\t\t\t\t\t\t\t<img decoding=\"async\" src=\"\/\/gr1993records.com\/wp-content\/plugins\/revslider\/public\/assets\/assets\/dummy.png\" alt=\"\" title=\"Home3\" class=\"rev-slidebg tp-rs-img rs-lazyload\" data-lazyload=\"\/\/gr1993records.magex.hu\/wp-content\/uploads\/revslider\/03_Home-slide-01.jpg\" data-parallax=\"off\" data-no-retina>\n<!--\n\t\t\t\t\t\t\t--><rs-layer\n\t\t\t\t\t\t\t\tid=\"slider-3-slide-5-layer-27\" \n\t\t\t\t\t\t\t\tdata-type=\"text\"\n\t\t\t\t\t\t\t\tdata-color=\"#22222b\"\n\t\t\t\t\t\t\t\tdata-rsp_ch=\"on\"\n\t\t\t\t\t\t\t\tdata-xy=\"xo:45px,45px,36px,30px;yo:156px,156px,139px,112px;\"\n\t\t\t\t\t\t\t\tdata-text=\"w:normal;s:42,42,42,30;l:55,55,55,40;fw:500;a:inherit;\"\n\t\t\t\t\t\t\t\tdata-dim=\"w:305px,305px,316px,238px;h:111px,111px,113px,92px;\"\n\t\t\t\t\t\t\t\tdata-frame_0=\"o:1;tp:600;\"\n\t\t\t\t\t\t\t\tdata-frame_0_chars=\"d:5;x:50px;o:0;\"\n\t\t\t\t\t\t\t\tdata-frame_1=\"tp:600;e:power3.out;st:1100;sp:1050;sR:1100;\"\n\t\t\t\t\t\t\t\tdata-frame_1_chars=\"d:5;\"\n\t\t\t\t\t\t\t\tdata-frame_999=\"o:0;tp:600;st:w;sR:5850;\"\n\t\t\t\t\t\t\t\tstyle=\"z-index:5;font-family:'';\"\n\t\t\t\t\t\t\t>Fast Shooping \n& Low Cost \n\t\t\t\t\t\t\t<\/rs-layer><!--\n\n\t\t\t\t\t\t\t--><rs-layer\n\t\t\t\t\t\t\t\tid=\"slider-3-slide-5-layer-30\" \n\t\t\t\t\t\t\t\tdata-type=\"text\"\n\t\t\t\t\t\t\t\tdata-color=\"#22222b\"\n\t\t\t\t\t\t\t\tdata-rsp_ch=\"on\"\n\t\t\t\t\t\t\t\tdata-xy=\"xo:47px,47px,38px,31px;yo:268px,268px,247px,193px;\"\n\t\t\t\t\t\t\t\tdata-text=\"s:16;l:28;a:inherit;\"\n\t\t\t\t\t\t\t\tdata-frame_0=\"y:-50px;tp:600;\"\n\t\t\t\t\t\t\t\tdata-frame_1=\"tp:600;e:power2.out;st:2200;sp:1000;sR:2200;\"\n\t\t\t\t\t\t\t\tdata-frame_999=\"o:0;tp:600;st:w;sR:5800;\"\n\t\t\t\t\t\t\t\tstyle=\"z-index:6;font-family:'';\"\n\t\t\t\t\t\t\t>For the all latest product \n\t\t\t\t\t\t\t<\/rs-layer><!--\n\n\t\t\t\t\t\t\t--><rs-layer\n\t\t\t\t\t\t\t\tid=\"slider-3-slide-5-layer-20\" \n\t\t\t\t\t\t\t\tdata-type=\"text\"\n\t\t\t\t\t\t\t\tdata-xy=\"xo:48px,48px,38px,30px;yo:335px,335px,313px,242px;\"\n\t\t\t\t\t\t\t\tdata-text=\"a:inherit;\"\n\t\t\t\t\t\t\t\tdata-rsp_bd=\"off\"\n\t\t\t\t\t\t\t\tdata-frame_0=\"y:-50px;tp:600;\"\n\t\t\t\t\t\t\t\tdata-frame_1=\"tp:600;e:power2.inOut;st:2760;sp:1000;sR:2760;\"\n\t\t\t\t\t\t\t\tdata-frame_999=\"o:0;tp:600;st:w;sR:5240;\"\n\t\t\t\t\t\t\t\tstyle=\"z-index:7;font-family:'';\"\n\t\t\t\t\t\t\t><a class=\"button-effect\">Shop Now<\/a> \n\t\t\t\t\t\t\t<\/rs-layer><!--\n-->\t\t\t\t\t\t<\/rs-slide>\n\t\t\t\t\t\t<rs-slide style=\"position: absolute;\" data-key=\"rs-6\" data-title=\"Slide\" data-thumb=\"\/\/gr1993records.magex.hu\/wp-content\/uploads\/revslider\/03_Home-slide-02.jpg\" data-anim=\"ms:2000;e:slidingoverlay;\" data-in=\"y:-100%;\">\n\t\t\t\t\t\t\t<img decoding=\"async\" src=\"\/\/gr1993records.com\/wp-content\/plugins\/revslider\/public\/assets\/assets\/dummy.png\" alt=\"\" title=\"Home3\" class=\"rev-slidebg tp-rs-img rs-lazyload\" data-lazyload=\"\/\/gr1993records.magex.hu\/wp-content\/uploads\/revslider\/03_Home-slide-02.jpg\" data-parallax=\"off\" data-no-retina>\n<!--\n\t\t\t\t\t\t\t--><rs-layer\n\t\t\t\t\t\t\t\tid=\"slider-3-slide-6-layer-27\" \n\t\t\t\t\t\t\t\tdata-type=\"text\"\n\t\t\t\t\t\t\t\tdata-color=\"#22222b\"\n\t\t\t\t\t\t\t\tdata-rsp_ch=\"on\"\n\t\t\t\t\t\t\t\tdata-xy=\"xo:45px,45px,36px,30px;yo:156px,156px,139px,112px;\"\n\t\t\t\t\t\t\t\tdata-text=\"w:normal;s:42,42,42,30;l:55,55,55,40;fw:500;a:inherit;\"\n\t\t\t\t\t\t\t\tdata-dim=\"w:382px,382px,384px,296px;h:112px,112px,114px,93px;\"\n\t\t\t\t\t\t\t\tdata-frame_0=\"o:1;tp:600;\"\n\t\t\t\t\t\t\t\tdata-frame_0_chars=\"d:5;x:50px;o:0;\"\n\t\t\t\t\t\t\t\tdata-frame_1=\"tp:600;e:power3.out;st:1100;sp:1050;sR:1100;\"\n\t\t\t\t\t\t\t\tdata-frame_1_chars=\"d:5;\"\n\t\t\t\t\t\t\t\tdata-frame_999=\"o:0;tp:600;st:w;sR:5600;\"\n\t\t\t\t\t\t\t\tstyle=\"z-index:5;font-family:'';\"\n\t\t\t\t\t\t\t>Latest Men Winter\nCollection \n\t\t\t\t\t\t\t<\/rs-layer><!--\n\n\t\t\t\t\t\t\t--><rs-layer\n\t\t\t\t\t\t\t\tid=\"slider-3-slide-6-layer-30\" \n\t\t\t\t\t\t\t\tdata-type=\"text\"\n\t\t\t\t\t\t\t\tdata-color=\"#22222b\"\n\t\t\t\t\t\t\t\tdata-rsp_ch=\"on\"\n\t\t\t\t\t\t\t\tdata-xy=\"xo:47px,47px,38px,31px;yo:271px,271px,247px,193px;\"\n\t\t\t\t\t\t\t\tdata-text=\"s:16;l:28;a:inherit;\"\n\t\t\t\t\t\t\t\tdata-frame_0=\"y:-50px;tp:600;\"\n\t\t\t\t\t\t\t\tdata-frame_1=\"tp:600;e:power2.out;st:2200;sp:1000;sR:2200;\"\n\t\t\t\t\t\t\t\tdata-frame_999=\"o:0;tp:600;st:w;sR:5800;\"\n\t\t\t\t\t\t\t\tstyle=\"z-index:6;font-family:'';\"\n\t\t\t\t\t\t\t>For the all latest product \n\t\t\t\t\t\t\t<\/rs-layer><!--\n\n\t\t\t\t\t\t\t--><rs-layer\n\t\t\t\t\t\t\t\tid=\"slider-3-slide-6-layer-20\" \n\t\t\t\t\t\t\t\tdata-type=\"text\"\n\t\t\t\t\t\t\t\tdata-xy=\"xo:48px,48px,38px,30px;yo:336px,336px,313px,242px;\"\n\t\t\t\t\t\t\t\tdata-text=\"a:inherit;\"\n\t\t\t\t\t\t\t\tdata-rsp_bd=\"off\"\n\t\t\t\t\t\t\t\tdata-frame_0=\"y:-50px;tp:600;\"\n\t\t\t\t\t\t\t\tdata-frame_1=\"tp:600;e:power2.inOut;st:2760;sp:1000;sR:2760;\"\n\t\t\t\t\t\t\t\tdata-frame_999=\"o:0;tp:600;st:w;sR:5240;\"\n\t\t\t\t\t\t\t\tstyle=\"z-index:7;font-family:'';\"\n\t\t\t\t\t\t\t><a class=\"button-effect\">Shop Now<\/a> \n\t\t\t\t\t\t\t<\/rs-layer><!--\n-->\t\t\t\t\t\t<\/rs-slide>\n\t\t\t\t\t<\/rs-slides>\n\t\t\t\t<\/rs-module>\n\t\t\t\t<script>\n\t\t\t\t\tsetREVStartSize({c: 'rev_slider_3_1',rl:[1240,1240,778,480],el:[],gw:[765,765,768,480],gh:[535,535,500,400],type:'standard',justify:'',layout:'fullwidth',mh:\"0\"});if (window.RS_MODULES!==undefined && window.RS_MODULES.modules!==undefined && window.RS_MODULES.modules[\"revslider31\"]!==undefined) {window.RS_MODULES.modules[\"revslider31\"].once = false;window.revapi3 = undefined;if (window.RS_MODULES.checkMinimal!==undefined) window.RS_MODULES.checkMinimal()}\n\t\t\t\t<\/script>\n\t\t\t<\/rs-module-wrap>\n\t\t\t<!-- END REVOLUTION SLIDER -->\n[\/vc_column][vc_column css_animation=&#8221;slideInRight&#8221; width=&#8221;1\/4&#8243;][vc_tta_tabs shape=&#8221;square&#8221; spacing=&#8221;&#8221; active_section=&#8221;2&#8243;][vc_tta_section title=&#8221;Daily Featured&#8221; tab_id=&#8221;w-tab1&#8243; el_class=&#8221;mb15&#8243;][pikoworks_widget_products title=&#8221;&#8221;][\/vc_tta_section][vc_tta_section title=&#8221;Best Selling&#8221; tab_id=&#8221;wt2&#8243;][pikoworks_widget_products title=&#8221;&#8221; show=&#8221;top_rated&#8221;][\/vc_tta_section][\/vc_tta_tabs][\/vc_column][\/vc_row][vc_row el_class=&#8221;vc-gap-10 mb95 mb40-md mb20-sm mt85 mt40-md mt0-sm&#8221;][vc_column][vc_row_inner][vc_column_inner width=&#8221;1\/4&#8243;][vc_custom_heading type=&#8221;custom_banner&#8221; title_position=&#8221;center-bottom&#8221; hover_effect=&#8221;h_e1&#8243; hover_shine=&#8221;h_e2&#8243; below_title=&#8221;yes&#8221; below_title_text=&#8221;40% Off&#8221; bellow_title_font_size=&#8221;fs60&#8243; banner_btn=&#8221;button&#8221; text=&#8221;&#8221; font_container=&#8221;tag:div|text_align:center&#8221; use_theme_fonts=&#8221;yes&#8221; image=&#8221;4106&#8243; link=&#8221;url:%23|title:Get%20Accessories||&#8221;][\/vc_column_inner][vc_column_inner width=&#8221;1\/2&#8243;][vc_custom_heading type=&#8221;custom_banner&#8221; title_position=&#8221;left-center&#8221; hover_effect=&#8221;h_e1&#8243; hover_shine=&#8221;h_e2&#8243; title_font_size=&#8221;fs36&#8243; banner_btn=&#8221;button&#8221; text=&#8221;Tranding Men<br \/>\nDress Collection&#8221; font_container=&#8221;tag:div|text_align:left&#8221; use_theme_fonts=&#8221;yes&#8221; image=&#8221;3700&#8243; link=&#8221;url:%23|title:Shop%20Now||&#8221;][\/vc_column_inner][vc_column_inner width=&#8221;1\/4&#8243;][vc_custom_heading type=&#8221;custom_banner&#8221; title_position=&#8221;center-bottom&#8221; hover_effect=&#8221;h_e1&#8243; hover_shine=&#8221;h_e2&#8243; title_font_size=&#8221;fs36&#8243; banner_btn=&#8221;button&#8221; text=&#8221;&#8221; font_container=&#8221;tag:div|text_align:center&#8221; use_theme_fonts=&#8221;yes&#8221; image=&#8221;3691&#8243; link=&#8221;url:%23|title:Get%20Accessories||&#8221;][\/vc_column_inner][\/vc_row_inner][vc_row_inner][vc_column_inner width=&#8221;1\/2&#8243;][vc_custom_heading type=&#8221;custom_banner&#8221; title_position=&#8221;right-center&#8221; hover_effect=&#8221;h_e1&#8243; hover_shine=&#8221;h_e2&#8243; title_font_size=&#8221;fs36&#8243; banner_btn=&#8221;button&#8221; text=&#8221;Tranding Woman<br \/>\nDress Collection&#8221; font_container=&#8221;tag:div|text_align:left&#8221; use_theme_fonts=&#8221;yes&#8221; image=&#8221;3703&#8243; link=&#8221;url:%23|title:Shop%20Now||&#8221;][\/vc_column_inner][vc_column_inner width=&#8221;1\/4&#8243;][vc_custom_heading type=&#8221;custom_banner&#8221; title_position=&#8221;center-bottom&#8221; hover_effect=&#8221;h_e1&#8243; hover_shine=&#8221;h_e2&#8243; title_font_size=&#8221;fs60&#8243; banner_btn=&#8221;button&#8221; text=&#8221;&#8221; font_container=&#8221;tag:div|text_align:center&#8221; use_theme_fonts=&#8221;yes&#8221; image=&#8221;4102&#8243; link=&#8221;url:%23|title:Get%20Sunglass||&#8221;][\/vc_column_inner][vc_column_inner width=&#8221;1\/4&#8243;][vc_custom_heading type=&#8221;custom_banner&#8221; title_position=&#8221;center-bottom&#8221; hover_effect=&#8221;h_e1&#8243; hover_shine=&#8221;h_e2&#8243; title_font_size=&#8221;fs36&#8243; banner_btn=&#8221;button&#8221; text=&#8221;&#8221; font_container=&#8221;tag:div|text_align:center&#8221; use_theme_fonts=&#8221;yes&#8221; image=&#8221;4104&#8243; link=&#8221;url:%23|title:Bag%20Packer%20||&#8221;][\/vc_column_inner][\/vc_row_inner][\/vc_column][\/vc_row][vc_row el_class=&#8221;mb70 mb30-md&#8221;][vc_column][vc_custom_heading title_font_size=&#8221;fs36&#8243; text=&#8221;Popular Products&#8221; font_container=&#8221;tag:h2|text_align:center&#8221; use_theme_fonts=&#8221;yes&#8221; sub_title_font=&#8221;&#8221; sub_title=&#8221;Checkout all of our most popular products&#8221; el_class=&#8221;mb55 mb30-md&#8221;][tabs_product tabs_panels_align=&#8221;start&#8221; product_img=&#8221;rollover&#8221; no_gutters=&#8221;&#8221; per_page=&#8221;10&#8243; items_very_large_device=&#8221;5&#8243; ajax=&#8221;&#8221;][tab_section header=&#8221;Best Sellers&#8221;][tab_section header=&#8221;Featured&#8221; section_type=&#8221;category&#8221; section_cate=&#8221;accessories,clothing,heels,hut,tops&#8221;][tab_section header=&#8221;Featured&#8221; section_type=&#8221;category&#8221; section_cate=&#8221;accessories,coat,hoodies,sneaker,sunglasses&#8221;][\/tabs_product][\/vc_column][\/vc_row][vc_row full_width=&#8221;stretch_row_content&#8221; css=&#8221;.vc_custom_1551255399850{background-image: url(http:\/\/demo.themepiko.com\/woomega\/default\/wp-content\/uploads\/2018\/12\/about-section-bg.jpg?id=3362) !important;background-position: center !important;background-repeat: no-repeat !important;background-size: cover !important;}&#8221; el_class=&#8221;pt100 pb95 pt20-md pb20-md&#8221;][vc_column][vc_custom_heading title_font_size=&#8221;fs48&#8243; text=&#8221;Find Everything You Want&#8221; font_container=&#8221;tag:h3|text_align:center&#8221; use_theme_fonts=&#8221;yes&#8221; sub_title_font=&#8221;&#8221; el_class=&#8221;mb15&#8243;][vc_custom_heading title_font_size=&#8221;f_s18&#8243; text=&#8221;Welcome to the new range of shaving products from master barber. We have over<br \/>\nthree decades of experience in the male grooming industry&#8221; font_container=&#8221;tag:p|text_align:center&#8221; use_theme_fonts=&#8221;yes&#8221; sub_title_font=&#8221;&#8221; el_class=&#8221;mb45&#8243;][vc_btn title=&#8221;Discover Now&#8221; shape=&#8221;square&#8221; color=&#8221;white&#8221; align=&#8221;center&#8221; el_class=&#8221;pb30&#8243;][\/vc_column][\/vc_row][vc_row el_class=&#8221;mt70 mt30-md mb60 mb10-md mb30-sm&#8221;][vc_column][vc_custom_heading title_font_size=&#8221;fs36&#8243; text=&#8221;Best Seller&#8221; font_container=&#8221;tag:h2|text_align:center&#8221; use_theme_fonts=&#8221;yes&#8221; sub_title_font=&#8221;&#8221; sub_title=&#8221;Customer always buy these product for them&#8221; el_class=&#8221;mb60 mb30-md&#8221;][tabs_product tabs_panels=&#8221;&#8221; no_gutters=&#8221;&#8221; per_page=&#8221;8&#8243; is_slider=&#8221;yes&#8221; use_responsive=&#8221;1&#8243; items_very_large_device=&#8221;5&#8243; ajax=&#8221;&#8221;][tab_section header=&#8221;Best Sellers&#8221;][\/tabs_product][\/vc_column][\/vc_row][vc_row][vc_column][brand_logo images=&#8221;4367,4368,4369,4370,4371,4372,4392,4390&#8243; is_slider=&#8221;yes&#8221; navigation=&#8221;false&#8221; slides_scroll=&#8221;2&#8243; use_responsive=&#8221;1&#8243; items_very_large_device=&#8221;6&#8243;][\/vc_column][\/vc_row]<\/p>\n","protected":false},"excerpt":{"rendered":"<p>[vc_row full_width=&#8221;stretch_row&#8221; css=&#8221;.vc_custom_1551255245234{background-image: url(http:\/\/demo.themepiko.com\/woomega\/default\/wp-content\/uploads\/2019\/01\/03_Home-slide-bgjpg.jpg?id=3716) !important;background-position: center !important;background-repeat: no-repeat !important;background-size: cover !important;}&#8221; el_class=&#8221;push-col-md alignwide pt65 pt30-md pb75 pt35-md vc-gap-0 remove-header-padding&#8221;][vc_column css_animation=&#8221;slideInLeft&#8221; width=&#8221;1\/4&#8243;][vc_tta_tabs shape=&#8221;square&#8221; spacing=&#8221;&#8221; active_section=&#8221;1&#8243;][vc_tta_section title=&#8221;Men&#8221; tab_id=&#8221;s-menu-men&#8221;][vc_wp_custommenu nav_menu=&#8221;76&#8243;][\/vc_tta_section][vc_tta_section title=&#8221;Women&#8221; tab_id=&#8221;s-menu-women&#8221;][vc_wp_custommenu nav_menu=&#8221;76&#8243;][\/vc_tta_section][\/vc_tta_tabs][\/vc_column][vc_column width=&#8221;1\/2&#8243;][\/vc_column][vc_column css_animation=&#8221;slideInRight&#8221; width=&#8221;1\/4&#8243;][vc_tta_tabs shape=&#8221;square&#8221; spacing=&#8221;&#8221; active_section=&#8221;2&#8243;][vc_tta_section title=&#8221;Daily Featured&#8221; tab_id=&#8221;w-tab1&#8243; el_class=&#8221;mb15&#8243;][pikoworks_widget_products title=&#8221;&#8221;][\/vc_tta_section][vc_tta_section title=&#8221;Best Selling&#8221; tab_id=&#8221;wt2&#8243;][pikoworks_widget_products title=&#8221;&#8221; show=&#8221;top_rated&#8221;][\/vc_tta_section][\/vc_tta_tabs][\/vc_column][\/vc_row][vc_row el_class=&#8221;vc-gap-10 mb95 mb40-md mb20-sm mt85 mt40-md mt0-sm&#8221;][vc_column][vc_row_inner][vc_column_inner width=&#8221;1\/4&#8243;][vc_custom_heading type=&#8221;custom_banner&#8221; [&hellip;]<\/p>\n","protected":false},"author":2,"featured_media":0,"parent":0,"menu_order":0,"comment_status":"closed","ping_status":"closed","template":"","meta":{"footnotes":""},"categories":[],"tags":[],"class_list":["post-3655","page","type-page","status-publish","hentry"],"yoast_head":"<!-- This site is optimized with the Yoast SEO plugin v27.5 - https:\/\/yoast.com\/product\/yoast-seo-wordpress\/ -->\n<title>Home3 &#8211; GR1993 Records<\/title>\n<meta name=\"robots\" content=\"index, follow, max-snippet:-1, max-image-preview:large, max-video-preview:-1\" \/>\n<link rel=\"canonical\" href=\"https:\/\/gr1993records.com\/home3\/\" \/>\n<meta property=\"og:locale\" content=\"hu_HU\" \/>\n<meta property=\"og:type\" content=\"article\" \/>\n<meta property=\"og:title\" content=\"Home3 &#8211; GR1993 Records\" \/>\n<meta property=\"og:description\" content=\"[vc_row full_width=&#8221;stretch_row&#8221; css=&#8221;.vc_custom_1551255245234{background-image: url(http:\/\/demo.themepiko.com\/woomega\/default\/wp-content\/uploads\/2019\/01\/03_Home-slide-bgjpg.jpg?id=3716) !important;background-position: center !important;background-repeat: no-repeat !important;background-size: cover !important;}&#8221; el_class=&#8221;push-col-md alignwide pt65 pt30-md pb75 pt35-md vc-gap-0 remove-header-padding&#8221;][vc_column css_animation=&#8221;slideInLeft&#8221; width=&#8221;1\/4&#8243;][vc_tta_tabs shape=&#8221;square&#8221; spacing=&#8221;&#8221; active_section=&#8221;1&#8243;][vc_tta_section title=&#8221;Men&#8221; tab_id=&#8221;s-menu-men&#8221;][vc_wp_custommenu nav_menu=&#8221;76&#8243;][\/vc_tta_section][vc_tta_section title=&#8221;Women&#8221; tab_id=&#8221;s-menu-women&#8221;][vc_wp_custommenu nav_menu=&#8221;76&#8243;][\/vc_tta_section][\/vc_tta_tabs][\/vc_column][vc_column width=&#8221;1\/2&#8243;][\/vc_column][vc_column css_animation=&#8221;slideInRight&#8221; width=&#8221;1\/4&#8243;][vc_tta_tabs shape=&#8221;square&#8221; spacing=&#8221;&#8221; active_section=&#8221;2&#8243;][vc_tta_section title=&#8221;Daily Featured&#8221; tab_id=&#8221;w-tab1&#8243; el_class=&#8221;mb15&#8243;][pikoworks_widget_products title=&#8221;&#8221;][\/vc_tta_section][vc_tta_section title=&#8221;Best Selling&#8221; tab_id=&#8221;wt2&#8243;][pikoworks_widget_products title=&#8221;&#8221; show=&#8221;top_rated&#8221;][\/vc_tta_section][\/vc_tta_tabs][\/vc_column][\/vc_row][vc_row el_class=&#8221;vc-gap-10 mb95 mb40-md mb20-sm mt85 mt40-md mt0-sm&#8221;][vc_column][vc_row_inner][vc_column_inner width=&#8221;1\/4&#8243;][vc_custom_heading type=&#8221;custom_banner&#8221; [&hellip;]\" \/>\n<meta property=\"og:url\" content=\"https:\/\/gr1993records.com\/home3\/\" \/>\n<meta property=\"og:site_name\" content=\"GR1993 Records\" \/>\n<meta property=\"article:publisher\" content=\"https:\/\/www.facebook.com\/GR1993Records-113564886691383\/\" \/>\n<meta property=\"article:modified_time\" content=\"2019-08-10T14:37:53+00:00\" \/>\n<meta name=\"twitter:card\" content=\"summary_large_image\" \/>\n<meta name=\"twitter:label1\" content=\"Becs\u00fclt olvas\u00e1si id\u0151\" \/>\n\t<meta name=\"twitter:data1\" content=\"4 perc\" \/>\n<script type=\"application\/ld+json\" class=\"yoast-schema-graph\">{\"@context\":\"https:\\\/\\\/schema.org\",\"@graph\":[{\"@type\":\"WebPage\",\"@id\":\"https:\\\/\\\/gr1993records.com\\\/home3\\\/\",\"url\":\"https:\\\/\\\/gr1993records.com\\\/home3\\\/\",\"name\":\"Home3 &#8211; GR1993 Records\",\"isPartOf\":{\"@id\":\"https:\\\/\\\/gr1993records.com\\\/#website\"},\"datePublished\":\"2019-01-04T05:28:51+00:00\",\"dateModified\":\"2019-08-10T14:37:53+00:00\",\"breadcrumb\":{\"@id\":\"https:\\\/\\\/gr1993records.com\\\/home3\\\/#breadcrumb\"},\"inLanguage\":\"hu\",\"potentialAction\":[{\"@type\":\"ReadAction\",\"target\":[\"https:\\\/\\\/gr1993records.com\\\/home3\\\/\"]}]},{\"@type\":\"BreadcrumbList\",\"@id\":\"https:\\\/\\\/gr1993records.com\\\/home3\\\/#breadcrumb\",\"itemListElement\":[{\"@type\":\"ListItem\",\"position\":1,\"name\":\"Home\",\"item\":\"https:\\\/\\\/gr1993records.com\\\/?lang=en\"},{\"@type\":\"ListItem\",\"position\":2,\"name\":\"Home3\"}]},{\"@type\":\"WebSite\",\"@id\":\"https:\\\/\\\/gr1993records.com\\\/#website\",\"url\":\"https:\\\/\\\/gr1993records.com\\\/\",\"name\":\"GR1993 Records\",\"description\":\"\",\"publisher\":{\"@id\":\"https:\\\/\\\/gr1993records.com\\\/#organization\"},\"potentialAction\":[{\"@type\":\"SearchAction\",\"target\":{\"@type\":\"EntryPoint\",\"urlTemplate\":\"https:\\\/\\\/gr1993records.com\\\/?s={search_term_string}\"},\"query-input\":{\"@type\":\"PropertyValueSpecification\",\"valueRequired\":true,\"valueName\":\"search_term_string\"}}],\"inLanguage\":\"hu\"},{\"@type\":\"Organization\",\"@id\":\"https:\\\/\\\/gr1993records.com\\\/#organization\",\"name\":\"Gramy-H Ltd.\",\"url\":\"https:\\\/\\\/gr1993records.com\\\/\",\"logo\":{\"@type\":\"ImageObject\",\"inLanguage\":\"hu\",\"@id\":\"https:\\\/\\\/gr1993records.com\\\/#\\\/schema\\\/logo\\\/image\\\/\",\"url\":\"https:\\\/\\\/gr1993records.com\\\/wp-content\\\/uploads\\\/2019\\\/08\\\/GR1993_Records_logo_CC.png\",\"contentUrl\":\"https:\\\/\\\/gr1993records.com\\\/wp-content\\\/uploads\\\/2019\\\/08\\\/GR1993_Records_logo_CC.png\",\"width\":2900,\"height\":2001,\"caption\":\"Gramy-H Ltd.\"},\"image\":{\"@id\":\"https:\\\/\\\/gr1993records.com\\\/#\\\/schema\\\/logo\\\/image\\\/\"},\"sameAs\":[\"https:\\\/\\\/www.facebook.com\\\/GR1993Records-113564886691383\\\/\"]}]}<\/script>\n<!-- \/ Yoast SEO plugin. -->","yoast_head_json":{"title":"Home3 &#8211; GR1993 Records","robots":{"index":"index","follow":"follow","max-snippet":"max-snippet:-1","max-image-preview":"max-image-preview:large","max-video-preview":"max-video-preview:-1"},"canonical":"https:\/\/gr1993records.com\/home3\/","og_locale":"hu_HU","og_type":"article","og_title":"Home3 &#8211; GR1993 Records","og_description":"[vc_row full_width=&#8221;stretch_row&#8221; css=&#8221;.vc_custom_1551255245234{background-image: url(http:\/\/demo.themepiko.com\/woomega\/default\/wp-content\/uploads\/2019\/01\/03_Home-slide-bgjpg.jpg?id=3716) !important;background-position: center !important;background-repeat: no-repeat !important;background-size: cover !important;}&#8221; el_class=&#8221;push-col-md alignwide pt65 pt30-md pb75 pt35-md vc-gap-0 remove-header-padding&#8221;][vc_column css_animation=&#8221;slideInLeft&#8221; width=&#8221;1\/4&#8243;][vc_tta_tabs shape=&#8221;square&#8221; spacing=&#8221;&#8221; active_section=&#8221;1&#8243;][vc_tta_section title=&#8221;Men&#8221; tab_id=&#8221;s-menu-men&#8221;][vc_wp_custommenu nav_menu=&#8221;76&#8243;][\/vc_tta_section][vc_tta_section title=&#8221;Women&#8221; tab_id=&#8221;s-menu-women&#8221;][vc_wp_custommenu nav_menu=&#8221;76&#8243;][\/vc_tta_section][\/vc_tta_tabs][\/vc_column][vc_column width=&#8221;1\/2&#8243;][\/vc_column][vc_column css_animation=&#8221;slideInRight&#8221; width=&#8221;1\/4&#8243;][vc_tta_tabs shape=&#8221;square&#8221; spacing=&#8221;&#8221; active_section=&#8221;2&#8243;][vc_tta_section title=&#8221;Daily Featured&#8221; tab_id=&#8221;w-tab1&#8243; el_class=&#8221;mb15&#8243;][pikoworks_widget_products title=&#8221;&#8221;][\/vc_tta_section][vc_tta_section title=&#8221;Best Selling&#8221; tab_id=&#8221;wt2&#8243;][pikoworks_widget_products title=&#8221;&#8221; show=&#8221;top_rated&#8221;][\/vc_tta_section][\/vc_tta_tabs][\/vc_column][\/vc_row][vc_row el_class=&#8221;vc-gap-10 mb95 mb40-md mb20-sm mt85 mt40-md mt0-sm&#8221;][vc_column][vc_row_inner][vc_column_inner width=&#8221;1\/4&#8243;][vc_custom_heading type=&#8221;custom_banner&#8221; [&hellip;]","og_url":"https:\/\/gr1993records.com\/home3\/","og_site_name":"GR1993 Records","article_publisher":"https:\/\/www.facebook.com\/GR1993Records-113564886691383\/","article_modified_time":"2019-08-10T14:37:53+00:00","twitter_card":"summary_large_image","twitter_misc":{"Becs\u00fclt olvas\u00e1si id\u0151":"4 perc"},"schema":{"@context":"https:\/\/schema.org","@graph":[{"@type":"WebPage","@id":"https:\/\/gr1993records.com\/home3\/","url":"https:\/\/gr1993records.com\/home3\/","name":"Home3 &#8211; GR1993 Records","isPartOf":{"@id":"https:\/\/gr1993records.com\/#website"},"datePublished":"2019-01-04T05:28:51+00:00","dateModified":"2019-08-10T14:37:53+00:00","breadcrumb":{"@id":"https:\/\/gr1993records.com\/home3\/#breadcrumb"},"inLanguage":"hu","potentialAction":[{"@type":"ReadAction","target":["https:\/\/gr1993records.com\/home3\/"]}]},{"@type":"BreadcrumbList","@id":"https:\/\/gr1993records.com\/home3\/#breadcrumb","itemListElement":[{"@type":"ListItem","position":1,"name":"Home","item":"https:\/\/gr1993records.com\/?lang=en"},{"@type":"ListItem","position":2,"name":"Home3"}]},{"@type":"WebSite","@id":"https:\/\/gr1993records.com\/#website","url":"https:\/\/gr1993records.com\/","name":"GR1993 Records","description":"","publisher":{"@id":"https:\/\/gr1993records.com\/#organization"},"potentialAction":[{"@type":"SearchAction","target":{"@type":"EntryPoint","urlTemplate":"https:\/\/gr1993records.com\/?s={search_term_string}"},"query-input":{"@type":"PropertyValueSpecification","valueRequired":true,"valueName":"search_term_string"}}],"inLanguage":"hu"},{"@type":"Organization","@id":"https:\/\/gr1993records.com\/#organization","name":"Gramy-H Ltd.","url":"https:\/\/gr1993records.com\/","logo":{"@type":"ImageObject","inLanguage":"hu","@id":"https:\/\/gr1993records.com\/#\/schema\/logo\/image\/","url":"https:\/\/gr1993records.com\/wp-content\/uploads\/2019\/08\/GR1993_Records_logo_CC.png","contentUrl":"https:\/\/gr1993records.com\/wp-content\/uploads\/2019\/08\/GR1993_Records_logo_CC.png","width":2900,"height":2001,"caption":"Gramy-H Ltd."},"image":{"@id":"https:\/\/gr1993records.com\/#\/schema\/logo\/image\/"},"sameAs":["https:\/\/www.facebook.com\/GR1993Records-113564886691383\/"]}]}},"jetpack_sharing_enabled":true,"_links":{"self":[{"href":"https:\/\/gr1993records.com\/wp-json\/wp\/v2\/pages\/3655","targetHints":{"allow":["GET"]}}],"collection":[{"href":"https:\/\/gr1993records.com\/wp-json\/wp\/v2\/pages"}],"about":[{"href":"https:\/\/gr1993records.com\/wp-json\/wp\/v2\/types\/page"}],"author":[{"embeddable":true,"href":"https:\/\/gr1993records.com\/wp-json\/wp\/v2\/users\/2"}],"replies":[{"embeddable":true,"href":"https:\/\/gr1993records.com\/wp-json\/wp\/v2\/comments?post=3655"}],"version-history":[{"count":1,"href":"https:\/\/gr1993records.com\/wp-json\/wp\/v2\/pages\/3655\/revisions"}],"predecessor-version":[{"id":4588,"href":"https:\/\/gr1993records.com\/wp-json\/wp\/v2\/pages\/3655\/revisions\/4588"}],"wp:attachment":[{"href":"https:\/\/gr1993records.com\/wp-json\/wp\/v2\/media?parent=3655"}],"wp:term":[{"taxonomy":"category","embeddable":true,"href":"https:\/\/gr1993records.com\/wp-json\/wp\/v2\/categories?post=3655"},{"taxonomy":"post_tag","embeddable":true,"href":"https:\/\/gr1993records.com\/wp-json\/wp\/v2\/tags?post=3655"}],"curies":[{"name":"wp","href":"https:\/\/api.w.org\/{rel}","templated":true}]}}