{"id":3617,"date":"2019-01-01T09:53:54","date_gmt":"2019-01-01T09:53:54","guid":{"rendered":"http:\/\/localhost\/woomega\/?page_id=3617"},"modified":"2019-08-10T14:37:52","modified_gmt":"2019-08-10T14:37:52","slug":"home2","status":"publish","type":"page","link":"https:\/\/gr1993records.com\/index.php\/home2\/","title":{"rendered":"Home2"},"content":{"rendered":"<p>\t\t\t\t[vc_row full_width=&#8221;stretch_row_content_no_spaces&#8221;][vc_column]\n\t\t\t<!-- START home2 REVOLUTION SLIDER 6.6.14 --><p class=\"rs-p-wp-fix\"><\/p>\n\t\t\t<rs-module-wrap id=\"rev_slider_2_1_wrapper\" data-source=\"gallery\" style=\"visibility:hidden;background:transparent;padding:0;margin:0px auto;margin-top:0;margin-bottom:0;\">\n\t\t\t\t<rs-module id=\"rev_slider_2_1\" style=\"\" data-version=\"6.6.14\">\n\t\t\t\t\t<rs-slides style=\"overflow: hidden; position: absolute;\">\n\t\t\t\t\t\t<rs-slide style=\"position: absolute;\" data-key=\"rs-3\" data-title=\"Slide\" data-thumb=\"\/\/gr1993records.magex.hu\/wp-content\/uploads\/revslider\/02_Home-bg.jpg\" data-anim=\"ms:820;\" data-in=\"o:0;\">\n\t\t\t\t\t\t\t<img decoding=\"async\" src=\"\/\/gr1993records.com\/wp-content\/plugins\/revslider\/public\/assets\/assets\/dummy.png\" alt=\"\" title=\"Home2\" class=\"rev-slidebg tp-rs-img rs-lazyload\" data-lazyload=\"\/\/gr1993records.magex.hu\/wp-content\/uploads\/revslider\/02_Home-bg.jpg\" data-parallax=\"off\" data-no-retina>\n<!--\n\t\t\t\t\t\t\t--><rs-layer\n\t\t\t\t\t\t\t\tid=\"slider-2-slide-3-layer-31\" \n\t\t\t\t\t\t\t\tdata-type=\"image\"\n\t\t\t\t\t\t\t\tdata-rsp_ch=\"on\"\n\t\t\t\t\t\t\t\tdata-xy=\"xo:846px,597px,433px,278px;yo:27px,12px,5px,7px;\"\n\t\t\t\t\t\t\t\tdata-text=\"l:22;a:inherit;\"\n\t\t\t\t\t\t\t\tdata-dim=\"w:501px,420px,325px,277px;h:757px,634px,491px,418px;\"\n\t\t\t\t\t\t\t\tdata-frame_0=\"x:50px;tp:600;\"\n\t\t\t\t\t\t\t\tdata-frame_1=\"tp:600;sp:1500;sR:10;\"\n\t\t\t\t\t\t\t\tdata-frame_999=\"o:0;tp:600;st:w;sR:7490;\"\n\t\t\t\t\t\t\t\tstyle=\"z-index:5;\"\n\t\t\t\t\t\t\t><img decoding=\"async\" src=\"\/\/gr1993records.com\/wp-content\/plugins\/revslider\/public\/assets\/assets\/dummy.png\" alt=\"\" class=\"tp-rs-img rs-lazyload\" width=\"501\" height=\"757\" data-lazyload=\"\/\/gr1993records.magex.hu\/wp-content\/uploads\/revslider\/02_Home-01.png\" data-no-retina> \n\t\t\t\t\t\t\t<\/rs-layer><!--\n\n\t\t\t\t\t\t\t--><rs-layer\n\t\t\t\t\t\t\t\tid=\"slider-2-slide-3-layer-27\" \n\t\t\t\t\t\t\t\tdata-type=\"text\"\n\t\t\t\t\t\t\t\tdata-color=\"#22222b\"\n\t\t\t\t\t\t\t\tdata-rsp_ch=\"on\"\n\t\t\t\t\t\t\t\tdata-xy=\"xo:105px,37px,36px,17px;yo:220px,199px,118px,102px;\"\n\t\t\t\t\t\t\t\tdata-text=\"w:normal;s:72,60,50,36;l:95,80,70,45;a:inherit;\"\n\t\t\t\t\t\t\t\tdata-dim=\"w:629px,552px,464px,332px;h:194px,auto,auto,auto;\"\n\t\t\t\t\t\t\t\tdata-frame_0=\"o:1;tp:600;\"\n\t\t\t\t\t\t\t\tdata-frame_0_chars=\"d:5;x:50px;o:0;\"\n\t\t\t\t\t\t\t\tdata-frame_1=\"tp:600;e:power3.out;st:1100;sp:1050;sR:1100;\"\n\t\t\t\t\t\t\t\tdata-frame_1_chars=\"d:5;\"\n\t\t\t\t\t\t\t\tdata-frame_999=\"o:0;tp:600;st:w;sR:5800;\"\n\t\t\t\t\t\t\t\tstyle=\"z-index:6;font-family:'';\"\n\t\t\t\t\t\t\t>Discover & Shop<br>\nThe Trend \n\t\t\t\t\t\t\t<\/rs-layer><!--\n\n\t\t\t\t\t\t\t--><rs-layer\n\t\t\t\t\t\t\t\tid=\"slider-2-slide-3-layer-30\" \n\t\t\t\t\t\t\t\tdata-type=\"text\"\n\t\t\t\t\t\t\t\tdata-color=\"#22222b\"\n\t\t\t\t\t\t\t\tdata-rsp_ch=\"on\"\n\t\t\t\t\t\t\t\tdata-xy=\"xo:105px,36px,35px,15px;yo:414px,366px,263px,204px;\"\n\t\t\t\t\t\t\t\tdata-text=\"s:24;l:24;a:inherit;\"\n\t\t\t\t\t\t\t\tdata-frame_0=\"y:-50px;tp:600;\"\n\t\t\t\t\t\t\t\tdata-frame_1=\"tp:600;e:power2.out;st:2200;sp:1000;sR:2200;\"\n\t\t\t\t\t\t\t\tdata-frame_999=\"o:0;tp:600;st:w;sR:5800;\"\n\t\t\t\t\t\t\t\tstyle=\"z-index:7;font-family:'';\"\n\t\t\t\t\t\t\t>Extra 45% Off for every Sale \n\t\t\t\t\t\t\t<\/rs-layer><!--\n\n\t\t\t\t\t\t\t--><rs-layer\n\t\t\t\t\t\t\t\tid=\"slider-2-slide-3-layer-20\" \n\t\t\t\t\t\t\t\tdata-type=\"text\"\n\t\t\t\t\t\t\t\tdata-xy=\"xo:107px,40px,39px,17px;yo:496px,433px,329px,260px;\"\n\t\t\t\t\t\t\t\tdata-text=\"a:inherit;\"\n\t\t\t\t\t\t\t\tdata-rsp_bd=\"off\"\n\t\t\t\t\t\t\t\tdata-frame_0=\"y:-50px;tp:600;\"\n\t\t\t\t\t\t\t\tdata-frame_1=\"tp:600;e:power2.inOut;st:2760;sp:1000;sR:2760;\"\n\t\t\t\t\t\t\t\tdata-frame_999=\"o:0;tp:600;st:w;sR:5240;\"\n\t\t\t\t\t\t\t\tstyle=\"z-index:8;font-family:'';\"\n\t\t\t\t\t\t\t><a class=\"button-effect\">Shop Now<\/a> \n\t\t\t\t\t\t\t<\/rs-layer><!--\n-->\t\t\t\t\t\t<\/rs-slide>\n\t\t\t\t\t\t<rs-slide style=\"position: absolute;\" data-key=\"rs-4\" data-title=\"Slide\" data-thumb=\"\/\/gr1993records.magex.hu\/wp-content\/uploads\/revslider\/02_Home-bg.jpg\" data-anim=\"ms:1100;\" data-in=\"o:0;\">\n\t\t\t\t\t\t\t<img decoding=\"async\" src=\"\/\/gr1993records.com\/wp-content\/plugins\/revslider\/public\/assets\/assets\/dummy.png\" alt=\"\" title=\"Home2\" class=\"rev-slidebg tp-rs-img rs-lazyload\" data-lazyload=\"\/\/gr1993records.magex.hu\/wp-content\/uploads\/revslider\/02_Home-bg.jpg\" data-parallax=\"off\" data-no-retina>\n<!--\n\t\t\t\t\t\t\t--><rs-layer\n\t\t\t\t\t\t\t\tid=\"slider-2-slide-4-layer-30\" \n\t\t\t\t\t\t\t\tdata-type=\"image\"\n\t\t\t\t\t\t\t\tdata-rsp_ch=\"on\"\n\t\t\t\t\t\t\t\tdata-xy=\"xo:867px,642px,470px,256px;yo:34px,17px,4px,20px;\"\n\t\t\t\t\t\t\t\tdata-text=\"l:22;a:inherit;\"\n\t\t\t\t\t\t\t\tdata-dim=\"w:459px,356px,279px,218px;h:818px,635px,496px,386px;\"\n\t\t\t\t\t\t\t\tdata-frame_0=\"x:50px;tp:600;\"\n\t\t\t\t\t\t\t\tdata-frame_1=\"tp:600;sp:1350;sR:10;\"\n\t\t\t\t\t\t\t\tdata-frame_999=\"o:0;tp:600;st:w;sR:7640;\"\n\t\t\t\t\t\t\t\tstyle=\"z-index:5;-webkit-filter:drop-shadow(rgba(0, 0, 0, .06) -10px 2px 5px);filter:drop-shadow(rgba(0, 0, 0, .06) -10px 2px 5px);\"\n\t\t\t\t\t\t\t><img decoding=\"async\" src=\"\/\/gr1993records.com\/wp-content\/plugins\/revslider\/public\/assets\/assets\/dummy.png\" alt=\"\" class=\"tp-rs-img rs-lazyload\" width=\"483\" height=\"861\" data-lazyload=\"\/\/gr1993records.magex.hu\/wp-content\/uploads\/revslider\/02_Home-02.png\" data-no-retina> \n\t\t\t\t\t\t\t<\/rs-layer><!--\n\n\t\t\t\t\t\t\t--><rs-layer\n\t\t\t\t\t\t\t\tid=\"slider-2-slide-4-layer-26\" \n\t\t\t\t\t\t\t\tdata-type=\"text\"\n\t\t\t\t\t\t\t\tdata-color=\"#22222b\"\n\t\t\t\t\t\t\t\tdata-rsp_ch=\"on\"\n\t\t\t\t\t\t\t\tdata-xy=\"xo:105px,41px,45px,30px;yo:313px,220px,159px,113px;\"\n\t\t\t\t\t\t\t\tdata-text=\"s:36,36,30,20;l:36,36,30,36;a:inherit;\"\n\t\t\t\t\t\t\t\tdata-frame_0=\"y:-50px;tp:600;\"\n\t\t\t\t\t\t\t\tdata-frame_1=\"tp:600;e:power2.inOut;st:700;sp:1300;sR:700;\"\n\t\t\t\t\t\t\t\tdata-frame_999=\"o:0;tp:600;st:w;sR:7000;\"\n\t\t\t\t\t\t\t\tstyle=\"z-index:6;font-family:'';\"\n\t\t\t\t\t\t\t>Summer Collection \n\t\t\t\t\t\t\t<\/rs-layer><!--\n\n\t\t\t\t\t\t\t--><rs-layer\n\t\t\t\t\t\t\t\tid=\"slider-2-slide-4-layer-27\" \n\t\t\t\t\t\t\t\tdata-type=\"text\"\n\t\t\t\t\t\t\t\tdata-color=\"#22222b\"\n\t\t\t\t\t\t\t\tdata-rsp_ch=\"on\"\n\t\t\t\t\t\t\t\tdata-xy=\"xo:103px,38px,42px,27px;yo:368px,284px,219px,155px;\"\n\t\t\t\t\t\t\t\tdata-text=\"s:72,60,50,36;l:72,60,50,60;a:inherit;\"\n\t\t\t\t\t\t\t\tdata-dim=\"w:662px,551px,463px,331px;h:87px,61px,61px,62px;\"\n\t\t\t\t\t\t\t\tdata-frame_0=\"o:1;tp:600;\"\n\t\t\t\t\t\t\t\tdata-frame_0_chars=\"d:10;x:50px;o:0;\"\n\t\t\t\t\t\t\t\tdata-frame_1=\"tp:600;e:power3.out;st:1700;sp:480;sR:1700;\"\n\t\t\t\t\t\t\t\tdata-frame_1_chars=\"d:10;\"\n\t\t\t\t\t\t\t\tdata-frame_999=\"o:0;tp:600;st:w;sR:5220;\"\n\t\t\t\t\t\t\t\tstyle=\"z-index:7;font-family:'';\"\n\t\t\t\t\t\t\t>50% Off Everything\n \n\t\t\t\t\t\t\t<\/rs-layer><!--\n\n\t\t\t\t\t\t\t--><rs-layer\n\t\t\t\t\t\t\t\tid=\"slider-2-slide-4-layer-20\" \n\t\t\t\t\t\t\t\tdata-type=\"text\"\n\t\t\t\t\t\t\t\tdata-xy=\"xo:104px,41px,45px,30px;yo:491px,402px,316px,242px;\"\n\t\t\t\t\t\t\t\tdata-text=\"a:inherit;\"\n\t\t\t\t\t\t\t\tdata-rsp_bd=\"off\"\n\t\t\t\t\t\t\t\tdata-frame_0=\"y:-50px;tp:600;\"\n\t\t\t\t\t\t\t\tdata-frame_1=\"tp:600;e:power2.inOut;st:2960;sp:1300;sR:2960;\"\n\t\t\t\t\t\t\t\tdata-frame_999=\"o:0;tp:600;st:w;sR:4740;\"\n\t\t\t\t\t\t\t\tstyle=\"z-index:8;font-family:'';\"\n\t\t\t\t\t\t\t><a class=\"button-effect\">Shop Now<\/a> \n\t\t\t\t\t\t\t<\/rs-layer><!--\n-->\t\t\t\t\t\t<\/rs-slide>\n\t\t\t\t\t<\/rs-slides>\n\t\t\t\t<\/rs-module>\n\t\t\t\t<script>\n\t\t\t\t\tsetREVStartSize({c: 'rev_slider_2_1',rl:[1240,1024,778,480],el:[],gw:[1350,1024,768,480],gh:[850,650,500,400],type:'standard',justify:'',layout:'fullwidth',mh:\"0\"});if (window.RS_MODULES!==undefined && window.RS_MODULES.modules!==undefined && window.RS_MODULES.modules[\"revslider21\"]!==undefined) {window.RS_MODULES.modules[\"revslider21\"].once = false;window.revapi2 = undefined;if (window.RS_MODULES.checkMinimal!==undefined) window.RS_MODULES.checkMinimal()}\n\t\t\t\t<\/script>\n\t\t\t<\/rs-module-wrap>\n\t\t\t<!-- END REVOLUTION SLIDER -->\n[\/vc_column][\/vc_row][vc_row full_width=&#8221;stretch_row_content_no_spaces&#8221;][vc_column width=&#8221;1\/2&#8243; css=&#8221;.vc_custom_1547355803862{padding-right: 15px !important;}&#8221;][vc_custom_heading type=&#8221;custom_banner&#8221; title_position=&#8221;right-center&#8221; hover_effect=&#8221;h_e1&#8243; hover_shine=&#8221;h_e2&#8243; title_font_size=&#8221;fs48&#8243; sub_title_font_size=&#8221;fs36&#8243; below_title=&#8221;yes&#8221; bellow_title_font_size=&#8221;fs100&#8243; sub_title_before=&#8221;yes&#8221; banner_btn=&#8221;line_button&#8221; text=&#8221;Get 50% Off Every&#8221; font_container=&#8221;tag:div|text_align:left&#8221; use_theme_fonts=&#8221;yes&#8221; image=&#8221;4375&#8243; sub_title=&#8221;Women Collection&#8221; link=&#8221;url:%23|title:Shop%20Now||&#8221;][\/vc_column][vc_column width=&#8221;1\/2&#8243; css=&#8221;.vc_custom_1547355811550{padding-left: 15px !important;}&#8221;][vc_custom_heading type=&#8221;custom_banner&#8221; title_position=&#8221;left-center&#8221; hover_effect=&#8221;h_e1&#8243; hover_shine=&#8221;h_e2&#8243; title_font_size=&#8221;fs48&#8243; sub_title_font_size=&#8221;fs36&#8243; below_title=&#8221;yes&#8221; bellow_title_font_size=&#8221;fs100&#8243; sub_title_before=&#8221;yes&#8221; banner_btn=&#8221;line_button&#8221; text=&#8221;Get 50% Off Every&#8221; font_container=&#8221;tag:div|text_align:left&#8221; use_theme_fonts=&#8221;yes&#8221; image=&#8221;4376&#8243; sub_title=&#8221;Men Collection&#8221; link=&#8221;url:%23|title:Shop%20Now||&#8221;][\/vc_column][\/vc_row][vc_row el_class=&#8221;mt85 mt30-md&#8221;][vc_column][vc_custom_heading title_font_size=&#8221;fs36&#8243; text=&#8221;Featured Product&#8221; font_container=&#8221;tag:h2|text_align:center&#8221; use_theme_fonts=&#8221;yes&#8221; sub_title_font=&#8221;&#8221; sub_title=&#8221;There are some product that we featured for choose your best&#8221; el_class=&#8221;mb60 mb30-md&#8221;][tabs_product tabs_panels=&#8221;&#8221; no_gutters=&#8221;&#8221; per_page=&#8221;12&#8243; is_slider=&#8221;yes&#8221; use_responsive=&#8221;1&#8243; ajax=&#8221;&#8221;][tab_section header=&#8221;Featured&#8221; section_type=&#8221;featured&#8221;][\/tabs_product][\/vc_column][\/vc_row][vc_row][vc_column][vc_raw_html]JTNDZGl2JTIwY2xhc3MlM0QlMjJhbGlnbmZ1bGwlMjBzZXBhcmF0b3IlMjBtdDQwJTIwbXQyMC1tZCUyMG1iODAlMjBtYjQwLW1kJTIyJTNFJTNDJTJGZGl2JTNF[\/vc_raw_html][\/vc_column][\/vc_row][vc_row el_class=&#8221;mb60 mb30-md&#8221;][vc_column][vc_custom_heading title_font_size=&#8221;fs36&#8243; text=&#8221;Best Seller&#8221; font_container=&#8221;tag:h2|text_align:center&#8221; use_theme_fonts=&#8221;yes&#8221; sub_title_font=&#8221;&#8221; sub_title=&#8221;Customer always buy these product for them&#8221; el_class=&#8221;mb60 mb30-md&#8221;][tabs_product tabs_panels=&#8221;&#8221; no_gutters=&#8221;&#8221; per_page=&#8221;8&#8243; is_slider=&#8221;yes&#8221; use_responsive=&#8221;1&#8243; ajax=&#8221;&#8221;][tab_section header=&#8221;Best Sellers&#8221;][\/tabs_product][\/vc_column][\/vc_row][vc_row full_width=&#8221;stretch_row_content&#8221; css=&#8221;.vc_custom_1551285113027{background-image: url(http:\/\/demo.themepiko.com\/woomega\/default\/wp-content\/uploads\/2018\/12\/about-section-bg.jpg?id=3362) !important;background-position: center !important;background-repeat: no-repeat !important;background-size: cover !important;}&#8221; el_class=&#8221;pt100 pb95 pt20-md pb20-md&#8221;][vc_column][vc_custom_heading title_font_size=&#8221;fs48&#8243; text=&#8221;Find Everything You Want&#8221; font_container=&#8221;tag:h3|text_align:center&#8221; use_theme_fonts=&#8221;yes&#8221; sub_title_font=&#8221;&#8221; el_class=&#8221;mb15&#8243;][vc_custom_heading title_font_size=&#8221;f_s18&#8243; text=&#8221;Welcome to the new range of shaving products from master barber. We have over<br \/>\nthree decades of experience in the male grooming industry&#8221; font_container=&#8221;tag:p|text_align:center&#8221; use_theme_fonts=&#8221;yes&#8221; sub_title_font=&#8221;&#8221; el_class=&#8221;mb45&#8243;][vc_btn title=&#8221;Discover Now&#8221; shape=&#8221;square&#8221; color=&#8221;white&#8221; align=&#8221;center&#8221; el_class=&#8221;pb30&#8243;][\/vc_column][\/vc_row][vc_row el_class=&#8221;mt70 mt30-md mt15-sm dib_md&#8221; css=&#8221;.vc_custom_1550574647675{margin-bottom: -8px !important;}&#8221;][vc_column][vc_custom_heading title_font_size=&#8221;fs36&#8243; text=&#8221;From The Blog&#8221; font_container=&#8221;tag:h2|text_align:center&#8221; use_theme_fonts=&#8221;yes&#8221; sub_title_font=&#8221;&#8221; sub_title=&#8221;Everyday we post some tips about Shopping&#8221; el_class=&#8221;mb60 mb30-md&#8221;][pikoworks_blog_post number=&#8221;3&#8243; excerpt=&#8221;16&#8243; show_read_more_btn=&#8221;yes&#8221; items_very_large_device=&#8221;3&#8243; items_large_device=&#8221;3&#8243; items_mobile_device=&#8221;1&#8243;][\/vc_column][\/vc_row]\t\t<\/p>\n","protected":false},"excerpt":{"rendered":"<p>[vc_row full_width=&#8221;stretch_row_content_no_spaces&#8221;][vc_column][\/vc_column][\/vc_row][vc_row full_width=&#8221;stretch_row_content_no_spaces&#8221;][vc_column width=&#8221;1\/2&#8243; css=&#8221;.vc_custom_1547355803862{padding-right: 15px !important;}&#8221;][vc_custom_heading type=&#8221;custom_banner&#8221; title_position=&#8221;right-center&#8221; hover_effect=&#8221;h_e1&#8243; hover_shine=&#8221;h_e2&#8243; title_font_size=&#8221;fs48&#8243; sub_title_font_size=&#8221;fs36&#8243; below_title=&#8221;yes&#8221; bellow_title_font_size=&#8221;fs100&#8243; sub_title_before=&#8221;yes&#8221; banner_btn=&#8221;line_button&#8221; text=&#8221;Get 50% Off Every&#8221; font_container=&#8221;tag:div|text_align:left&#8221; use_theme_fonts=&#8221;yes&#8221; image=&#8221;4375&#8243; sub_title=&#8221;Women Collection&#8221; link=&#8221;url:%23|title:Shop%20Now||&#8221;][\/vc_column][vc_column width=&#8221;1\/2&#8243; css=&#8221;.vc_custom_1547355811550{padding-left: 15px !important;}&#8221;][vc_custom_heading type=&#8221;custom_banner&#8221; title_position=&#8221;left-center&#8221; hover_effect=&#8221;h_e1&#8243; hover_shine=&#8221;h_e2&#8243; title_font_size=&#8221;fs48&#8243; sub_title_font_size=&#8221;fs36&#8243; below_title=&#8221;yes&#8221; bellow_title_font_size=&#8221;fs100&#8243; sub_title_before=&#8221;yes&#8221; banner_btn=&#8221;line_button&#8221; text=&#8221;Get 50% Off Every&#8221; font_container=&#8221;tag:div|text_align:left&#8221; use_theme_fonts=&#8221;yes&#8221; image=&#8221;4376&#8243; sub_title=&#8221;Men Collection&#8221; link=&#8221;url:%23|title:Shop%20Now||&#8221;][\/vc_column][\/vc_row][vc_row el_class=&#8221;mt85 mt30-md&#8221;][vc_column][vc_custom_heading title_font_size=&#8221;fs36&#8243; text=&#8221;Featured [&hellip;]<\/p>\n","protected":false},"author":2,"featured_media":0,"parent":0,"menu_order":0,"comment_status":"closed","ping_status":"closed","template":"","meta":{"footnotes":""},"categories":[],"tags":[],"class_list":["post-3617","page","type-page","status-publish","hentry"],"yoast_head":"<!-- This site is optimized with the Yoast SEO plugin v27.2 - https:\/\/yoast.com\/product\/yoast-seo-wordpress\/ -->\n<title>Home2 &#8211; GR1993 Records<\/title>\n<meta name=\"robots\" content=\"index, follow, max-snippet:-1, max-image-preview:large, max-video-preview:-1\" \/>\n<link rel=\"canonical\" href=\"https:\/\/gr1993records.com\/index.php\/home2\/\" \/>\n<meta property=\"og:locale\" content=\"hu_HU\" \/>\n<meta property=\"og:type\" content=\"article\" \/>\n<meta property=\"og:title\" content=\"Home2 &#8211; GR1993 Records\" \/>\n<meta property=\"og:description\" content=\"[vc_row full_width=&#8221;stretch_row_content_no_spaces&#8221;][vc_column][\/vc_column][\/vc_row][vc_row full_width=&#8221;stretch_row_content_no_spaces&#8221;][vc_column width=&#8221;1\/2&#8243; css=&#8221;.vc_custom_1547355803862{padding-right: 15px !important;}&#8221;][vc_custom_heading type=&#8221;custom_banner&#8221; title_position=&#8221;right-center&#8221; hover_effect=&#8221;h_e1&#8243; hover_shine=&#8221;h_e2&#8243; title_font_size=&#8221;fs48&#8243; sub_title_font_size=&#8221;fs36&#8243; below_title=&#8221;yes&#8221; bellow_title_font_size=&#8221;fs100&#8243; sub_title_before=&#8221;yes&#8221; banner_btn=&#8221;line_button&#8221; text=&#8221;Get 50% Off Every&#8221; font_container=&#8221;tag:div|text_align:left&#8221; use_theme_fonts=&#8221;yes&#8221; image=&#8221;4375&#8243; sub_title=&#8221;Women Collection&#8221; link=&#8221;url:%23|title:Shop%20Now||&#8221;][\/vc_column][vc_column width=&#8221;1\/2&#8243; css=&#8221;.vc_custom_1547355811550{padding-left: 15px !important;}&#8221;][vc_custom_heading type=&#8221;custom_banner&#8221; title_position=&#8221;left-center&#8221; hover_effect=&#8221;h_e1&#8243; hover_shine=&#8221;h_e2&#8243; title_font_size=&#8221;fs48&#8243; sub_title_font_size=&#8221;fs36&#8243; below_title=&#8221;yes&#8221; bellow_title_font_size=&#8221;fs100&#8243; sub_title_before=&#8221;yes&#8221; banner_btn=&#8221;line_button&#8221; text=&#8221;Get 50% Off Every&#8221; font_container=&#8221;tag:div|text_align:left&#8221; use_theme_fonts=&#8221;yes&#8221; image=&#8221;4376&#8243; sub_title=&#8221;Men Collection&#8221; link=&#8221;url:%23|title:Shop%20Now||&#8221;][\/vc_column][\/vc_row][vc_row el_class=&#8221;mt85 mt30-md&#8221;][vc_column][vc_custom_heading title_font_size=&#8221;fs36&#8243; text=&#8221;Featured [&hellip;]\" \/>\n<meta property=\"og:url\" content=\"https:\/\/gr1993records.com\/index.php\/home2\/\" \/>\n<meta property=\"og:site_name\" content=\"GR1993 Records\" \/>\n<meta property=\"article:publisher\" content=\"https:\/\/www.facebook.com\/GR1993Records-113564886691383\/\" \/>\n<meta property=\"article:modified_time\" content=\"2019-08-10T14:37:52+00:00\" \/>\n<meta name=\"twitter:card\" content=\"summary_large_image\" \/>\n<meta name=\"twitter:label1\" content=\"Becs\u00fclt olvas\u00e1si id\u0151\" \/>\n\t<meta name=\"twitter:data1\" content=\"3 perc\" \/>\n<script type=\"application\/ld+json\" class=\"yoast-schema-graph\">{\"@context\":\"https:\/\/schema.org\",\"@graph\":[{\"@type\":\"WebPage\",\"@id\":\"https:\/\/gr1993records.com\/index.php\/home2\/\",\"url\":\"https:\/\/gr1993records.com\/index.php\/home2\/\",\"name\":\"Home2 &#8211; GR1993 Records\",\"isPartOf\":{\"@id\":\"https:\/\/gr1993records.com\/#website\"},\"datePublished\":\"2019-01-01T09:53:54+00:00\",\"dateModified\":\"2019-08-10T14:37:52+00:00\",\"breadcrumb\":{\"@id\":\"https:\/\/gr1993records.com\/index.php\/home2\/#breadcrumb\"},\"inLanguage\":\"hu\",\"potentialAction\":[{\"@type\":\"ReadAction\",\"target\":[\"https:\/\/gr1993records.com\/index.php\/home2\/\"]}]},{\"@type\":\"BreadcrumbList\",\"@id\":\"https:\/\/gr1993records.com\/index.php\/home2\/#breadcrumb\",\"itemListElement\":[{\"@type\":\"ListItem\",\"position\":1,\"name\":\"Home\",\"item\":\"https:\/\/gr1993records.com\/\"},{\"@type\":\"ListItem\",\"position\":2,\"name\":\"Home2\"}]},{\"@type\":\"WebSite\",\"@id\":\"https:\/\/gr1993records.com\/#website\",\"url\":\"https:\/\/gr1993records.com\/\",\"name\":\"GR1993 Records\",\"description\":\"\",\"publisher\":{\"@id\":\"https:\/\/gr1993records.com\/#organization\"},\"potentialAction\":[{\"@type\":\"SearchAction\",\"target\":{\"@type\":\"EntryPoint\",\"urlTemplate\":\"https:\/\/gr1993records.com\/?s={search_term_string}\"},\"query-input\":{\"@type\":\"PropertyValueSpecification\",\"valueRequired\":true,\"valueName\":\"search_term_string\"}}],\"inLanguage\":\"hu\"},{\"@type\":\"Organization\",\"@id\":\"https:\/\/gr1993records.com\/#organization\",\"name\":\"Gramy-H Ltd.\",\"url\":\"https:\/\/gr1993records.com\/\",\"logo\":{\"@type\":\"ImageObject\",\"inLanguage\":\"hu\",\"@id\":\"https:\/\/gr1993records.com\/#\/schema\/logo\/image\/\",\"url\":\"https:\/\/gr1993records.com\/wp-content\/uploads\/2019\/08\/GR1993_Records_logo_CC.png\",\"contentUrl\":\"https:\/\/gr1993records.com\/wp-content\/uploads\/2019\/08\/GR1993_Records_logo_CC.png\",\"width\":2900,\"height\":2001,\"caption\":\"Gramy-H Ltd.\"},\"image\":{\"@id\":\"https:\/\/gr1993records.com\/#\/schema\/logo\/image\/\"},\"sameAs\":[\"https:\/\/www.facebook.com\/GR1993Records-113564886691383\/\"]}]}<\/script>\n<!-- \/ Yoast SEO plugin. -->","yoast_head_json":{"title":"Home2 &#8211; GR1993 Records","robots":{"index":"index","follow":"follow","max-snippet":"max-snippet:-1","max-image-preview":"max-image-preview:large","max-video-preview":"max-video-preview:-1"},"canonical":"https:\/\/gr1993records.com\/index.php\/home2\/","og_locale":"hu_HU","og_type":"article","og_title":"Home2 &#8211; GR1993 Records","og_description":"[vc_row full_width=&#8221;stretch_row_content_no_spaces&#8221;][vc_column][\/vc_column][\/vc_row][vc_row full_width=&#8221;stretch_row_content_no_spaces&#8221;][vc_column width=&#8221;1\/2&#8243; css=&#8221;.vc_custom_1547355803862{padding-right: 15px !important;}&#8221;][vc_custom_heading type=&#8221;custom_banner&#8221; title_position=&#8221;right-center&#8221; hover_effect=&#8221;h_e1&#8243; hover_shine=&#8221;h_e2&#8243; title_font_size=&#8221;fs48&#8243; sub_title_font_size=&#8221;fs36&#8243; below_title=&#8221;yes&#8221; bellow_title_font_size=&#8221;fs100&#8243; sub_title_before=&#8221;yes&#8221; banner_btn=&#8221;line_button&#8221; text=&#8221;Get 50% Off Every&#8221; font_container=&#8221;tag:div|text_align:left&#8221; use_theme_fonts=&#8221;yes&#8221; image=&#8221;4375&#8243; sub_title=&#8221;Women Collection&#8221; link=&#8221;url:%23|title:Shop%20Now||&#8221;][\/vc_column][vc_column width=&#8221;1\/2&#8243; css=&#8221;.vc_custom_1547355811550{padding-left: 15px !important;}&#8221;][vc_custom_heading type=&#8221;custom_banner&#8221; title_position=&#8221;left-center&#8221; hover_effect=&#8221;h_e1&#8243; hover_shine=&#8221;h_e2&#8243; title_font_size=&#8221;fs48&#8243; sub_title_font_size=&#8221;fs36&#8243; below_title=&#8221;yes&#8221; bellow_title_font_size=&#8221;fs100&#8243; sub_title_before=&#8221;yes&#8221; banner_btn=&#8221;line_button&#8221; text=&#8221;Get 50% Off Every&#8221; font_container=&#8221;tag:div|text_align:left&#8221; use_theme_fonts=&#8221;yes&#8221; image=&#8221;4376&#8243; sub_title=&#8221;Men Collection&#8221; link=&#8221;url:%23|title:Shop%20Now||&#8221;][\/vc_column][\/vc_row][vc_row el_class=&#8221;mt85 mt30-md&#8221;][vc_column][vc_custom_heading title_font_size=&#8221;fs36&#8243; text=&#8221;Featured [&hellip;]","og_url":"https:\/\/gr1993records.com\/index.php\/home2\/","og_site_name":"GR1993 Records","article_publisher":"https:\/\/www.facebook.com\/GR1993Records-113564886691383\/","article_modified_time":"2019-08-10T14:37:52+00:00","twitter_card":"summary_large_image","twitter_misc":{"Becs\u00fclt olvas\u00e1si id\u0151":"3 perc"},"schema":{"@context":"https:\/\/schema.org","@graph":[{"@type":"WebPage","@id":"https:\/\/gr1993records.com\/index.php\/home2\/","url":"https:\/\/gr1993records.com\/index.php\/home2\/","name":"Home2 &#8211; GR1993 Records","isPartOf":{"@id":"https:\/\/gr1993records.com\/#website"},"datePublished":"2019-01-01T09:53:54+00:00","dateModified":"2019-08-10T14:37:52+00:00","breadcrumb":{"@id":"https:\/\/gr1993records.com\/index.php\/home2\/#breadcrumb"},"inLanguage":"hu","potentialAction":[{"@type":"ReadAction","target":["https:\/\/gr1993records.com\/index.php\/home2\/"]}]},{"@type":"BreadcrumbList","@id":"https:\/\/gr1993records.com\/index.php\/home2\/#breadcrumb","itemListElement":[{"@type":"ListItem","position":1,"name":"Home","item":"https:\/\/gr1993records.com\/"},{"@type":"ListItem","position":2,"name":"Home2"}]},{"@type":"WebSite","@id":"https:\/\/gr1993records.com\/#website","url":"https:\/\/gr1993records.com\/","name":"GR1993 Records","description":"","publisher":{"@id":"https:\/\/gr1993records.com\/#organization"},"potentialAction":[{"@type":"SearchAction","target":{"@type":"EntryPoint","urlTemplate":"https:\/\/gr1993records.com\/?s={search_term_string}"},"query-input":{"@type":"PropertyValueSpecification","valueRequired":true,"valueName":"search_term_string"}}],"inLanguage":"hu"},{"@type":"Organization","@id":"https:\/\/gr1993records.com\/#organization","name":"Gramy-H Ltd.","url":"https:\/\/gr1993records.com\/","logo":{"@type":"ImageObject","inLanguage":"hu","@id":"https:\/\/gr1993records.com\/#\/schema\/logo\/image\/","url":"https:\/\/gr1993records.com\/wp-content\/uploads\/2019\/08\/GR1993_Records_logo_CC.png","contentUrl":"https:\/\/gr1993records.com\/wp-content\/uploads\/2019\/08\/GR1993_Records_logo_CC.png","width":2900,"height":2001,"caption":"Gramy-H Ltd."},"image":{"@id":"https:\/\/gr1993records.com\/#\/schema\/logo\/image\/"},"sameAs":["https:\/\/www.facebook.com\/GR1993Records-113564886691383\/"]}]}},"jetpack_sharing_enabled":true,"_links":{"self":[{"href":"https:\/\/gr1993records.com\/index.php\/wp-json\/wp\/v2\/pages\/3617","targetHints":{"allow":["GET"]}}],"collection":[{"href":"https:\/\/gr1993records.com\/index.php\/wp-json\/wp\/v2\/pages"}],"about":[{"href":"https:\/\/gr1993records.com\/index.php\/wp-json\/wp\/v2\/types\/page"}],"author":[{"embeddable":true,"href":"https:\/\/gr1993records.com\/index.php\/wp-json\/wp\/v2\/users\/2"}],"replies":[{"embeddable":true,"href":"https:\/\/gr1993records.com\/index.php\/wp-json\/wp\/v2\/comments?post=3617"}],"version-history":[{"count":1,"href":"https:\/\/gr1993records.com\/index.php\/wp-json\/wp\/v2\/pages\/3617\/revisions"}],"predecessor-version":[{"id":4587,"href":"https:\/\/gr1993records.com\/index.php\/wp-json\/wp\/v2\/pages\/3617\/revisions\/4587"}],"wp:attachment":[{"href":"https:\/\/gr1993records.com\/index.php\/wp-json\/wp\/v2\/media?parent=3617"}],"wp:term":[{"taxonomy":"category","embeddable":true,"href":"https:\/\/gr1993records.com\/index.php\/wp-json\/wp\/v2\/categories?post=3617"},{"taxonomy":"post_tag","embeddable":true,"href":"https:\/\/gr1993records.com\/index.php\/wp-json\/wp\/v2\/tags?post=3617"}],"curies":[{"name":"wp","href":"https:\/\/api.w.org\/{rel}","templated":true}]}}