{"id":3452,"date":"2018-12-17T07:57:52","date_gmt":"2018-12-17T07:57:52","guid":{"rendered":"http:\/\/localhost\/woomega\/?page_id=3452"},"modified":"2018-12-17T07:57:52","modified_gmt":"2018-12-17T07:57:52","slug":"contact-us","status":"publish","type":"page","link":"https:\/\/gr1993records.com\/contact-us\/","title":{"rendered":"Contact Us"},"content":{"rendered":"<p>[vc_row][vc_column][vc_custom_heading title_font_size=&#8221;fs36&#8243; text=&#8221;Our Addresses&#8221; font_container=&#8221;tag:h2|text_align:center&#8221; use_theme_fonts=&#8221;yes&#8221; sub_title=&#8221;Here are our contact details and location.&#8221;][\/vc_column][\/vc_row][vc_row el_class=&#8221;mt30 mt0-md mb85 mb30-md&#8221;][vc_column width=&#8221;1\/3&#8243;][contact_address location=&#8221;New York Office&#8221; address=&#8221;5078 Jensen, Port, WV 73505&#8243; email=&#8221;woomega@gmail.com&#8221;][\/vc_column][vc_column width=&#8221;1\/3&#8243;][contact_address location=&#8221;Great Britain&#8221; address=&#8221;0 Emily Club, New Tina, V6 6ZH&#8221; mobile=&#8221;+4 234-567-8902&#8243; email=&#8221;woomega@email.com&#8221;][\/vc_column][vc_column width=&#8221;1\/3&#8243;][contact_address location=&#8221;Netherlands&#8221; address=&#8221;Kleine Pierboulevard 2249 KV Vries&#8221; email=&#8221;woomega@email.com&#8221;][\/vc_column][\/vc_row][vc_row full_width=&#8221;stretch_row_content_no_spaces&#8221;][vc_column][pikoworks_google_map map_style=&#8221;classic&#8221; embed_map=&#8221;https:\/\/www.google.com\/maps\/embed?pb=!1m14!1m8!1m3!1d788.1648622351419!2d-122.430048!3d37.79802!3m2!1i1024!2i768!4f13.1!3m3!1m2!1s0x0%3A0xdb70ec1a7826af14!2sLimage+Computer+Products!5e0!3m2!1sen!2sbd!4v1551508825848&#8243; style=&#8221;&#96;&#96;border: 0&#96;&#96;;&#8221; src=&#8221;&#96;&#96;https:\/\/www.google.com\/maps\/embed?pb=!1m18!1m12!1m3!1d1580.1372079739906!2d-77.64241538738045!3d37.619232371548215!2m3!1f0!2f0!3f0!3m2!1i1024!2i768!4f13.1!3m3!1m2!1s0x89b16bcdb3842c45%3A0xfb8456b8f404fcd9!2sMilhaven+Dr%2C+Tuckahoe%2C+VA+23238%2C+USA!5e0!3m2!1sen!2sbd!4v1545051494074&#96;&#96;&#8221; width=&#8221;&#96;&#96;100%&#96;&#96;&#8221; height=&#8221;&#96;&#96;100%&#96;&#96;&#8221; frameborder=&#8221;&#96;&#96;0&#96;&#96;&#8221;][\/vc_column][\/vc_row]<\/p>\n","protected":false},"excerpt":{"rendered":"<p>[vc_row][vc_column][vc_custom_heading title_font_size=&#8221;fs36&#8243; text=&#8221;Our Addresses&#8221; font_container=&#8221;tag:h2|text_align:center&#8221; use_theme_fonts=&#8221;yes&#8221; sub_title=&#8221;Here are our contact details and location.&#8221;][\/vc_column][\/vc_row][vc_row el_class=&#8221;mt30 mt0-md mb85 mb30-md&#8221;][vc_column width=&#8221;1\/3&#8243;][contact_address location=&#8221;New York Office&#8221; address=&#8221;5078 Jensen, Port, WV 73505&#8243; email=&#8221;woomega@gmail.com&#8221;][\/vc_column][vc_column width=&#8221;1\/3&#8243;][contact_address location=&#8221;Great Britain&#8221; address=&#8221;0 Emily Club, New Tina, V6 6ZH&#8221; mobile=&#8221;+4 234-567-8902&#8243; email=&#8221;woomega@email.com&#8221;][\/vc_column][vc_column width=&#8221;1\/3&#8243;][contact_address location=&#8221;Netherlands&#8221; address=&#8221;Kleine Pierboulevard 2249 KV Vries&#8221; email=&#8221;woomega@email.com&#8221;][\/vc_column][\/vc_row][vc_row full_width=&#8221;stretch_row_content_no_spaces&#8221;][vc_column][pikoworks_google_map map_style=&#8221;classic&#8221; embed_map=&#8221;https:\/\/www.google.com\/maps\/embed?pb=!1m14!1m8!1m3!1d788.1648622351419!2d-122.430048!3d37.79802!3m2!1i1024!2i768!4f13.1!3m3!1m2!1s0x0%3A0xdb70ec1a7826af14!2sLimage+Computer+Products!5e0!3m2!1sen!2sbd!4v1551508825848&#8243; style=&#8221;&#96;&#96;border: 0&#96;&#96;;&#8221; src=&#8221;&#96;&#96;https:\/\/www.google.com\/maps\/embed?pb=!1m18!1m12!1m3!1d1580.1372079739906!2d-77.64241538738045!3d37.619232371548215!2m3!1f0!2f0!3f0!3m2!1i1024!2i768!4f13.1!3m3!1m2!1s0x89b16bcdb3842c45%3A0xfb8456b8f404fcd9!2sMilhaven+Dr%2C+Tuckahoe%2C+VA+23238%2C+USA!5e0!3m2!1sen!2sbd!4v1545051494074&#96;&#96;&#8221; width=&#8221;&#96;&#96;100%&#96;&#96;&#8221; [&hellip;]<\/p>\n","protected":false},"author":2,"featured_media":0,"parent":0,"menu_order":0,"comment_status":"closed","ping_status":"closed","template":"","meta":{"footnotes":""},"categories":[],"tags":[],"class_list":["post-3452","page","type-page","status-publish","hentry"],"yoast_head":"<!-- This site is optimized with the Yoast SEO plugin v27.4 - https:\/\/yoast.com\/product\/yoast-seo-wordpress\/ -->\n<title>Contact Us &#8211; GR1993 Records<\/title>\n<meta name=\"robots\" content=\"index, follow, max-snippet:-1, max-image-preview:large, max-video-preview:-1\" \/>\n<link rel=\"canonical\" href=\"https:\/\/gr1993records.com\/contact-us\/\" \/>\n<meta property=\"og:locale\" content=\"hu_HU\" \/>\n<meta property=\"og:type\" content=\"article\" \/>\n<meta property=\"og:title\" content=\"Contact Us &#8211; GR1993 Records\" \/>\n<meta property=\"og:description\" content=\"[vc_row][vc_column][vc_custom_heading title_font_size=&#8221;fs36&#8243; text=&#8221;Our Addresses&#8221; font_container=&#8221;tag:h2|text_align:center&#8221; use_theme_fonts=&#8221;yes&#8221; sub_title=&#8221;Here are our contact details and location.&#8221;][\/vc_column][\/vc_row][vc_row el_class=&#8221;mt30 mt0-md mb85 mb30-md&#8221;][vc_column width=&#8221;1\/3&#8243;][contact_address location=&#8221;New York Office&#8221; address=&#8221;5078 Jensen, Port, WV 73505&#8243; email=&#8221;woomega@gmail.com&#8221;][\/vc_column][vc_column width=&#8221;1\/3&#8243;][contact_address location=&#8221;Great Britain&#8221; address=&#8221;0 Emily Club, New Tina, V6 6ZH&#8221; mobile=&#8221;+4 234-567-8902&#8243; email=&#8221;woomega@email.com&#8221;][\/vc_column][vc_column width=&#8221;1\/3&#8243;][contact_address location=&#8221;Netherlands&#8221; address=&#8221;Kleine Pierboulevard 2249 KV Vries&#8221; email=&#8221;woomega@email.com&#8221;][\/vc_column][\/vc_row][vc_row full_width=&#8221;stretch_row_content_no_spaces&#8221;][vc_column][pikoworks_google_map map_style=&#8221;classic&#8221; embed_map=&#8221;https:\/\/www.google.com\/maps\/embed?pb=!1m14!1m8!1m3!1d788.1648622351419!2d-122.430048!3d37.79802!3m2!1i1024!2i768!4f13.1!3m3!1m2!1s0x0%3A0xdb70ec1a7826af14!2sLimage+Computer+Products!5e0!3m2!1sen!2sbd!4v1551508825848&#8243; style=&#8221;&#096;&#096;border: 0&#096;&#096;;&#8221; src=&#8221;&#096;&#096;https:\/\/www.google.com\/maps\/embed?pb=!1m18!1m12!1m3!1d1580.1372079739906!2d-77.64241538738045!3d37.619232371548215!2m3!1f0!2f0!3f0!3m2!1i1024!2i768!4f13.1!3m3!1m2!1s0x89b16bcdb3842c45%3A0xfb8456b8f404fcd9!2sMilhaven+Dr%2C+Tuckahoe%2C+VA+23238%2C+USA!5e0!3m2!1sen!2sbd!4v1545051494074&#096;&#096;&#8221; width=&#8221;&#096;&#096;100%&#096;&#096;&#8221; [&hellip;]\" \/>\n<meta property=\"og:url\" content=\"https:\/\/gr1993records.com\/contact-us\/\" \/>\n<meta property=\"og:site_name\" content=\"GR1993 Records\" \/>\n<meta property=\"article:publisher\" content=\"https:\/\/www.facebook.com\/GR1993Records-113564886691383\/\" \/>\n<meta name=\"twitter:card\" content=\"summary_large_image\" \/>\n<meta name=\"twitter:label1\" content=\"Becs\u00fclt olvas\u00e1si id\u0151\" \/>\n\t<meta name=\"twitter:data1\" content=\"1 perc\" \/>\n<script type=\"application\/ld+json\" class=\"yoast-schema-graph\">{\"@context\":\"https:\\\/\\\/schema.org\",\"@graph\":[{\"@type\":\"WebPage\",\"@id\":\"https:\\\/\\\/gr1993records.com\\\/contact-us\\\/\",\"url\":\"https:\\\/\\\/gr1993records.com\\\/contact-us\\\/\",\"name\":\"Contact Us &#8211; GR1993 Records\",\"isPartOf\":{\"@id\":\"https:\\\/\\\/gr1993records.com\\\/#website\"},\"datePublished\":\"2018-12-17T07:57:52+00:00\",\"breadcrumb\":{\"@id\":\"https:\\\/\\\/gr1993records.com\\\/contact-us\\\/#breadcrumb\"},\"inLanguage\":\"hu\",\"potentialAction\":[{\"@type\":\"ReadAction\",\"target\":[\"https:\\\/\\\/gr1993records.com\\\/contact-us\\\/\"]}]},{\"@type\":\"BreadcrumbList\",\"@id\":\"https:\\\/\\\/gr1993records.com\\\/contact-us\\\/#breadcrumb\",\"itemListElement\":[{\"@type\":\"ListItem\",\"position\":1,\"name\":\"Home\",\"item\":\"https:\\\/\\\/gr1993records.com\\\/?lang=en\"},{\"@type\":\"ListItem\",\"position\":2,\"name\":\"Contact Us\"}]},{\"@type\":\"WebSite\",\"@id\":\"https:\\\/\\\/gr1993records.com\\\/#website\",\"url\":\"https:\\\/\\\/gr1993records.com\\\/\",\"name\":\"GR1993 Records\",\"description\":\"\",\"publisher\":{\"@id\":\"https:\\\/\\\/gr1993records.com\\\/#organization\"},\"potentialAction\":[{\"@type\":\"SearchAction\",\"target\":{\"@type\":\"EntryPoint\",\"urlTemplate\":\"https:\\\/\\\/gr1993records.com\\\/?s={search_term_string}\"},\"query-input\":{\"@type\":\"PropertyValueSpecification\",\"valueRequired\":true,\"valueName\":\"search_term_string\"}}],\"inLanguage\":\"hu\"},{\"@type\":\"Organization\",\"@id\":\"https:\\\/\\\/gr1993records.com\\\/#organization\",\"name\":\"Gramy-H Ltd.\",\"url\":\"https:\\\/\\\/gr1993records.com\\\/\",\"logo\":{\"@type\":\"ImageObject\",\"inLanguage\":\"hu\",\"@id\":\"https:\\\/\\\/gr1993records.com\\\/#\\\/schema\\\/logo\\\/image\\\/\",\"url\":\"https:\\\/\\\/gr1993records.com\\\/wp-content\\\/uploads\\\/2019\\\/08\\\/GR1993_Records_logo_CC.png\",\"contentUrl\":\"https:\\\/\\\/gr1993records.com\\\/wp-content\\\/uploads\\\/2019\\\/08\\\/GR1993_Records_logo_CC.png\",\"width\":2900,\"height\":2001,\"caption\":\"Gramy-H Ltd.\"},\"image\":{\"@id\":\"https:\\\/\\\/gr1993records.com\\\/#\\\/schema\\\/logo\\\/image\\\/\"},\"sameAs\":[\"https:\\\/\\\/www.facebook.com\\\/GR1993Records-113564886691383\\\/\"]}]}<\/script>\n<!-- \/ Yoast SEO plugin. -->","yoast_head_json":{"title":"Contact Us &#8211; GR1993 Records","robots":{"index":"index","follow":"follow","max-snippet":"max-snippet:-1","max-image-preview":"max-image-preview:large","max-video-preview":"max-video-preview:-1"},"canonical":"https:\/\/gr1993records.com\/contact-us\/","og_locale":"hu_HU","og_type":"article","og_title":"Contact Us &#8211; GR1993 Records","og_description":"[vc_row][vc_column][vc_custom_heading title_font_size=&#8221;fs36&#8243; text=&#8221;Our Addresses&#8221; font_container=&#8221;tag:h2|text_align:center&#8221; use_theme_fonts=&#8221;yes&#8221; sub_title=&#8221;Here are our contact details and location.&#8221;][\/vc_column][\/vc_row][vc_row el_class=&#8221;mt30 mt0-md mb85 mb30-md&#8221;][vc_column width=&#8221;1\/3&#8243;][contact_address location=&#8221;New York Office&#8221; address=&#8221;5078 Jensen, Port, WV 73505&#8243; email=&#8221;woomega@gmail.com&#8221;][\/vc_column][vc_column width=&#8221;1\/3&#8243;][contact_address location=&#8221;Great Britain&#8221; address=&#8221;0 Emily Club, New Tina, V6 6ZH&#8221; mobile=&#8221;+4 234-567-8902&#8243; email=&#8221;woomega@email.com&#8221;][\/vc_column][vc_column width=&#8221;1\/3&#8243;][contact_address location=&#8221;Netherlands&#8221; address=&#8221;Kleine Pierboulevard 2249 KV Vries&#8221; email=&#8221;woomega@email.com&#8221;][\/vc_column][\/vc_row][vc_row full_width=&#8221;stretch_row_content_no_spaces&#8221;][vc_column][pikoworks_google_map map_style=&#8221;classic&#8221; embed_map=&#8221;https:\/\/www.google.com\/maps\/embed?pb=!1m14!1m8!1m3!1d788.1648622351419!2d-122.430048!3d37.79802!3m2!1i1024!2i768!4f13.1!3m3!1m2!1s0x0%3A0xdb70ec1a7826af14!2sLimage+Computer+Products!5e0!3m2!1sen!2sbd!4v1551508825848&#8243; style=&#8221;&#96;&#96;border: 0&#96;&#96;;&#8221; src=&#8221;&#96;&#96;https:\/\/www.google.com\/maps\/embed?pb=!1m18!1m12!1m3!1d1580.1372079739906!2d-77.64241538738045!3d37.619232371548215!2m3!1f0!2f0!3f0!3m2!1i1024!2i768!4f13.1!3m3!1m2!1s0x89b16bcdb3842c45%3A0xfb8456b8f404fcd9!2sMilhaven+Dr%2C+Tuckahoe%2C+VA+23238%2C+USA!5e0!3m2!1sen!2sbd!4v1545051494074&#96;&#96;&#8221; width=&#8221;&#96;&#96;100%&#96;&#96;&#8221; [&hellip;]","og_url":"https:\/\/gr1993records.com\/contact-us\/","og_site_name":"GR1993 Records","article_publisher":"https:\/\/www.facebook.com\/GR1993Records-113564886691383\/","twitter_card":"summary_large_image","twitter_misc":{"Becs\u00fclt olvas\u00e1si id\u0151":"1 perc"},"schema":{"@context":"https:\/\/schema.org","@graph":[{"@type":"WebPage","@id":"https:\/\/gr1993records.com\/contact-us\/","url":"https:\/\/gr1993records.com\/contact-us\/","name":"Contact Us &#8211; GR1993 Records","isPartOf":{"@id":"https:\/\/gr1993records.com\/#website"},"datePublished":"2018-12-17T07:57:52+00:00","breadcrumb":{"@id":"https:\/\/gr1993records.com\/contact-us\/#breadcrumb"},"inLanguage":"hu","potentialAction":[{"@type":"ReadAction","target":["https:\/\/gr1993records.com\/contact-us\/"]}]},{"@type":"BreadcrumbList","@id":"https:\/\/gr1993records.com\/contact-us\/#breadcrumb","itemListElement":[{"@type":"ListItem","position":1,"name":"Home","item":"https:\/\/gr1993records.com\/?lang=en"},{"@type":"ListItem","position":2,"name":"Contact Us"}]},{"@type":"WebSite","@id":"https:\/\/gr1993records.com\/#website","url":"https:\/\/gr1993records.com\/","name":"GR1993 Records","description":"","publisher":{"@id":"https:\/\/gr1993records.com\/#organization"},"potentialAction":[{"@type":"SearchAction","target":{"@type":"EntryPoint","urlTemplate":"https:\/\/gr1993records.com\/?s={search_term_string}"},"query-input":{"@type":"PropertyValueSpecification","valueRequired":true,"valueName":"search_term_string"}}],"inLanguage":"hu"},{"@type":"Organization","@id":"https:\/\/gr1993records.com\/#organization","name":"Gramy-H Ltd.","url":"https:\/\/gr1993records.com\/","logo":{"@type":"ImageObject","inLanguage":"hu","@id":"https:\/\/gr1993records.com\/#\/schema\/logo\/image\/","url":"https:\/\/gr1993records.com\/wp-content\/uploads\/2019\/08\/GR1993_Records_logo_CC.png","contentUrl":"https:\/\/gr1993records.com\/wp-content\/uploads\/2019\/08\/GR1993_Records_logo_CC.png","width":2900,"height":2001,"caption":"Gramy-H Ltd."},"image":{"@id":"https:\/\/gr1993records.com\/#\/schema\/logo\/image\/"},"sameAs":["https:\/\/www.facebook.com\/GR1993Records-113564886691383\/"]}]}},"jetpack_sharing_enabled":true,"_links":{"self":[{"href":"https:\/\/gr1993records.com\/wp-json\/wp\/v2\/pages\/3452","targetHints":{"allow":["GET"]}}],"collection":[{"href":"https:\/\/gr1993records.com\/wp-json\/wp\/v2\/pages"}],"about":[{"href":"https:\/\/gr1993records.com\/wp-json\/wp\/v2\/types\/page"}],"author":[{"embeddable":true,"href":"https:\/\/gr1993records.com\/wp-json\/wp\/v2\/users\/2"}],"replies":[{"embeddable":true,"href":"https:\/\/gr1993records.com\/wp-json\/wp\/v2\/comments?post=3452"}],"version-history":[{"count":0,"href":"https:\/\/gr1993records.com\/wp-json\/wp\/v2\/pages\/3452\/revisions"}],"wp:attachment":[{"href":"https:\/\/gr1993records.com\/wp-json\/wp\/v2\/media?parent=3452"}],"wp:term":[{"taxonomy":"category","embeddable":true,"href":"https:\/\/gr1993records.com\/wp-json\/wp\/v2\/categories?post=3452"},{"taxonomy":"post_tag","embeddable":true,"href":"https:\/\/gr1993records.com\/wp-json\/wp\/v2\/tags?post=3452"}],"curies":[{"name":"wp","href":"https:\/\/api.w.org\/{rel}","templated":true}]}}